{"id":927,"date":"2018-03-14T08:28:07","date_gmt":"2018-03-14T08:28:07","guid":{"rendered":"http:\/\/www.mecamaster.com\/mm\/?page_id=927"},"modified":"2018-03-15T10:00:27","modified_gmt":"2018-03-15T10:00:27","slug":"a-propos","status":"publish","type":"page","link":"https:\/\/www.mecamaster.com\/mm\/fr\/a-propos\/","title":{"rendered":"A propos"},"content":{"rendered":"\t\t<div data-elementor-type=\"wp-page\" data-elementor-id=\"927\" class=\"elementor elementor-927 elementor-bc-flex-widget\">\n\t\t\t\t\t\t<section class=\"elementor-section elementor-top-section elementor-element elementor-element-zd0h9m8 elementor-section-boxed elementor-section-height-default elementor-section-height-default\" data-id=\"zd0h9m8\" data-element_type=\"section\">\n\t\t\t\t\t\t<div class=\"elementor-container elementor-column-gap-default\">\n\t\t\t\t\t<div class=\"elementor-column elementor-col-50 elementor-top-column elementor-element elementor-element-yxbujrn\" data-id=\"yxbujrn\" data-element_type=\"column\">\n\t\t\t<div class=\"elementor-widget-wrap elementor-element-populated\">\n\t\t\t\t\t\t<div class=\"elementor-element elementor-element-a89c515 elementor-widget elementor-widget-google_maps\" data-id=\"a89c515\" data-element_type=\"widget\" data-widget_type=\"google_maps.default\">\n\t\t\t\t<div class=\"elementor-widget-container\">\n\t\t\t\t\t<div class=\"elementor-custom-embed\">\n\t\t\t<iframe loading=\"lazy\"\n\t\t\t\t\tsrc=\"https:\/\/maps.google.com\/maps?q=MECAmaster%20SARL%2C%2064%20chemin%20des%20mouilles%2069134%20ECULLY%20CEDEX&#038;t=m&#038;z=5&#038;output=embed&#038;iwloc=near\"\n\t\t\t\t\ttitle=\"MECAmaster SARL, 64 chemin des mouilles 69134 ECULLY CEDEX\"\n\t\t\t\t\taria-label=\"MECAmaster SARL, 64 chemin des mouilles 69134 ECULLY CEDEX\"\n\t\t\t><\/iframe>\n\t\t<\/div>\n\t\t\t\t<\/div>\n\t\t\t\t<\/div>\n\t\t\t\t\t<\/div>\n\t\t<\/div>\n\t\t\t\t<div class=\"elementor-column elementor-col-50 elementor-top-column elementor-element elementor-element-4mjxzoc\" data-id=\"4mjxzoc\" data-element_type=\"column\">\n\t\t\t<div class=\"elementor-widget-wrap elementor-element-populated\">\n\t\t\t\t\t\t<div class=\"elementor-element elementor-element-s9rvfb6 elementor-widget elementor-widget-text-editor\" data-id=\"s9rvfb6\" data-element_type=\"widget\" data-widget_type=\"text-editor.default\">\n\t\t\t\t<div class=\"elementor-widget-container\">\n\t\t\t\t\t\t\t<h2>Qui sommes nous<\/h2><p><span style=\"font-size: 16px; color: inherit; font-family: inherit;\">Compos\u00e9e majoritairement d&#8217;ing\u00e9nieurs m\u00e9caniciens MECAmaster SARL fournit des outils performants \u00e0 destination des Bureaux d&#8217;Etudes depuis plus de 20 ans dans ses domaines d&#8217;expertise d&#8217;analyse et de simulation de Tol\u00e9rances 3D et d&#8217;Efforts 3D.<\/span><\/p><p>MECAmaster SARL contr\u00f4le l&#8217;ensemble du processus, de la sp\u00e9cification logicielle au d\u00e9ploiement chez le client, le developpement, le marketing, la vente, la formation, le support (&#8230;) pour une r\u00e9activit\u00e9 optimale.<\/p><p>La soci\u00e9t\u00e9 est ind\u00e9pendante, dot\u00e9e d&#8217;un capital solide, contr\u00f4lant totalement sa strat\u00e9gie et de son \u00e9volution future. Elle s&#8217;appuie sur des clients et des partenaires majeurs.<\/p><p>MECAmaster SARL est implant\u00e9e \u00e0 ECULLY, \u00e0 proximit\u00e9 de LYON, en FRANCE.<\/p>\t\t\t\t\t\t<\/div>\n\t\t\t\t<\/div>\n\t\t\t\t\t<\/div>\n\t\t<\/div>\n\t\t\t\t\t<\/div>\n\t\t<\/section>\n\t\t\t\t<section class=\"elementor-section elementor-top-section elementor-element elementor-element-i36dsi6 elementor-section-boxed elementor-section-height-default elementor-section-height-default\" data-id=\"i36dsi6\" data-element_type=\"section\">\n\t\t\t\t\t\t<div class=\"elementor-container elementor-column-gap-default\">\n\t\t\t\t\t<div class=\"elementor-column elementor-col-50 elementor-top-column elementor-element elementor-element-lq3j527\" data-id=\"lq3j527\" data-element_type=\"column\">\n\t\t\t<div class=\"elementor-widget-wrap elementor-element-populated\">\n\t\t\t\t\t\t<div class=\"elementor-element elementor-element-3b6w7ur elementor-widget elementor-widget-text-editor\" data-id=\"3b6w7ur\" data-element_type=\"widget\" data-widget_type=\"text-editor.default\">\n\t\t\t\t<div class=\"elementor-widget-container\">\n\t\t\t\t\t\t\t<h2>Industries &#8211; Resultat<\/h2><p>Le chiffre d&#8217;affaire de MECAmaster SARL est constitu\u00e9 \u00e0 plus de 90% des activit\u00e9s logicielles (ventes et support) provenant de diverses industries (a\u00e9ronautique, D\u00e9fense, Automobile, etc.) en direct mais aussi de soci\u00e9t\u00e9s d&#8217;engineering proposant des services sur les logiciels MECAmaster \u00e0 des tiers.<\/p>\t\t\t\t\t\t<\/div>\n\t\t\t\t<\/div>\n\t\t\t\t\t<\/div>\n\t\t<\/div>\n\t\t\t\t<div class=\"elementor-column elementor-col-50 elementor-top-column elementor-element elementor-element-hdvl8vr\" data-id=\"hdvl8vr\" data-element_type=\"column\">\n\t\t\t<div class=\"elementor-widget-wrap elementor-element-populated\">\n\t\t\t\t\t\t<div class=\"elementor-element elementor-element-ny3ku69 elementor-widget elementor-widget-progress\" data-id=\"ny3ku69\" data-element_type=\"widget\" data-widget_type=\"progress.default\">\n\t\t\t\t<div class=\"elementor-widget-container\">\n\t\t\t\n\t\t<div class=\"elementor-progress-wrapper progress-danger\" role=\"progressbar\" aria-valuemin=\"0\" aria-valuemax=\"100\" aria-valuenow=\"90\" aria-valuetext=\"90% (Aerospace and Defense)\">\n\t\t\t<div class=\"elementor-progress-bar\" data-max=\"90\">\n\t\t\t\t<span class=\"elementor-progress-text\">Aerospace and Defense<\/span>\n\t\t\t\t\t\t\t<\/div>\n\t\t<\/div>\n\t\t\t\t<\/div>\n\t\t\t\t<\/div>\n\t\t\t\t<div class=\"elementor-element elementor-element-lhfmt1i elementor-widget elementor-widget-progress\" data-id=\"lhfmt1i\" data-element_type=\"widget\" data-widget_type=\"progress.default\">\n\t\t\t\t<div class=\"elementor-widget-container\">\n\t\t\t\n\t\t<div class=\"elementor-progress-wrapper\" role=\"progressbar\" aria-valuemin=\"0\" aria-valuemax=\"100\" aria-valuenow=\"50\" aria-valuetext=\"50% (Transportation &amp; mobility)\">\n\t\t\t<div class=\"elementor-progress-bar\" data-max=\"50\">\n\t\t\t\t<span class=\"elementor-progress-text\">Transportation & mobility<\/span>\n\t\t\t\t\t\t\t<\/div>\n\t\t<\/div>\n\t\t\t\t<\/div>\n\t\t\t\t<\/div>\n\t\t\t\t<div class=\"elementor-element elementor-element-lw3db7u elementor-widget elementor-widget-progress\" data-id=\"lw3db7u\" data-element_type=\"widget\" data-widget_type=\"progress.default\">\n\t\t\t\t<div class=\"elementor-widget-container\">\n\t\t\t\n\t\t<div class=\"elementor-progress-wrapper\" role=\"progressbar\" aria-valuemin=\"0\" aria-valuemax=\"100\" aria-valuenow=\"50\" aria-valuetext=\"50% (Enginnering &amp; Services)\">\n\t\t\t<div class=\"elementor-progress-bar\" data-max=\"50\">\n\t\t\t\t<span class=\"elementor-progress-text\">Enginnering & Services<\/span>\n\t\t\t\t\t\t\t<\/div>\n\t\t<\/div>\n\t\t\t\t<\/div>\n\t\t\t\t<\/div>\n\t\t\t\t<div class=\"elementor-element elementor-element-arc05ou elementor-widget elementor-widget-progress\" data-id=\"arc05ou\" data-element_type=\"widget\" data-widget_type=\"progress.default\">\n\t\t\t\t<div class=\"elementor-widget-container\">\n\t\t\t\n\t\t<div class=\"elementor-progress-wrapper\" role=\"progressbar\" aria-valuemin=\"0\" aria-valuemax=\"100\" aria-valuenow=\"15\" aria-valuetext=\"15% (Other)\">\n\t\t\t<div class=\"elementor-progress-bar\" data-max=\"15\">\n\t\t\t\t<span class=\"elementor-progress-text\">Other<\/span>\n\t\t\t\t\t\t\t<\/div>\n\t\t<\/div>\n\t\t\t\t<\/div>\n\t\t\t\t<\/div>\n\t\t\t\t\t<\/div>\n\t\t<\/div>\n\t\t\t\t\t<\/div>\n\t\t<\/section>\n\t\t\t\t<section class=\"elementor-section elementor-top-section elementor-element elementor-element-d3d84a6 elementor-section-stretched elementor-section-boxed elementor-section-height-default elementor-section-height-default\" data-id=\"d3d84a6\" data-element_type=\"section\" data-settings=\"{&quot;stretch_section&quot;:&quot;section-stretched&quot;,&quot;background_background&quot;:&quot;classic&quot;}\">\n\t\t\t\t\t\t<div class=\"elementor-container elementor-column-gap-default\">\n\t\t\t\t\t<div class=\"elementor-column elementor-col-100 elementor-top-column elementor-element elementor-element-7016f23\" data-id=\"7016f23\" data-element_type=\"column\">\n\t\t\t<div class=\"elementor-widget-wrap elementor-element-populated\">\n\t\t\t\t\t\t<div class=\"elementor-element elementor-element-59d8657 elementor-widget elementor-widget-toggle\" data-id=\"59d8657\" data-element_type=\"widget\" data-widget_type=\"toggle.default\">\n\t\t\t\t<div class=\"elementor-widget-container\">\n\t\t\t\t\t<div class=\"elementor-toggle\">\n\t\t\t\t\t\t\t<div class=\"elementor-toggle-item\">\n\t\t\t\t\t<div id=\"elementor-tab-title-9421\" class=\"elementor-tab-title\" data-tab=\"1\" role=\"button\" aria-controls=\"elementor-tab-content-9421\" aria-expanded=\"false\">\n\t\t\t\t\t\t\t\t\t\t\t\t<span class=\"elementor-toggle-icon elementor-toggle-icon-left\" aria-hidden=\"true\">\n\t\t\t\t\t\t\t\t\t\t\t\t\t\t\t<i class=\"elementor-toggle-icon-closed fa fa-caret-right\"><\/i>\n\t\t\t\t\t\t\t\t<i class=\"elementor-toggle-icon-opened fa fa-caret-up\"><\/i>\n\t\t\t\t\t\t\t\t\t\t\t\t\t<\/span>\n\t\t\t\t\t\t\t\t\t\t\t\t<a class=\"elementor-toggle-title\" tabindex=\"0\">Qui dois-je contacter pour des informations relatives \u00e0 l'achat du logiciel ?<\/a>\n\t\t\t\t\t<\/div>\n\n\t\t\t\t\t<div id=\"elementor-tab-content-9421\" class=\"elementor-tab-content elementor-clearfix\" data-tab=\"1\" role=\"region\" aria-labelledby=\"elementor-tab-title-9421\"><p>MECAmaster a aujourd&#8217;hui en charge exclusive toute l&#8217;activit\u00e9 Marketing et Vente des solutions MECAmaster. Vous pouvez donc nous contacter directement via le formulaire de contact de ce site pour toute question relative \u00e0 la commercialisation des logiciels.<\/p><\/div>\n\t\t\t\t<\/div>\n\t\t\t\t\t\t\t<div class=\"elementor-toggle-item\">\n\t\t\t\t\t<div id=\"elementor-tab-title-9422\" class=\"elementor-tab-title\" data-tab=\"2\" role=\"button\" aria-controls=\"elementor-tab-content-9422\" aria-expanded=\"false\">\n\t\t\t\t\t\t\t\t\t\t\t\t<span class=\"elementor-toggle-icon elementor-toggle-icon-left\" aria-hidden=\"true\">\n\t\t\t\t\t\t\t\t\t\t\t\t\t\t\t<i class=\"elementor-toggle-icon-closed fa fa-caret-right\"><\/i>\n\t\t\t\t\t\t\t\t<i class=\"elementor-toggle-icon-opened fa fa-caret-up\"><\/i>\n\t\t\t\t\t\t\t\t\t\t\t\t\t<\/span>\n\t\t\t\t\t\t\t\t\t\t\t\t<a class=\"elementor-toggle-title\" tabindex=\"0\">Proposez vous des services sur les logiciels MECAmaster ?<\/a>\n\t\t\t\t\t<\/div>\n\n\t\t\t\t\t<div id=\"elementor-tab-content-9422\" class=\"elementor-tab-content elementor-clearfix\" data-tab=\"2\" role=\"region\" aria-labelledby=\"elementor-tab-title-9422\"><p>Nous ne fournissons pas de services de prestation, de r\u00e9alisation de mod\u00e8les ou d&#8217;\u00e9tudes. Nous comptons cependant parmi notre panel client des soci\u00e9t\u00e9s sp\u00e9cialis\u00e9es dans le service qui pourront probablement vous aider si n\u00e9cessaire.<\/p><p>MECAmaster propose n\u00e9anmoins deux types de services \u00e0 ses clients : la formation des utilisateurs et les d\u00e9monstrations d&#8217;avant vente qui font partie int\u00e9grante du processus de conception \/ vente du logiciel. N&#8217;h\u00e9sitez pas \u00e0 nous contacter \u00e0 ce sujet.<\/p><\/div>\n\t\t\t\t<\/div>\n\t\t\t\t\t\t\t<div class=\"elementor-toggle-item\">\n\t\t\t\t\t<div id=\"elementor-tab-title-9423\" class=\"elementor-tab-title\" data-tab=\"3\" role=\"button\" aria-controls=\"elementor-tab-content-9423\" aria-expanded=\"false\">\n\t\t\t\t\t\t\t\t\t\t\t\t<span class=\"elementor-toggle-icon elementor-toggle-icon-left\" aria-hidden=\"true\">\n\t\t\t\t\t\t\t\t\t\t\t\t\t\t\t<i class=\"elementor-toggle-icon-closed fa fa-caret-right\"><\/i>\n\t\t\t\t\t\t\t\t<i class=\"elementor-toggle-icon-opened fa fa-caret-up\"><\/i>\n\t\t\t\t\t\t\t\t\t\t\t\t\t<\/span>\n\t\t\t\t\t\t\t\t\t\t\t\t<a class=\"elementor-toggle-title\" tabindex=\"0\">Vous souhaitez partager votre experience ?<\/a>\n\t\t\t\t\t<\/div>\n\n\t\t\t\t\t<div id=\"elementor-tab-content-9423\" class=\"elementor-tab-content elementor-clearfix\" data-tab=\"3\" role=\"region\" aria-labelledby=\"elementor-tab-title-9423\"><p>Si vous souhaitez partager votre exp\u00e9rience en tant que client, \u00e9tudiant, candidat, ou m\u00eame \u00e9diteur de logiciel qui pourrait avoir des sinergies avec MECAmaster etc &#8230; n&#8217;h\u00e9sitez pas \u00e0 nous contacter pour que nous puissions \u00e9changer dessus ou m\u00eame r\u00e9diger ensemble un article \u00e0 faire appara\u00eetre sur ce site.<\/p><\/div>\n\t\t\t\t<\/div>\n\t\t\t\t\t\t\t\t<\/div>\n\t\t\t\t<\/div>\n\t\t\t\t<\/div>\n\t\t\t\t<div class=\"elementor-element elementor-element-8318e4f elementor-widget elementor-widget-spacer\" data-id=\"8318e4f\" data-element_type=\"widget\" data-widget_type=\"spacer.default\">\n\t\t\t\t<div class=\"elementor-widget-container\">\n\t\t\t\t\t<div class=\"elementor-spacer\">\n\t\t\t<div class=\"elementor-spacer-inner\"><\/div>\n\t\t<\/div>\n\t\t\t\t<\/div>\n\t\t\t\t<\/div>\n\t\t\t\t\t<\/div>\n\t\t<\/div>\n\t\t\t\t\t<\/div>\n\t\t<\/section>\n\t\t\t\t<\/div>\n\t\t","protected":false},"excerpt":{"rendered":"<p>Qui sommes nous Compos\u00e9e majoritairement d&#8217;ing\u00e9nieurs m\u00e9caniciens MECAmaster SARL fournit des outils performants \u00e0 destination des Bureaux d&#8217;Etudes depuis plus de 20 ans dans ses domaines d&#8217;expertise d&#8217;analyse et de simulation de Tol\u00e9rances 3D et d&#8217;Efforts 3D. MECAmaster SARL contr\u00f4le l&#8217;ensemble du processus, de la sp\u00e9cification logicielle au d\u00e9ploiement chez le client, le developpement, le [&hellip;]<\/p>\n<div class=\"ccfw-readmore\"><a href=\"https:\/\/www.mecamaster.com\/mm\/fr\/a-propos\/\" class=\"more-link\">Read More<\/a><\/div>","protected":false},"author":2,"featured_media":0,"parent":0,"menu_order":0,"comment_status":"closed","ping_status":"closed","template":"page-full-width.php","meta":{"footnotes":""},"class_list":["post-927","page","type-page","status-publish","hentry"],"yoast_head":"<!-- This site is optimized with the Yoast SEO plugin v24.4 - https:\/\/yoast.com\/wordpress\/plugins\/seo\/ -->\n<title>A propos - MECAmaster<\/title>\n<meta name=\"robots\" content=\"index, follow, max-snippet:-1, max-image-preview:large, max-video-preview:-1\" \/>\n<link rel=\"canonical\" href=\"https:\/\/www.mecamaster.com\/mm\/fr\/a-propos\/\" \/>\n<meta property=\"og:locale\" content=\"en_GB\" \/>\n<meta property=\"og:type\" content=\"article\" \/>\n<meta property=\"og:title\" content=\"A propos - MECAmaster\" \/>\n<meta property=\"og:description\" content=\"Qui sommes nous Compos\u00e9e majoritairement d&#8217;ing\u00e9nieurs m\u00e9caniciens MECAmaster SARL fournit des outils performants \u00e0 destination des Bureaux d&#8217;Etudes depuis plus de 20 ans dans ses domaines d&#8217;expertise d&#8217;analyse et de simulation de Tol\u00e9rances 3D et d&#8217;Efforts 3D. MECAmaster SARL contr\u00f4le l&#8217;ensemble du processus, de la sp\u00e9cification logicielle au d\u00e9ploiement chez le client, le developpement, le [&hellip;]\" \/>\n<meta property=\"og:url\" content=\"https:\/\/www.mecamaster.com\/mm\/fr\/a-propos\/\" \/>\n<meta property=\"og:site_name\" content=\"MECAmaster\" \/>\n<meta property=\"article:modified_time\" content=\"2018-03-15T10:00:27+00:00\" \/>\n<meta name=\"twitter:card\" content=\"summary_large_image\" \/>\n<meta name=\"twitter:label1\" content=\"Estimated reading time\" \/>\n\t<meta name=\"twitter:data1\" content=\"2 minutes\" \/>\n<script type=\"application\/ld+json\" class=\"yoast-schema-graph\">{\"@context\":\"https:\/\/schema.org\",\"@graph\":[{\"@type\":\"WebPage\",\"@id\":\"https:\/\/www.mecamaster.com\/mm\/fr\/a-propos\/\",\"url\":\"https:\/\/www.mecamaster.com\/mm\/fr\/a-propos\/\",\"name\":\"A propos - MECAmaster\",\"isPartOf\":{\"@id\":\"https:\/\/www.mecamaster.com\/mm\/#website\"},\"datePublished\":\"2018-03-14T08:28:07+00:00\",\"dateModified\":\"2018-03-15T10:00:27+00:00\",\"breadcrumb\":{\"@id\":\"https:\/\/www.mecamaster.com\/mm\/fr\/a-propos\/#breadcrumb\"},\"inLanguage\":\"en-GB\",\"potentialAction\":[{\"@type\":\"ReadAction\",\"target\":[\"https:\/\/www.mecamaster.com\/mm\/fr\/a-propos\/\"]}]},{\"@type\":\"BreadcrumbList\",\"@id\":\"https:\/\/www.mecamaster.com\/mm\/fr\/a-propos\/#breadcrumb\",\"itemListElement\":[{\"@type\":\"ListItem\",\"position\":1,\"name\":\"Home\",\"item\":\"https:\/\/www.mecamaster.com\/mm\/en\/home\/\"},{\"@type\":\"ListItem\",\"position\":2,\"name\":\"A propos\"}]},{\"@type\":\"WebSite\",\"@id\":\"https:\/\/www.mecamaster.com\/mm\/#website\",\"url\":\"https:\/\/www.mecamaster.com\/mm\/\",\"name\":\"MECAmaster\",\"description\":\"3D Tolerances &amp; Loads\",\"potentialAction\":[{\"@type\":\"SearchAction\",\"target\":{\"@type\":\"EntryPoint\",\"urlTemplate\":\"https:\/\/www.mecamaster.com\/mm\/?s={search_term_string}\"},\"query-input\":{\"@type\":\"PropertyValueSpecification\",\"valueRequired\":true,\"valueName\":\"search_term_string\"}}],\"inLanguage\":\"en-GB\"}]}<\/script>\n<!-- \/ Yoast SEO plugin. -->","yoast_head_json":{"title":"A propos - MECAmaster","robots":{"index":"index","follow":"follow","max-snippet":"max-snippet:-1","max-image-preview":"max-image-preview:large","max-video-preview":"max-video-preview:-1"},"canonical":"https:\/\/www.mecamaster.com\/mm\/fr\/a-propos\/","og_locale":"en_GB","og_type":"article","og_title":"A propos - MECAmaster","og_description":"Qui sommes nous Compos\u00e9e majoritairement d&#8217;ing\u00e9nieurs m\u00e9caniciens MECAmaster SARL fournit des outils performants \u00e0 destination des Bureaux d&#8217;Etudes depuis plus de 20 ans dans ses domaines d&#8217;expertise d&#8217;analyse et de simulation de Tol\u00e9rances 3D et d&#8217;Efforts 3D. MECAmaster SARL contr\u00f4le l&#8217;ensemble du processus, de la sp\u00e9cification logicielle au d\u00e9ploiement chez le client, le developpement, le [&hellip;]","og_url":"https:\/\/www.mecamaster.com\/mm\/fr\/a-propos\/","og_site_name":"MECAmaster","article_modified_time":"2018-03-15T10:00:27+00:00","twitter_card":"summary_large_image","twitter_misc":{"Estimated reading time":"2 minutes"},"schema":{"@context":"https:\/\/schema.org","@graph":[{"@type":"WebPage","@id":"https:\/\/www.mecamaster.com\/mm\/fr\/a-propos\/","url":"https:\/\/www.mecamaster.com\/mm\/fr\/a-propos\/","name":"A propos - MECAmaster","isPartOf":{"@id":"https:\/\/www.mecamaster.com\/mm\/#website"},"datePublished":"2018-03-14T08:28:07+00:00","dateModified":"2018-03-15T10:00:27+00:00","breadcrumb":{"@id":"https:\/\/www.mecamaster.com\/mm\/fr\/a-propos\/#breadcrumb"},"inLanguage":"en-GB","potentialAction":[{"@type":"ReadAction","target":["https:\/\/www.mecamaster.com\/mm\/fr\/a-propos\/"]}]},{"@type":"BreadcrumbList","@id":"https:\/\/www.mecamaster.com\/mm\/fr\/a-propos\/#breadcrumb","itemListElement":[{"@type":"ListItem","position":1,"name":"Home","item":"https:\/\/www.mecamaster.com\/mm\/en\/home\/"},{"@type":"ListItem","position":2,"name":"A propos"}]},{"@type":"WebSite","@id":"https:\/\/www.mecamaster.com\/mm\/#website","url":"https:\/\/www.mecamaster.com\/mm\/","name":"MECAmaster","description":"3D Tolerances &amp; Loads","potentialAction":[{"@type":"SearchAction","target":{"@type":"EntryPoint","urlTemplate":"https:\/\/www.mecamaster.com\/mm\/?s={search_term_string}"},"query-input":{"@type":"PropertyValueSpecification","valueRequired":true,"valueName":"search_term_string"}}],"inLanguage":"en-GB"}]}},"_links":{"self":[{"href":"https:\/\/www.mecamaster.com\/mm\/wp-json\/wp\/v2\/pages\/927","targetHints":{"allow":["GET"]}}],"collection":[{"href":"https:\/\/www.mecamaster.com\/mm\/wp-json\/wp\/v2\/pages"}],"about":[{"href":"https:\/\/www.mecamaster.com\/mm\/wp-json\/wp\/v2\/types\/page"}],"author":[{"embeddable":true,"href":"https:\/\/www.mecamaster.com\/mm\/wp-json\/wp\/v2\/users\/2"}],"replies":[{"embeddable":true,"href":"https:\/\/www.mecamaster.com\/mm\/wp-json\/wp\/v2\/comments?post=927"}],"version-history":[{"count":6,"href":"https:\/\/www.mecamaster.com\/mm\/wp-json\/wp\/v2\/pages\/927\/revisions"}],"predecessor-version":[{"id":1055,"href":"https:\/\/www.mecamaster.com\/mm\/wp-json\/wp\/v2\/pages\/927\/revisions\/1055"}],"wp:attachment":[{"href":"https:\/\/www.mecamaster.com\/mm\/wp-json\/wp\/v2\/media?parent=927"}],"curies":[{"name":"wp","href":"https:\/\/api.w.org\/{rel}","templated":true}]}}