{"id":949,"date":"2018-03-14T10:21:58","date_gmt":"2018-03-14T10:21:58","guid":{"rendered":"http:\/\/www.mecamaster.com\/mm\/?page_id=949"},"modified":"2024-02-28T15:47:05","modified_gmt":"2024-02-28T15:47:05","slug":"plateforme-3dexperience","status":"publish","type":"page","link":"https:\/\/www.mecamaster.com\/mm\/fr\/integrations\/plateforme-3dexperience\/","title":{"rendered":"Plateforme 3DEXPERIENCE"},"content":{"rendered":"\t\t<div data-elementor-type=\"wp-page\" data-elementor-id=\"949\" class=\"elementor elementor-949\">\n\t\t\t\t\t\t<section class=\"elementor-section elementor-top-section elementor-element elementor-element-e9d876d elementor-section-boxed elementor-section-height-default elementor-section-height-default\" data-id=\"e9d876d\" data-element_type=\"section\">\n\t\t\t\t\t\t<div class=\"elementor-container elementor-column-gap-default\">\n\t\t\t\t\t<div class=\"elementor-column elementor-col-100 elementor-top-column elementor-element elementor-element-2e43d7f\" data-id=\"2e43d7f\" data-element_type=\"column\">\n\t\t\t<div class=\"elementor-widget-wrap elementor-element-populated\">\n\t\t\t\t\t\t<div class=\"elementor-element elementor-element-1531a7d elementor-position-left elementor-vertical-align-middle elementor-widget elementor-widget-image-box\" data-id=\"1531a7d\" data-element_type=\"widget\" data-widget_type=\"image-box.default\">\n\t\t\t\t<div class=\"elementor-widget-container\">\n\t\t\t<div class=\"elementor-image-box-wrapper\"><figure class=\"elementor-image-box-img\"><img fetchpriority=\"high\" decoding=\"async\" width=\"356\" height=\"389\" src=\"https:\/\/www.mecamaster.com\/mm\/wp-content\/uploads\/2018\/03\/3dexperience_icon.png\" class=\"attachment-full size-full wp-image-720\" alt=\"\" srcset=\"https:\/\/www.mecamaster.com\/mm\/wp-content\/uploads\/2018\/03\/3dexperience_icon.png 356w, https:\/\/www.mecamaster.com\/mm\/wp-content\/uploads\/2018\/03\/3dexperience_icon-275x300.png 275w\" sizes=\"(max-width: 356px) 100vw, 356px\" \/><\/figure><div class=\"elementor-image-box-content\"><h3 class=\"elementor-image-box-title\"><span style=\"font-size: 28px; color: rgb(17, 122, 188); text-align: left;\">3DEXPERIENCE <\/span><\/h3><p class=\"elementor-image-box-description\">La plateforme 3DEXPERIENCE est la nouvelle plateforme m\u00e9tier \u00e9dit\u00e9e par Dassault Syst\u00e8mes proposant des solutions logicielles pluri-disciplinaires (Apps) toutes bas\u00e9es et accessibles \u00e0 partir d'un environnement unique et partag\u00e9.<\/p><\/div><\/div>\t\t<\/div>\n\t\t\t\t<\/div>\n\t\t\t\t\t<\/div>\n\t\t<\/div>\n\t\t\t\t\t<\/div>\n\t\t<\/section>\n\t\t\t\t<section class=\"elementor-section elementor-top-section elementor-element elementor-element-fe2dc63 elementor-section-boxed elementor-section-height-default elementor-section-height-default\" data-id=\"fe2dc63\" data-element_type=\"section\">\n\t\t\t\t\t\t<div class=\"elementor-container elementor-column-gap-default\">\n\t\t\t\t\t<div class=\"elementor-column elementor-col-50 elementor-top-column elementor-element elementor-element-7fefed0\" data-id=\"7fefed0\" data-element_type=\"column\">\n\t\t\t<div class=\"elementor-widget-wrap elementor-element-populated\">\n\t\t\t\t\t\t<div class=\"elementor-element elementor-element-4976383 elementor-widget elementor-widget-text-editor\" data-id=\"4976383\" data-element_type=\"widget\" data-widget_type=\"text-editor.default\">\n\t\t\t\t<div class=\"elementor-widget-container\">\n\t\t\t\t\t\t\t<p>MECAmaster a int\u00e9gr\u00e9 depuis 2013 un partenariat logiciel avec Dassault Syst\u00e8mes pour porter sa solution MECAmaster Assembly (Tol\u00e9rances et Efforts) sur la plateforme 3DExperience.<\/p>\t\t\t\t\t\t<\/div>\n\t\t\t\t<\/div>\n\t\t\t\t<section class=\"elementor-section elementor-inner-section elementor-element elementor-element-4abbfef elementor-section-boxed elementor-section-height-default elementor-section-height-default\" data-id=\"4abbfef\" data-element_type=\"section\">\n\t\t\t\t\t\t<div class=\"elementor-container elementor-column-gap-default\">\n\t\t\t\t\t<div class=\"elementor-column elementor-col-33 elementor-inner-column elementor-element elementor-element-36e21a3\" data-id=\"36e21a3\" data-element_type=\"column\">\n\t\t\t<div class=\"elementor-widget-wrap elementor-element-populated\">\n\t\t\t\t\t\t<div class=\"elementor-element elementor-element-1642b6c elementor-widget elementor-widget-image\" data-id=\"1642b6c\" data-element_type=\"widget\" data-widget_type=\"image.default\">\n\t\t\t\t<div class=\"elementor-widget-container\">\n\t\t\t\t\t\t\t\t\t\t\t\t\t<img decoding=\"async\" width=\"64\" height=\"64\" src=\"https:\/\/www.mecamaster.com\/mm\/wp-content\/uploads\/2018\/03\/MmApp.png\" class=\"attachment-full size-full wp-image-797\" alt=\"\" \/>\t\t\t\t\t\t\t\t\t\t\t\t\t<\/div>\n\t\t\t\t<\/div>\n\t\t\t\t\t<\/div>\n\t\t<\/div>\n\t\t\t\t<div class=\"elementor-column elementor-col-66 elementor-inner-column elementor-element elementor-element-600abf1\" data-id=\"600abf1\" data-element_type=\"column\">\n\t\t\t<div class=\"elementor-widget-wrap elementor-element-populated\">\n\t\t\t\t\t\t<div class=\"elementor-element elementor-element-0d8bbc9 elementor-widget elementor-widget-text-editor\" data-id=\"0d8bbc9\" data-element_type=\"widget\" data-widget_type=\"text-editor.default\">\n\t\t\t\t<div class=\"elementor-widget-container\">\n\t\t\t\t\t\t\t<p>Le produit est disponible et devient la nouvelle int\u00e9gration de r\u00e9f\u00e9rence pour MECAmaster Assembly.<\/p>\t\t\t\t\t\t<\/div>\n\t\t\t\t<\/div>\n\t\t\t\t\t<\/div>\n\t\t<\/div>\n\t\t\t\t\t<\/div>\n\t\t<\/section>\n\t\t\t\t\t<\/div>\n\t\t<\/div>\n\t\t\t\t<div class=\"elementor-column elementor-col-50 elementor-top-column elementor-element elementor-element-5e02189\" data-id=\"5e02189\" data-element_type=\"column\">\n\t\t\t<div class=\"elementor-widget-wrap elementor-element-populated\">\n\t\t\t\t\t\t<div class=\"elementor-element elementor-element-515f999 elementor-widget elementor-widget-image\" data-id=\"515f999\" data-element_type=\"widget\" data-widget_type=\"image.default\">\n\t\t\t\t<div class=\"elementor-widget-container\">\n\t\t\t\t\t\t\t\t\t\t\t\t\t<img decoding=\"async\" width=\"1024\" height=\"605\" src=\"https:\/\/www.mecamaster.com\/mm\/wp-content\/uploads\/2018\/03\/MCA3DEXP_APP-1024x605.png\" class=\"attachment-large size-large wp-image-795\" alt=\"\" srcset=\"https:\/\/www.mecamaster.com\/mm\/wp-content\/uploads\/2018\/03\/MCA3DEXP_APP-1024x605.png 1024w, https:\/\/www.mecamaster.com\/mm\/wp-content\/uploads\/2018\/03\/MCA3DEXP_APP-300x177.png 300w, https:\/\/www.mecamaster.com\/mm\/wp-content\/uploads\/2018\/03\/MCA3DEXP_APP-768x454.png 768w, https:\/\/www.mecamaster.com\/mm\/wp-content\/uploads\/2018\/03\/MCA3DEXP_APP.png 1827w\" sizes=\"(max-width: 1024px) 100vw, 1024px\" \/>\t\t\t\t\t\t\t\t\t\t\t\t\t<\/div>\n\t\t\t\t<\/div>\n\t\t\t\t\t<\/div>\n\t\t<\/div>\n\t\t\t\t\t<\/div>\n\t\t<\/section>\n\t\t\t\t<section class=\"elementor-section elementor-top-section elementor-element elementor-element-d3634e5 elementor-section-boxed elementor-section-height-default elementor-section-height-default\" data-id=\"d3634e5\" data-element_type=\"section\">\n\t\t\t\t\t\t<div class=\"elementor-container elementor-column-gap-default\">\n\t\t\t\t\t<div class=\"elementor-column elementor-col-100 elementor-top-column elementor-element elementor-element-7a15c31\" data-id=\"7a15c31\" data-element_type=\"column\">\n\t\t\t<div class=\"elementor-widget-wrap elementor-element-populated\">\n\t\t\t\t\t\t<div class=\"elementor-element elementor-element-c6c80cc elementor-widget elementor-widget-text-editor\" data-id=\"c6c80cc\" data-element_type=\"widget\" data-widget_type=\"text-editor.default\">\n\t\t\t\t<div class=\"elementor-widget-container\">\n\t\t\t\t\t\t\t<h2>Points cl\u00e9s<\/h2><p>3DEXPERIENCE est la cl\u00e9 pour acc\u00e9der \u00e0 un environnement 100% connect\u00e9. Le ma\u00eetre mot des futures \u00e9volutions de MECAmaster for 3DExperience sera donc la &#8220;<strong>continuit\u00e9 num\u00e9rique<\/strong>&#8220;. Le partage d&#8217;informations de tol\u00e9rance entre assemblages, l&#8217;\u00e9change d&#8217;informations provenant de m\u00e9tiers diff\u00e9rents (Design, Manufacturing, Contr\u00f4le, &#8230; ) sera certainement l&#8217;atout majeur de la plateforme dans le futur.<\/p><p>Restez inform\u00e9 pour d\u00e9couvrir les futures \u00e9volutions de MECAmaster Assembly dans la plateforme 3DExperience !<\/p>\t\t\t\t\t\t<\/div>\n\t\t\t\t<\/div>\n\t\t\t\t\t<\/div>\n\t\t<\/div>\n\t\t\t\t\t<\/div>\n\t\t<\/section>\n\t\t\t\t<section class=\"elementor-section elementor-top-section elementor-element elementor-element-8a3a91e elementor-section-stretched elementor-section-boxed elementor-section-height-default elementor-section-height-default\" data-id=\"8a3a91e\" data-element_type=\"section\" data-settings=\"{&quot;stretch_section&quot;:&quot;section-stretched&quot;,&quot;background_background&quot;:&quot;classic&quot;}\">\n\t\t\t\t\t\t<div class=\"elementor-container elementor-column-gap-default\">\n\t\t\t\t\t<div class=\"elementor-column elementor-col-100 elementor-top-column elementor-element elementor-element-2a2d529\" data-id=\"2a2d529\" data-element_type=\"column\">\n\t\t\t<div class=\"elementor-widget-wrap elementor-element-populated\">\n\t\t\t\t\t\t<div class=\"elementor-element elementor-element-f5f402c elementor-widget elementor-widget-toggle\" data-id=\"f5f402c\" data-element_type=\"widget\" data-widget_type=\"toggle.default\">\n\t\t\t\t<div class=\"elementor-widget-container\">\n\t\t\t\t\t<div class=\"elementor-toggle\">\n\t\t\t\t\t\t\t<div class=\"elementor-toggle-item\">\n\t\t\t\t\t<div id=\"elementor-tab-title-2571\" class=\"elementor-tab-title\" data-tab=\"1\" role=\"button\" aria-controls=\"elementor-tab-content-2571\" aria-expanded=\"false\">\n\t\t\t\t\t\t\t\t\t\t\t\t<span class=\"elementor-toggle-icon elementor-toggle-icon-left\" aria-hidden=\"true\">\n\t\t\t\t\t\t\t\t\t\t\t\t\t\t\t<i class=\"elementor-toggle-icon-closed fa fa-caret-right\"><\/i>\n\t\t\t\t\t\t\t\t<i class=\"elementor-toggle-icon-opened fa fa-caret-up\"><\/i>\n\t\t\t\t\t\t\t\t\t\t\t\t\t<\/span>\n\t\t\t\t\t\t\t\t\t\t\t\t<a class=\"elementor-toggle-title\" tabindex=\"0\">Quels sont les produits MECAmaster disponible en 3DEXPERIENCE ?<\/a>\n\t\t\t\t\t<\/div>\n\n\t\t\t\t\t<div id=\"elementor-tab-content-2571\" class=\"elementor-tab-content elementor-clearfix\" data-tab=\"1\" role=\"region\" aria-labelledby=\"elementor-tab-title-2571\"><p>Les fonctionnalit\u00e9s 3D Tolerances et 3D Loads de MECAmaster Assembly sont disponibles en tant qu&#8217;application de 3DEXPERIENCE .<\/p><\/div>\n\t\t\t\t<\/div>\n\t\t\t\t\t\t\t<div class=\"elementor-toggle-item\">\n\t\t\t\t\t<div id=\"elementor-tab-title-2572\" class=\"elementor-tab-title\" data-tab=\"2\" role=\"button\" aria-controls=\"elementor-tab-content-2572\" aria-expanded=\"false\">\n\t\t\t\t\t\t\t\t\t\t\t\t<span class=\"elementor-toggle-icon elementor-toggle-icon-left\" aria-hidden=\"true\">\n\t\t\t\t\t\t\t\t\t\t\t\t\t\t\t<i class=\"elementor-toggle-icon-closed fa fa-caret-right\"><\/i>\n\t\t\t\t\t\t\t\t<i class=\"elementor-toggle-icon-opened fa fa-caret-up\"><\/i>\n\t\t\t\t\t\t\t\t\t\t\t\t\t<\/span>\n\t\t\t\t\t\t\t\t\t\t\t\t<a class=\"elementor-toggle-title\" tabindex=\"0\">Quelle version de 3DEXPERIENCE est support\u00e9e?<\/a>\n\t\t\t\t\t<\/div>\n\n\t\t\t\t\t<div id=\"elementor-tab-content-2572\" class=\"elementor-tab-content elementor-clearfix\" data-tab=\"2\" role=\"region\" aria-labelledby=\"elementor-tab-title-2572\"><ul>\n<li><strong>3DEXPERIENCE On Premise et 3DEXPERIENCE On Cloud sont support\u00e9es.<\/strong><\/li>\n<\/ul><\/div>\n\t\t\t\t<\/div>\n\t\t\t\t\t\t\t<div class=\"elementor-toggle-item\">\n\t\t\t\t\t<div id=\"elementor-tab-title-2573\" class=\"elementor-tab-title\" data-tab=\"3\" role=\"button\" aria-controls=\"elementor-tab-content-2573\" aria-expanded=\"false\">\n\t\t\t\t\t\t\t\t\t\t\t\t<span class=\"elementor-toggle-icon elementor-toggle-icon-left\" aria-hidden=\"true\">\n\t\t\t\t\t\t\t\t\t\t\t\t\t\t\t<i class=\"elementor-toggle-icon-closed fa fa-caret-right\"><\/i>\n\t\t\t\t\t\t\t\t<i class=\"elementor-toggle-icon-opened fa fa-caret-up\"><\/i>\n\t\t\t\t\t\t\t\t\t\t\t\t\t<\/span>\n\t\t\t\t\t\t\t\t\t\t\t\t<a class=\"elementor-toggle-title\" tabindex=\"0\">Quels sont les pr\u00e9-requis de licences 3DEXPERIENCE ?<\/a>\n\t\t\t\t\t<\/div>\n\n\t\t\t\t\t<div id=\"elementor-tab-content-2573\" class=\"elementor-tab-content elementor-clearfix\" data-tab=\"3\" role=\"region\" aria-labelledby=\"elementor-tab-title-2573\"><div>jusqu&#8217;\u00e0 R2020X<\/div>\n<ul>\n<li>Les pr\u00e9-requis de licences obligatoires sont&nbsp;<strong>CNV* CSV&nbsp; MDT MKS<\/strong> (* plus \u00e0 partir de R2018X)<\/li>\n<li>Les co-requis facultatif de licences sont&nbsp;&nbsp;<strong>M3D<\/strong><\/li>\n<\/ul>\n<div><p>\u00e0 partir de R2021X&nbsp;<br><\/p>\n<ul style=\"font-size: 16px;\">\n<li style=\"font-size: 16px;\">Les pr\u00e9-requis de licences obligatoires sont&nbsp;<span style=\"font-size: 16px; font-weight: bolder;\">CSV M3K<\/span>&nbsp;<\/li>\n<\/ul>\n<\/div><\/div>\n\t\t\t\t<\/div>\n\t\t\t\t\t\t\t<div class=\"elementor-toggle-item\">\n\t\t\t\t\t<div id=\"elementor-tab-title-2574\" class=\"elementor-tab-title\" data-tab=\"4\" role=\"button\" aria-controls=\"elementor-tab-content-2574\" aria-expanded=\"false\">\n\t\t\t\t\t\t\t\t\t\t\t\t<span class=\"elementor-toggle-icon elementor-toggle-icon-left\" aria-hidden=\"true\">\n\t\t\t\t\t\t\t\t\t\t\t\t\t\t\t<i class=\"elementor-toggle-icon-closed fa fa-caret-right\"><\/i>\n\t\t\t\t\t\t\t\t<i class=\"elementor-toggle-icon-opened fa fa-caret-up\"><\/i>\n\t\t\t\t\t\t\t\t\t\t\t\t\t<\/span>\n\t\t\t\t\t\t\t\t\t\t\t\t<a class=\"elementor-toggle-title\" tabindex=\"0\"> MECAmaster for 3DEXPERIENCE est-il une simple \u00e9volution de MECAmaster pour CATIA V5?<\/a>\n\t\t\t\t\t<\/div>\n\n\t\t\t\t\t<div id=\"elementor-tab-content-2574\" class=\"elementor-tab-content elementor-clearfix\" data-tab=\"4\" role=\"region\" aria-labelledby=\"elementor-tab-title-2574\"><p>MECAmaster for 3DEXPERIENCE est un nouveau produit de MECAmaster SARL et ne sera pas livr\u00e9 automatiquement aux clients actuels de l&#8217;int\u00e9gration CATIA V5 dans le cadre de maintenance. Une offre de migration sp\u00e9ciale a \u00e9t\u00e9 d\u00e9finie pour tout client actif utilisant MECAmaster pour CATIA V5<\/p><\/div>\n\t\t\t\t<\/div>\n\t\t\t\t\t\t\t\t<\/div>\n\t\t\t\t<\/div>\n\t\t\t\t<\/div>\n\t\t\t\t\t<\/div>\n\t\t<\/div>\n\t\t\t\t\t<\/div>\n\t\t<\/section>\n\t\t\t\t<\/div>\n\t\t","protected":false},"excerpt":{"rendered":"<p>3DEXPERIENCE La plateforme 3DEXPERIENCE est la nouvelle plateforme m\u00e9tier \u00e9dit\u00e9e par Dassault Syst\u00e8mes proposant des solutions logicielles pluri-disciplinaires (Apps) toutes bas\u00e9es et accessibles \u00e0 partir d&#8217;un environnement unique et partag\u00e9. MECAmaster a int\u00e9gr\u00e9 depuis 2013 un partenariat logiciel avec Dassault Syst\u00e8mes pour porter sa solution MECAmaster Assembly (Tol\u00e9rances et Efforts) sur la plateforme 3DExperience. Le [&hellip;]<\/p>\n<div class=\"ccfw-readmore\"><a href=\"https:\/\/www.mecamaster.com\/mm\/fr\/integrations\/plateforme-3dexperience\/\" class=\"more-link\">Read More<\/a><\/div>","protected":false},"author":2,"featured_media":0,"parent":961,"menu_order":1,"comment_status":"closed","ping_status":"closed","template":"","meta":{"footnotes":""},"class_list":["post-949","page","type-page","status-publish","hentry"],"yoast_head":"<!-- This site is optimized with the Yoast SEO plugin v24.4 - https:\/\/yoast.com\/wordpress\/plugins\/seo\/ -->\n<title>Plateforme 3DEXPERIENCE - MECAmaster<\/title>\n<meta name=\"robots\" content=\"index, follow, max-snippet:-1, max-image-preview:large, max-video-preview:-1\" \/>\n<link rel=\"canonical\" href=\"https:\/\/www.mecamaster.com\/mm\/fr\/integrations\/plateforme-3dexperience\/\" \/>\n<meta property=\"og:locale\" content=\"en_GB\" \/>\n<meta property=\"og:type\" content=\"article\" \/>\n<meta property=\"og:title\" content=\"Plateforme 3DEXPERIENCE - MECAmaster\" \/>\n<meta property=\"og:description\" content=\"3DEXPERIENCE La plateforme 3DEXPERIENCE est la nouvelle plateforme m\u00e9tier \u00e9dit\u00e9e par Dassault Syst\u00e8mes proposant des solutions logicielles pluri-disciplinaires (Apps) toutes bas\u00e9es et accessibles \u00e0 partir d&#8217;un environnement unique et partag\u00e9. MECAmaster a int\u00e9gr\u00e9 depuis 2013 un partenariat logiciel avec Dassault Syst\u00e8mes pour porter sa solution MECAmaster Assembly (Tol\u00e9rances et Efforts) sur la plateforme 3DExperience. Le [&hellip;]\" \/>\n<meta property=\"og:url\" content=\"https:\/\/www.mecamaster.com\/mm\/fr\/integrations\/plateforme-3dexperience\/\" \/>\n<meta property=\"og:site_name\" content=\"MECAmaster\" \/>\n<meta property=\"article:modified_time\" content=\"2024-02-28T15:47:05+00:00\" \/>\n<meta property=\"og:image\" content=\"http:\/\/www.mecamaster.com\/mm\/wp-content\/uploads\/2018\/03\/3dexperience_icon.png\" \/>\n<meta name=\"twitter:card\" content=\"summary_large_image\" \/>\n<meta name=\"twitter:label1\" content=\"Estimated reading time\" \/>\n\t<meta name=\"twitter:data1\" content=\"2 minutes\" \/>\n<script type=\"application\/ld+json\" class=\"yoast-schema-graph\">{\"@context\":\"https:\/\/schema.org\",\"@graph\":[{\"@type\":\"WebPage\",\"@id\":\"https:\/\/www.mecamaster.com\/mm\/fr\/integrations\/plateforme-3dexperience\/\",\"url\":\"https:\/\/www.mecamaster.com\/mm\/fr\/integrations\/plateforme-3dexperience\/\",\"name\":\"Plateforme 3DEXPERIENCE - MECAmaster\",\"isPartOf\":{\"@id\":\"https:\/\/www.mecamaster.com\/mm\/#website\"},\"primaryImageOfPage\":{\"@id\":\"https:\/\/www.mecamaster.com\/mm\/fr\/integrations\/plateforme-3dexperience\/#primaryimage\"},\"image\":{\"@id\":\"https:\/\/www.mecamaster.com\/mm\/fr\/integrations\/plateforme-3dexperience\/#primaryimage\"},\"thumbnailUrl\":\"http:\/\/www.mecamaster.com\/mm\/wp-content\/uploads\/2018\/03\/3dexperience_icon.png\",\"datePublished\":\"2018-03-14T10:21:58+00:00\",\"dateModified\":\"2024-02-28T15:47:05+00:00\",\"breadcrumb\":{\"@id\":\"https:\/\/www.mecamaster.com\/mm\/fr\/integrations\/plateforme-3dexperience\/#breadcrumb\"},\"inLanguage\":\"en-GB\",\"potentialAction\":[{\"@type\":\"ReadAction\",\"target\":[\"https:\/\/www.mecamaster.com\/mm\/fr\/integrations\/plateforme-3dexperience\/\"]}]},{\"@type\":\"ImageObject\",\"inLanguage\":\"en-GB\",\"@id\":\"https:\/\/www.mecamaster.com\/mm\/fr\/integrations\/plateforme-3dexperience\/#primaryimage\",\"url\":\"https:\/\/www.mecamaster.com\/mm\/wp-content\/uploads\/2018\/03\/3dexperience_icon.png\",\"contentUrl\":\"https:\/\/www.mecamaster.com\/mm\/wp-content\/uploads\/2018\/03\/3dexperience_icon.png\",\"width\":356,\"height\":389},{\"@type\":\"BreadcrumbList\",\"@id\":\"https:\/\/www.mecamaster.com\/mm\/fr\/integrations\/plateforme-3dexperience\/#breadcrumb\",\"itemListElement\":[{\"@type\":\"ListItem\",\"position\":1,\"name\":\"Home\",\"item\":\"https:\/\/www.mecamaster.com\/mm\/en\/home\/\"},{\"@type\":\"ListItem\",\"position\":2,\"name\":\"Int\u00e9grations\",\"item\":\"https:\/\/www.mecamaster.com\/mm\/fr\/integrations\/\"},{\"@type\":\"ListItem\",\"position\":3,\"name\":\"Plateforme 3DEXPERIENCE\"}]},{\"@type\":\"WebSite\",\"@id\":\"https:\/\/www.mecamaster.com\/mm\/#website\",\"url\":\"https:\/\/www.mecamaster.com\/mm\/\",\"name\":\"MECAmaster\",\"description\":\"3D Tolerances &amp; Loads\",\"potentialAction\":[{\"@type\":\"SearchAction\",\"target\":{\"@type\":\"EntryPoint\",\"urlTemplate\":\"https:\/\/www.mecamaster.com\/mm\/?s={search_term_string}\"},\"query-input\":{\"@type\":\"PropertyValueSpecification\",\"valueRequired\":true,\"valueName\":\"search_term_string\"}}],\"inLanguage\":\"en-GB\"}]}<\/script>\n<!-- \/ Yoast SEO plugin. -->","yoast_head_json":{"title":"Plateforme 3DEXPERIENCE - MECAmaster","robots":{"index":"index","follow":"follow","max-snippet":"max-snippet:-1","max-image-preview":"max-image-preview:large","max-video-preview":"max-video-preview:-1"},"canonical":"https:\/\/www.mecamaster.com\/mm\/fr\/integrations\/plateforme-3dexperience\/","og_locale":"en_GB","og_type":"article","og_title":"Plateforme 3DEXPERIENCE - MECAmaster","og_description":"3DEXPERIENCE La plateforme 3DEXPERIENCE est la nouvelle plateforme m\u00e9tier \u00e9dit\u00e9e par Dassault Syst\u00e8mes proposant des solutions logicielles pluri-disciplinaires (Apps) toutes bas\u00e9es et accessibles \u00e0 partir d&#8217;un environnement unique et partag\u00e9. MECAmaster a int\u00e9gr\u00e9 depuis 2013 un partenariat logiciel avec Dassault Syst\u00e8mes pour porter sa solution MECAmaster Assembly (Tol\u00e9rances et Efforts) sur la plateforme 3DExperience. Le [&hellip;]","og_url":"https:\/\/www.mecamaster.com\/mm\/fr\/integrations\/plateforme-3dexperience\/","og_site_name":"MECAmaster","article_modified_time":"2024-02-28T15:47:05+00:00","og_image":[{"url":"http:\/\/www.mecamaster.com\/mm\/wp-content\/uploads\/2018\/03\/3dexperience_icon.png","type":"","width":"","height":""}],"twitter_card":"summary_large_image","twitter_misc":{"Estimated reading time":"2 minutes"},"schema":{"@context":"https:\/\/schema.org","@graph":[{"@type":"WebPage","@id":"https:\/\/www.mecamaster.com\/mm\/fr\/integrations\/plateforme-3dexperience\/","url":"https:\/\/www.mecamaster.com\/mm\/fr\/integrations\/plateforme-3dexperience\/","name":"Plateforme 3DEXPERIENCE - MECAmaster","isPartOf":{"@id":"https:\/\/www.mecamaster.com\/mm\/#website"},"primaryImageOfPage":{"@id":"https:\/\/www.mecamaster.com\/mm\/fr\/integrations\/plateforme-3dexperience\/#primaryimage"},"image":{"@id":"https:\/\/www.mecamaster.com\/mm\/fr\/integrations\/plateforme-3dexperience\/#primaryimage"},"thumbnailUrl":"http:\/\/www.mecamaster.com\/mm\/wp-content\/uploads\/2018\/03\/3dexperience_icon.png","datePublished":"2018-03-14T10:21:58+00:00","dateModified":"2024-02-28T15:47:05+00:00","breadcrumb":{"@id":"https:\/\/www.mecamaster.com\/mm\/fr\/integrations\/plateforme-3dexperience\/#breadcrumb"},"inLanguage":"en-GB","potentialAction":[{"@type":"ReadAction","target":["https:\/\/www.mecamaster.com\/mm\/fr\/integrations\/plateforme-3dexperience\/"]}]},{"@type":"ImageObject","inLanguage":"en-GB","@id":"https:\/\/www.mecamaster.com\/mm\/fr\/integrations\/plateforme-3dexperience\/#primaryimage","url":"https:\/\/www.mecamaster.com\/mm\/wp-content\/uploads\/2018\/03\/3dexperience_icon.png","contentUrl":"https:\/\/www.mecamaster.com\/mm\/wp-content\/uploads\/2018\/03\/3dexperience_icon.png","width":356,"height":389},{"@type":"BreadcrumbList","@id":"https:\/\/www.mecamaster.com\/mm\/fr\/integrations\/plateforme-3dexperience\/#breadcrumb","itemListElement":[{"@type":"ListItem","position":1,"name":"Home","item":"https:\/\/www.mecamaster.com\/mm\/en\/home\/"},{"@type":"ListItem","position":2,"name":"Int\u00e9grations","item":"https:\/\/www.mecamaster.com\/mm\/fr\/integrations\/"},{"@type":"ListItem","position":3,"name":"Plateforme 3DEXPERIENCE"}]},{"@type":"WebSite","@id":"https:\/\/www.mecamaster.com\/mm\/#website","url":"https:\/\/www.mecamaster.com\/mm\/","name":"MECAmaster","description":"3D Tolerances &amp; Loads","potentialAction":[{"@type":"SearchAction","target":{"@type":"EntryPoint","urlTemplate":"https:\/\/www.mecamaster.com\/mm\/?s={search_term_string}"},"query-input":{"@type":"PropertyValueSpecification","valueRequired":true,"valueName":"search_term_string"}}],"inLanguage":"en-GB"}]}},"_links":{"self":[{"href":"https:\/\/www.mecamaster.com\/mm\/wp-json\/wp\/v2\/pages\/949","targetHints":{"allow":["GET"]}}],"collection":[{"href":"https:\/\/www.mecamaster.com\/mm\/wp-json\/wp\/v2\/pages"}],"about":[{"href":"https:\/\/www.mecamaster.com\/mm\/wp-json\/wp\/v2\/types\/page"}],"author":[{"embeddable":true,"href":"https:\/\/www.mecamaster.com\/mm\/wp-json\/wp\/v2\/users\/2"}],"replies":[{"embeddable":true,"href":"https:\/\/www.mecamaster.com\/mm\/wp-json\/wp\/v2\/comments?post=949"}],"version-history":[{"count":11,"href":"https:\/\/www.mecamaster.com\/mm\/wp-json\/wp\/v2\/pages\/949\/revisions"}],"predecessor-version":[{"id":1276,"href":"https:\/\/www.mecamaster.com\/mm\/wp-json\/wp\/v2\/pages\/949\/revisions\/1276"}],"up":[{"embeddable":true,"href":"https:\/\/www.mecamaster.com\/mm\/wp-json\/wp\/v2\/pages\/961"}],"wp:attachment":[{"href":"https:\/\/www.mecamaster.com\/mm\/wp-json\/wp\/v2\/media?parent=949"}],"curies":[{"name":"wp","href":"https:\/\/api.w.org\/{rel}","templated":true}]}}