{"id":952,"date":"2018-03-14T10:25:00","date_gmt":"2018-03-14T10:25:00","guid":{"rendered":"http:\/\/www.mecamaster.com\/mm\/?page_id=952"},"modified":"2024-02-28T15:50:48","modified_gmt":"2024-02-28T15:50:48","slug":"catia-v5-fr","status":"publish","type":"page","link":"https:\/\/www.mecamaster.com\/mm\/fr\/integrations\/catia-v5-fr\/","title":{"rendered":"CATIA V5"},"content":{"rendered":"\t\t<div data-elementor-type=\"wp-page\" data-elementor-id=\"952\" class=\"elementor elementor-952\">\n\t\t\t\t\t\t<section class=\"elementor-section elementor-top-section elementor-element elementor-element-7c10c03 elementor-section-boxed elementor-section-height-default elementor-section-height-default\" data-id=\"7c10c03\" data-element_type=\"section\">\n\t\t\t\t\t\t<div class=\"elementor-container elementor-column-gap-default\">\n\t\t\t\t\t<div class=\"elementor-column elementor-col-100 elementor-top-column elementor-element elementor-element-42d86b9\" data-id=\"42d86b9\" data-element_type=\"column\">\n\t\t\t<div class=\"elementor-widget-wrap elementor-element-populated\">\n\t\t\t\t\t\t<div class=\"elementor-element elementor-element-28fbd43 elementor-position-left elementor-vertical-align-middle elementor-widget elementor-widget-image-box\" data-id=\"28fbd43\" data-element_type=\"widget\" data-widget_type=\"image-box.default\">\n\t\t\t\t<div class=\"elementor-widget-container\">\n\t\t\t<div class=\"elementor-image-box-wrapper\"><figure class=\"elementor-image-box-img\"><img fetchpriority=\"high\" decoding=\"async\" width=\"1280\" height=\"997\" src=\"https:\/\/www.mecamaster.com\/mm\/wp-content\/uploads\/2018\/03\/CatiaV5_Icon.png\" class=\"attachment-full size-full wp-image-721\" alt=\"\" srcset=\"https:\/\/www.mecamaster.com\/mm\/wp-content\/uploads\/2018\/03\/CatiaV5_Icon.png 1280w, https:\/\/www.mecamaster.com\/mm\/wp-content\/uploads\/2018\/03\/CatiaV5_Icon-300x234.png 300w, https:\/\/www.mecamaster.com\/mm\/wp-content\/uploads\/2018\/03\/CatiaV5_Icon-768x598.png 768w, https:\/\/www.mecamaster.com\/mm\/wp-content\/uploads\/2018\/03\/CatiaV5_Icon-1024x798.png 1024w\" sizes=\"(max-width: 1280px) 100vw, 1280px\" \/><\/figure><div class=\"elementor-image-box-content\"><h3 class=\"elementor-image-box-title\"><font color=\"#117abc\">CATIA V5<\/font><\/h3><p class=\"elementor-image-box-description\">CATIA V5 est un logiciel bien connu et largement utilis\u00e9 pour la conception de produits. Edit\u00e9 par Dassault Syst\u00e8mes, la version V5 est toujours une r\u00e9f\u00e9rence pour la conception de produits dans les grandes industries et entreprises.<\/p><\/div><\/div>\t\t<\/div>\n\t\t\t\t<\/div>\n\t\t\t\t\t<\/div>\n\t\t<\/div>\n\t\t\t\t\t<\/div>\n\t\t<\/section>\n\t\t\t\t<section class=\"elementor-section elementor-top-section elementor-element elementor-element-c67b2db elementor-section-boxed elementor-section-height-default elementor-section-height-default\" data-id=\"c67b2db\" data-element_type=\"section\">\n\t\t\t\t\t\t<div class=\"elementor-container elementor-column-gap-default\">\n\t\t\t\t\t<div class=\"elementor-column elementor-col-50 elementor-top-column elementor-element elementor-element-2cbb0a4\" data-id=\"2cbb0a4\" data-element_type=\"column\">\n\t\t\t<div class=\"elementor-widget-wrap elementor-element-populated\">\n\t\t\t\t\t\t<div class=\"elementor-element elementor-element-d018017 elementor-widget elementor-widget-text-editor\" data-id=\"d018017\" data-element_type=\"widget\" data-widget_type=\"text-editor.default\">\n\t\t\t\t<div class=\"elementor-widget-container\">\n\t\t\t\t\t\t\t<p>MECAmaster proopose son outil de simulation dans CATIA V5 en tant qu&#8217;application automation depuis plus de 20 ans.\u00a0<\/p>\t\t\t\t\t\t<\/div>\n\t\t\t\t<\/div>\n\t\t\t\t<section class=\"elementor-section elementor-inner-section elementor-element elementor-element-991368c elementor-section-boxed elementor-section-height-default elementor-section-height-default\" data-id=\"991368c\" data-element_type=\"section\">\n\t\t\t\t\t\t<div class=\"elementor-container elementor-column-gap-default\">\n\t\t\t\t\t<div class=\"elementor-column elementor-col-50 elementor-inner-column elementor-element elementor-element-4ba81cb\" data-id=\"4ba81cb\" data-element_type=\"column\">\n\t\t\t<div class=\"elementor-widget-wrap elementor-element-populated\">\n\t\t\t\t\t\t<div class=\"elementor-element elementor-element-da2b0b0 elementor-widget elementor-widget-image\" data-id=\"da2b0b0\" data-element_type=\"widget\" data-widget_type=\"image.default\">\n\t\t\t\t<div class=\"elementor-widget-container\">\n\t\t\t\t\t\t\t\t\t\t\t\t\t<img decoding=\"async\" width=\"64\" height=\"64\" src=\"https:\/\/www.mecamaster.com\/mm\/wp-content\/uploads\/2018\/03\/Bitmap_Workbench_64x64.bmp\" class=\"attachment-large size-large wp-image-803\" alt=\"\" \/>\t\t\t\t\t\t\t\t\t\t\t\t\t<\/div>\n\t\t\t\t<\/div>\n\t\t\t\t\t<\/div>\n\t\t<\/div>\n\t\t\t\t<div class=\"elementor-column elementor-col-50 elementor-inner-column elementor-element elementor-element-05d7753\" data-id=\"05d7753\" data-element_type=\"column\">\n\t\t\t<div class=\"elementor-widget-wrap elementor-element-populated\">\n\t\t\t\t\t\t<div class=\"elementor-element elementor-element-57a84f0 elementor-widget elementor-widget-text-editor\" data-id=\"57a84f0\" data-element_type=\"widget\" data-widget_type=\"text-editor.default\">\n\t\t\t\t<div class=\"elementor-widget-container\">\n\t\t\t\t\t\t\t<p>Il est enti\u00e8rement connect\u00e9 \u00e0 CATIA V5, et est encore aujourd&#8217;hui la solution MECAmaster la plus utilis\u00e9e au monde!<\/p>\t\t\t\t\t\t<\/div>\n\t\t\t\t<\/div>\n\t\t\t\t\t<\/div>\n\t\t<\/div>\n\t\t\t\t\t<\/div>\n\t\t<\/section>\n\t\t\t\t\t<\/div>\n\t\t<\/div>\n\t\t\t\t<div class=\"elementor-column elementor-col-50 elementor-top-column elementor-element elementor-element-98bd338\" data-id=\"98bd338\" data-element_type=\"column\">\n\t\t\t<div class=\"elementor-widget-wrap elementor-element-populated\">\n\t\t\t\t\t\t<div class=\"elementor-element elementor-element-d34c478 elementor-widget elementor-widget-image\" data-id=\"d34c478\" data-element_type=\"widget\" data-widget_type=\"image.default\">\n\t\t\t\t<div class=\"elementor-widget-container\">\n\t\t\t\t\t\t\t\t\t\t\t\t\t<img decoding=\"async\" width=\"1024\" height=\"605\" src=\"https:\/\/www.mecamaster.com\/mm\/wp-content\/uploads\/2018\/03\/MCAV5_KINE-1024x605.png\" class=\"attachment-large size-large wp-image-805\" alt=\"\" srcset=\"https:\/\/www.mecamaster.com\/mm\/wp-content\/uploads\/2018\/03\/MCAV5_KINE-1024x605.png 1024w, https:\/\/www.mecamaster.com\/mm\/wp-content\/uploads\/2018\/03\/MCAV5_KINE-300x177.png 300w, https:\/\/www.mecamaster.com\/mm\/wp-content\/uploads\/2018\/03\/MCAV5_KINE-768x454.png 768w, https:\/\/www.mecamaster.com\/mm\/wp-content\/uploads\/2018\/03\/MCAV5_KINE.png 1827w\" sizes=\"(max-width: 1024px) 100vw, 1024px\" \/>\t\t\t\t\t\t\t\t\t\t\t\t\t<\/div>\n\t\t\t\t<\/div>\n\t\t\t\t\t<\/div>\n\t\t<\/div>\n\t\t\t\t\t<\/div>\n\t\t<\/section>\n\t\t\t\t<section class=\"elementor-section elementor-top-section elementor-element elementor-element-d87ad08 elementor-section-boxed elementor-section-height-default elementor-section-height-default\" data-id=\"d87ad08\" data-element_type=\"section\">\n\t\t\t\t\t\t<div class=\"elementor-container elementor-column-gap-default\">\n\t\t\t\t\t<div class=\"elementor-column elementor-col-100 elementor-top-column elementor-element elementor-element-23ed594\" data-id=\"23ed594\" data-element_type=\"column\">\n\t\t\t<div class=\"elementor-widget-wrap elementor-element-populated\">\n\t\t\t\t\t\t<div class=\"elementor-element elementor-element-c7ff2d4 elementor-widget elementor-widget-text-editor\" data-id=\"c7ff2d4\" data-element_type=\"widget\" data-widget_type=\"text-editor.default\">\n\t\t\t\t<div class=\"elementor-widget-container\">\n\t\t\t\t\t\t\t<h2>Points Cl\u00e9s<\/h2><p>MECAmaster fonctionne dans un CATProduct CATIA V5 et est enti\u00e8rement connect\u00e9 \u00e0 l&#8217;application ma\u00eetre. Le mod\u00e8le est construit via une interface simple utilisant la s\u00e9lection directe d&#8217;entit\u00e9s g\u00e9om\u00e9triques (et d&#8217;annotations pour les derni\u00e8res versions) et est enregistr\u00e9 avec toutes les inputs dans un fichier CATProduct li\u00e9 au CATProduct de l&#8217;\u00e9tude.<\/p><p id=\"tw-target-text\" class=\"tw-data-text tw-ta tw-text-small\" dir=\"ltr\" data-placeholder=\"Traduction\"><span lang=\"fr\">Les entit\u00e9s MECAmaster \u00e9tant des entit\u00e9s CATIA V5, elles b\u00e9n\u00e9ficient de toutes les fonctionnalit\u00e9s int\u00e9ressantes de CATIA V5 telles que la manipulation, les contraintes, etc. ouvrant un large panel de fonctionnalit\u00e9s compl\u00e9mentaires (analyse cin\u00e9matique, manipulation rapide pour tester les \u00e9volutions de concepts sans changer le DMU &#8230;)<\/span><\/p>\t\t\t\t\t\t<\/div>\n\t\t\t\t<\/div>\n\t\t\t\t\t<\/div>\n\t\t<\/div>\n\t\t\t\t\t<\/div>\n\t\t<\/section>\n\t\t\t\t<section class=\"elementor-section elementor-top-section elementor-element elementor-element-7db0bfd elementor-section-stretched elementor-section-boxed elementor-section-height-default elementor-section-height-default\" data-id=\"7db0bfd\" data-element_type=\"section\" data-settings=\"{&quot;stretch_section&quot;:&quot;section-stretched&quot;,&quot;background_background&quot;:&quot;classic&quot;}\">\n\t\t\t\t\t\t<div class=\"elementor-container elementor-column-gap-default\">\n\t\t\t\t\t<div class=\"elementor-column elementor-col-100 elementor-top-column elementor-element elementor-element-7ddecd3\" data-id=\"7ddecd3\" data-element_type=\"column\">\n\t\t\t<div class=\"elementor-widget-wrap elementor-element-populated\">\n\t\t\t\t\t\t<div class=\"elementor-element elementor-element-83ed1b2 elementor-widget elementor-widget-toggle\" data-id=\"83ed1b2\" data-element_type=\"widget\" data-widget_type=\"toggle.default\">\n\t\t\t\t<div class=\"elementor-widget-container\">\n\t\t\t\t\t<div class=\"elementor-toggle\">\n\t\t\t\t\t\t\t<div class=\"elementor-toggle-item\">\n\t\t\t\t\t<div id=\"elementor-tab-title-1381\" class=\"elementor-tab-title\" data-tab=\"1\" role=\"button\" aria-controls=\"elementor-tab-content-1381\" aria-expanded=\"false\">\n\t\t\t\t\t\t\t\t\t\t\t\t<span class=\"elementor-toggle-icon elementor-toggle-icon-left\" aria-hidden=\"true\">\n\t\t\t\t\t\t\t\t\t\t\t\t\t\t\t<i class=\"elementor-toggle-icon-closed fa fa-caret-right\"><\/i>\n\t\t\t\t\t\t\t\t<i class=\"elementor-toggle-icon-opened fa fa-caret-up\"><\/i>\n\t\t\t\t\t\t\t\t\t\t\t\t\t<\/span>\n\t\t\t\t\t\t\t\t\t\t\t\t<a class=\"elementor-toggle-title\" tabindex=\"0\">Quel Produit MECAmaster est disponible dans CATIA V5<\/a>\n\t\t\t\t\t<\/div>\n\n\t\t\t\t\t<div id=\"elementor-tab-content-1381\" class=\"elementor-tab-content elementor-clearfix\" data-tab=\"1\" role=\"region\" aria-labelledby=\"elementor-tab-title-1381\"><ul>\n<li>\n<p id=\"tw-target-text\" class=\"tw-data-text tw-ta tw-text-small\" dir=\"ltr\" data-placeholder=\"Traduction\"><span lang=\"fr\">Les fonctionnalit\u00e9s 3D Tolerances et 3D Loads de MECAmaster Assembly sont disponibles dans CATIA V5<\/span><\/p><\/li>\n<\/ul><\/div>\n\t\t\t\t<\/div>\n\t\t\t\t\t\t\t<div class=\"elementor-toggle-item\">\n\t\t\t\t\t<div id=\"elementor-tab-title-1382\" class=\"elementor-tab-title\" data-tab=\"2\" role=\"button\" aria-controls=\"elementor-tab-content-1382\" aria-expanded=\"false\">\n\t\t\t\t\t\t\t\t\t\t\t\t<span class=\"elementor-toggle-icon elementor-toggle-icon-left\" aria-hidden=\"true\">\n\t\t\t\t\t\t\t\t\t\t\t\t\t\t\t<i class=\"elementor-toggle-icon-closed fa fa-caret-right\"><\/i>\n\t\t\t\t\t\t\t\t<i class=\"elementor-toggle-icon-opened fa fa-caret-up\"><\/i>\n\t\t\t\t\t\t\t\t\t\t\t\t\t<\/span>\n\t\t\t\t\t\t\t\t\t\t\t\t<a class=\"elementor-toggle-title\" tabindex=\"0\">Quelle version de CATIA V5 est support\u00e9e ?<\/a>\n\t\t\t\t\t<\/div>\n\n\t\t\t\t\t<div id=\"elementor-tab-content-1382\" class=\"elementor-tab-content elementor-clearfix\" data-tab=\"2\" role=\"region\" aria-labelledby=\"elementor-tab-title-1382\"><p>Les premi\u00e8res versions de MECAmaster ont \u00e9t\u00e9 impl\u00e9ment\u00e9es dans CATIA V5R9.<\/p>\n<p>La derni\u00e8re \u00e9volution de MECAmaster couvre aujourd&#8217;hui en g\u00e9n\u00e9ral les 5 derni\u00e8res version de CATIA V5.&nbsp;&nbsp;Pour les versions pr\u00e9c\u00e9dentes, veuillez contacter directement MECAmaster SARL afin de v\u00e9rifier quelle \u00e9volution peut \u00eatre propos\u00e9e.<\/p><\/div>\n\t\t\t\t<\/div>\n\t\t\t\t\t\t\t<div class=\"elementor-toggle-item\">\n\t\t\t\t\t<div id=\"elementor-tab-title-1383\" class=\"elementor-tab-title\" data-tab=\"3\" role=\"button\" aria-controls=\"elementor-tab-content-1383\" aria-expanded=\"false\">\n\t\t\t\t\t\t\t\t\t\t\t\t<span class=\"elementor-toggle-icon elementor-toggle-icon-left\" aria-hidden=\"true\">\n\t\t\t\t\t\t\t\t\t\t\t\t\t\t\t<i class=\"elementor-toggle-icon-closed fa fa-caret-right\"><\/i>\n\t\t\t\t\t\t\t\t<i class=\"elementor-toggle-icon-opened fa fa-caret-up\"><\/i>\n\t\t\t\t\t\t\t\t\t\t\t\t\t<\/span>\n\t\t\t\t\t\t\t\t\t\t\t\t<a class=\"elementor-toggle-title\" tabindex=\"0\">Quels sont les pr\u00e9-requis de licence CATIA V5 ?<\/a>\n\t\t\t\t\t<\/div>\n\n\t\t\t\t\t<div id=\"elementor-tab-content-1383\" class=\"elementor-tab-content elementor-clearfix\" data-tab=\"3\" role=\"region\" aria-labelledby=\"elementor-tab-title-1383\"><ul><li>Les pr\u00e9-requis de licences obligatories sont\u00a0<strong>MD2<\/strong>\u00a0(ou HD2)<\/li><li>Les co-requis de licences facultatifs sont\u00a0<strong>FT1 \/ FT2<\/strong><\/li><\/ul><\/div>\n\t\t\t\t<\/div>\n\t\t\t\t\t\t\t<div class=\"elementor-toggle-item\">\n\t\t\t\t\t<div id=\"elementor-tab-title-1384\" class=\"elementor-tab-title\" data-tab=\"4\" role=\"button\" aria-controls=\"elementor-tab-content-1384\" aria-expanded=\"false\">\n\t\t\t\t\t\t\t\t\t\t\t\t<span class=\"elementor-toggle-icon elementor-toggle-icon-left\" aria-hidden=\"true\">\n\t\t\t\t\t\t\t\t\t\t\t\t\t\t\t<i class=\"elementor-toggle-icon-closed fa fa-caret-right\"><\/i>\n\t\t\t\t\t\t\t\t<i class=\"elementor-toggle-icon-opened fa fa-caret-up\"><\/i>\n\t\t\t\t\t\t\t\t\t\t\t\t\t<\/span>\n\t\t\t\t\t\t\t\t\t\t\t\t<a class=\"elementor-toggle-title\" tabindex=\"0\">Y a t'il une date de fin de support de CATIA V5 ?<\/a>\n\t\t\t\t\t<\/div>\n\n\t\t\t\t\t<div id=\"elementor-tab-content-1384\" class=\"elementor-tab-content elementor-clearfix\" data-tab=\"4\" role=\"region\" aria-labelledby=\"elementor-tab-title-1384\"><p><span style=\"font-size: 16px; font-family: inherit;\">La fin du support de CATIA V5 n&#8217;est pas pr\u00e9vue. MECAmaster conservera probablement toujours son int\u00e9gration CATIA V5 active tant qu&#8217;il y aura de la demande m\u00eame si l&#8217;effort de d\u00e9veloppement va migrer de plus en plus de CATIA V5 \u00e0 3DExperience.<\/span><br><\/p><\/div>\n\t\t\t\t<\/div>\n\t\t\t\t\t\t\t\t<\/div>\n\t\t\t\t<\/div>\n\t\t\t\t<\/div>\n\t\t\t\t\t<\/div>\n\t\t<\/div>\n\t\t\t\t\t<\/div>\n\t\t<\/section>\n\t\t\t\t<\/div>\n\t\t","protected":false},"excerpt":{"rendered":"<p>CATIA V5 CATIA V5 est un logiciel bien connu et largement utilis\u00e9 pour la conception de produits. Edit\u00e9 par Dassault Syst\u00e8mes, la version V5 est toujours une r\u00e9f\u00e9rence pour la conception de produits dans les grandes industries et entreprises. MECAmaster proopose son outil de simulation dans CATIA V5 en tant qu&#8217;application automation depuis plus de [&hellip;]<\/p>\n<div class=\"ccfw-readmore\"><a href=\"https:\/\/www.mecamaster.com\/mm\/fr\/integrations\/catia-v5-fr\/\" class=\"more-link\">Read More<\/a><\/div>","protected":false},"author":2,"featured_media":0,"parent":961,"menu_order":2,"comment_status":"closed","ping_status":"closed","template":"","meta":{"footnotes":""},"class_list":["post-952","page","type-page","status-publish","hentry"],"yoast_head":"<!-- This site is optimized with the Yoast SEO plugin v24.4 - https:\/\/yoast.com\/wordpress\/plugins\/seo\/ -->\n<title>CATIA V5 - MECAmaster<\/title>\n<meta name=\"robots\" content=\"index, follow, max-snippet:-1, max-image-preview:large, max-video-preview:-1\" \/>\n<link rel=\"canonical\" href=\"https:\/\/www.mecamaster.com\/mm\/fr\/integrations\/catia-v5-fr\/\" \/>\n<meta property=\"og:locale\" content=\"en_GB\" \/>\n<meta property=\"og:type\" content=\"article\" \/>\n<meta property=\"og:title\" content=\"CATIA V5 - MECAmaster\" \/>\n<meta property=\"og:description\" content=\"CATIA V5 CATIA V5 est un logiciel bien connu et largement utilis\u00e9 pour la conception de produits. Edit\u00e9 par Dassault Syst\u00e8mes, la version V5 est toujours une r\u00e9f\u00e9rence pour la conception de produits dans les grandes industries et entreprises. MECAmaster proopose son outil de simulation dans CATIA V5 en tant qu&#8217;application automation depuis plus de [&hellip;]\" \/>\n<meta property=\"og:url\" content=\"https:\/\/www.mecamaster.com\/mm\/fr\/integrations\/catia-v5-fr\/\" \/>\n<meta property=\"og:site_name\" content=\"MECAmaster\" \/>\n<meta property=\"article:modified_time\" content=\"2024-02-28T15:50:48+00:00\" \/>\n<meta property=\"og:image\" content=\"http:\/\/www.mecamaster.com\/mm\/wp-content\/uploads\/2018\/03\/CatiaV5_Icon.png\" \/>\n<meta name=\"twitter:card\" content=\"summary_large_image\" \/>\n<meta name=\"twitter:label1\" content=\"Estimated reading time\" \/>\n\t<meta name=\"twitter:data1\" content=\"3 minutes\" \/>\n<script type=\"application\/ld+json\" class=\"yoast-schema-graph\">{\"@context\":\"https:\/\/schema.org\",\"@graph\":[{\"@type\":\"WebPage\",\"@id\":\"https:\/\/www.mecamaster.com\/mm\/fr\/integrations\/catia-v5-fr\/\",\"url\":\"https:\/\/www.mecamaster.com\/mm\/fr\/integrations\/catia-v5-fr\/\",\"name\":\"CATIA V5 - MECAmaster\",\"isPartOf\":{\"@id\":\"https:\/\/www.mecamaster.com\/mm\/#website\"},\"primaryImageOfPage\":{\"@id\":\"https:\/\/www.mecamaster.com\/mm\/fr\/integrations\/catia-v5-fr\/#primaryimage\"},\"image\":{\"@id\":\"https:\/\/www.mecamaster.com\/mm\/fr\/integrations\/catia-v5-fr\/#primaryimage\"},\"thumbnailUrl\":\"http:\/\/www.mecamaster.com\/mm\/wp-content\/uploads\/2018\/03\/CatiaV5_Icon.png\",\"datePublished\":\"2018-03-14T10:25:00+00:00\",\"dateModified\":\"2024-02-28T15:50:48+00:00\",\"breadcrumb\":{\"@id\":\"https:\/\/www.mecamaster.com\/mm\/fr\/integrations\/catia-v5-fr\/#breadcrumb\"},\"inLanguage\":\"en-GB\",\"potentialAction\":[{\"@type\":\"ReadAction\",\"target\":[\"https:\/\/www.mecamaster.com\/mm\/fr\/integrations\/catia-v5-fr\/\"]}]},{\"@type\":\"ImageObject\",\"inLanguage\":\"en-GB\",\"@id\":\"https:\/\/www.mecamaster.com\/mm\/fr\/integrations\/catia-v5-fr\/#primaryimage\",\"url\":\"https:\/\/www.mecamaster.com\/mm\/wp-content\/uploads\/2018\/03\/CatiaV5_Icon.png\",\"contentUrl\":\"https:\/\/www.mecamaster.com\/mm\/wp-content\/uploads\/2018\/03\/CatiaV5_Icon.png\",\"width\":1280,\"height\":997},{\"@type\":\"BreadcrumbList\",\"@id\":\"https:\/\/www.mecamaster.com\/mm\/fr\/integrations\/catia-v5-fr\/#breadcrumb\",\"itemListElement\":[{\"@type\":\"ListItem\",\"position\":1,\"name\":\"Home\",\"item\":\"https:\/\/www.mecamaster.com\/mm\/en\/home\/\"},{\"@type\":\"ListItem\",\"position\":2,\"name\":\"Int\u00e9grations\",\"item\":\"https:\/\/www.mecamaster.com\/mm\/fr\/integrations\/\"},{\"@type\":\"ListItem\",\"position\":3,\"name\":\"CATIA V5\"}]},{\"@type\":\"WebSite\",\"@id\":\"https:\/\/www.mecamaster.com\/mm\/#website\",\"url\":\"https:\/\/www.mecamaster.com\/mm\/\",\"name\":\"MECAmaster\",\"description\":\"3D Tolerances &amp; Loads\",\"potentialAction\":[{\"@type\":\"SearchAction\",\"target\":{\"@type\":\"EntryPoint\",\"urlTemplate\":\"https:\/\/www.mecamaster.com\/mm\/?s={search_term_string}\"},\"query-input\":{\"@type\":\"PropertyValueSpecification\",\"valueRequired\":true,\"valueName\":\"search_term_string\"}}],\"inLanguage\":\"en-GB\"}]}<\/script>\n<!-- \/ Yoast SEO plugin. -->","yoast_head_json":{"title":"CATIA V5 - MECAmaster","robots":{"index":"index","follow":"follow","max-snippet":"max-snippet:-1","max-image-preview":"max-image-preview:large","max-video-preview":"max-video-preview:-1"},"canonical":"https:\/\/www.mecamaster.com\/mm\/fr\/integrations\/catia-v5-fr\/","og_locale":"en_GB","og_type":"article","og_title":"CATIA V5 - MECAmaster","og_description":"CATIA V5 CATIA V5 est un logiciel bien connu et largement utilis\u00e9 pour la conception de produits. Edit\u00e9 par Dassault Syst\u00e8mes, la version V5 est toujours une r\u00e9f\u00e9rence pour la conception de produits dans les grandes industries et entreprises. MECAmaster proopose son outil de simulation dans CATIA V5 en tant qu&#8217;application automation depuis plus de [&hellip;]","og_url":"https:\/\/www.mecamaster.com\/mm\/fr\/integrations\/catia-v5-fr\/","og_site_name":"MECAmaster","article_modified_time":"2024-02-28T15:50:48+00:00","og_image":[{"url":"http:\/\/www.mecamaster.com\/mm\/wp-content\/uploads\/2018\/03\/CatiaV5_Icon.png","type":"","width":"","height":""}],"twitter_card":"summary_large_image","twitter_misc":{"Estimated reading time":"3 minutes"},"schema":{"@context":"https:\/\/schema.org","@graph":[{"@type":"WebPage","@id":"https:\/\/www.mecamaster.com\/mm\/fr\/integrations\/catia-v5-fr\/","url":"https:\/\/www.mecamaster.com\/mm\/fr\/integrations\/catia-v5-fr\/","name":"CATIA V5 - MECAmaster","isPartOf":{"@id":"https:\/\/www.mecamaster.com\/mm\/#website"},"primaryImageOfPage":{"@id":"https:\/\/www.mecamaster.com\/mm\/fr\/integrations\/catia-v5-fr\/#primaryimage"},"image":{"@id":"https:\/\/www.mecamaster.com\/mm\/fr\/integrations\/catia-v5-fr\/#primaryimage"},"thumbnailUrl":"http:\/\/www.mecamaster.com\/mm\/wp-content\/uploads\/2018\/03\/CatiaV5_Icon.png","datePublished":"2018-03-14T10:25:00+00:00","dateModified":"2024-02-28T15:50:48+00:00","breadcrumb":{"@id":"https:\/\/www.mecamaster.com\/mm\/fr\/integrations\/catia-v5-fr\/#breadcrumb"},"inLanguage":"en-GB","potentialAction":[{"@type":"ReadAction","target":["https:\/\/www.mecamaster.com\/mm\/fr\/integrations\/catia-v5-fr\/"]}]},{"@type":"ImageObject","inLanguage":"en-GB","@id":"https:\/\/www.mecamaster.com\/mm\/fr\/integrations\/catia-v5-fr\/#primaryimage","url":"https:\/\/www.mecamaster.com\/mm\/wp-content\/uploads\/2018\/03\/CatiaV5_Icon.png","contentUrl":"https:\/\/www.mecamaster.com\/mm\/wp-content\/uploads\/2018\/03\/CatiaV5_Icon.png","width":1280,"height":997},{"@type":"BreadcrumbList","@id":"https:\/\/www.mecamaster.com\/mm\/fr\/integrations\/catia-v5-fr\/#breadcrumb","itemListElement":[{"@type":"ListItem","position":1,"name":"Home","item":"https:\/\/www.mecamaster.com\/mm\/en\/home\/"},{"@type":"ListItem","position":2,"name":"Int\u00e9grations","item":"https:\/\/www.mecamaster.com\/mm\/fr\/integrations\/"},{"@type":"ListItem","position":3,"name":"CATIA V5"}]},{"@type":"WebSite","@id":"https:\/\/www.mecamaster.com\/mm\/#website","url":"https:\/\/www.mecamaster.com\/mm\/","name":"MECAmaster","description":"3D Tolerances &amp; Loads","potentialAction":[{"@type":"SearchAction","target":{"@type":"EntryPoint","urlTemplate":"https:\/\/www.mecamaster.com\/mm\/?s={search_term_string}"},"query-input":{"@type":"PropertyValueSpecification","valueRequired":true,"valueName":"search_term_string"}}],"inLanguage":"en-GB"}]}},"_links":{"self":[{"href":"https:\/\/www.mecamaster.com\/mm\/wp-json\/wp\/v2\/pages\/952","targetHints":{"allow":["GET"]}}],"collection":[{"href":"https:\/\/www.mecamaster.com\/mm\/wp-json\/wp\/v2\/pages"}],"about":[{"href":"https:\/\/www.mecamaster.com\/mm\/wp-json\/wp\/v2\/types\/page"}],"author":[{"embeddable":true,"href":"https:\/\/www.mecamaster.com\/mm\/wp-json\/wp\/v2\/users\/2"}],"replies":[{"embeddable":true,"href":"https:\/\/www.mecamaster.com\/mm\/wp-json\/wp\/v2\/comments?post=952"}],"version-history":[{"count":10,"href":"https:\/\/www.mecamaster.com\/mm\/wp-json\/wp\/v2\/pages\/952\/revisions"}],"predecessor-version":[{"id":1285,"href":"https:\/\/www.mecamaster.com\/mm\/wp-json\/wp\/v2\/pages\/952\/revisions\/1285"}],"up":[{"embeddable":true,"href":"https:\/\/www.mecamaster.com\/mm\/wp-json\/wp\/v2\/pages\/961"}],"wp:attachment":[{"href":"https:\/\/www.mecamaster.com\/mm\/wp-json\/wp\/v2\/media?parent=952"}],"curies":[{"name":"wp","href":"https:\/\/api.w.org\/{rel}","templated":true}]}}