{"id":956,"date":"2018-03-14T10:44:30","date_gmt":"2018-03-14T10:44:30","guid":{"rendered":"http:\/\/www.mecamaster.com\/mm\/?page_id=956"},"modified":"2022-11-21T08:56:53","modified_gmt":"2022-11-21T08:56:53","slug":"spaceclaim-fr","status":"publish","type":"page","link":"https:\/\/www.mecamaster.com\/mm\/fr\/integrations\/spaceclaim-fr\/","title":{"rendered":"SpaceClaim"},"content":{"rendered":"\t\t<div data-elementor-type=\"wp-page\" data-elementor-id=\"956\" class=\"elementor elementor-956\">\n\t\t\t\t\t\t<section class=\"elementor-section elementor-top-section elementor-element elementor-element-4c8abd9 elementor-section-boxed elementor-section-height-default elementor-section-height-default\" data-id=\"4c8abd9\" data-element_type=\"section\">\n\t\t\t\t\t\t<div class=\"elementor-container elementor-column-gap-default\">\n\t\t\t\t\t<div class=\"elementor-column elementor-col-100 elementor-top-column elementor-element elementor-element-96cf80a\" data-id=\"96cf80a\" data-element_type=\"column\">\n\t\t\t<div class=\"elementor-widget-wrap elementor-element-populated\">\n\t\t\t\t\t\t<div class=\"elementor-element elementor-element-50b8fbc elementor-position-left elementor-vertical-align-middle elementor-widget elementor-widget-image-box\" data-id=\"50b8fbc\" data-element_type=\"widget\" data-widget_type=\"image-box.default\">\n\t\t\t\t<div class=\"elementor-widget-container\">\n\t\t\t<div class=\"elementor-image-box-wrapper\"><figure class=\"elementor-image-box-img\"><img fetchpriority=\"high\" decoding=\"async\" width=\"400\" height=\"319\" src=\"https:\/\/www.mecamaster.com\/mm\/wp-content\/uploads\/2018\/03\/Spaceclaim_logo.png\" class=\"attachment-full size-full wp-image-722\" alt=\"\" srcset=\"https:\/\/www.mecamaster.com\/mm\/wp-content\/uploads\/2018\/03\/Spaceclaim_logo.png 400w, https:\/\/www.mecamaster.com\/mm\/wp-content\/uploads\/2018\/03\/Spaceclaim_logo-300x239.png 300w\" sizes=\"(max-width: 400px) 100vw, 400px\" \/><\/figure><div class=\"elementor-image-box-content\"><h3 class=\"elementor-image-box-title\"><font color=\"#117abc\">SpaceClaim<\/font><\/h3><p class=\"elementor-image-box-description\">SpaceClaim, \u00e9dit\u00e9 par ANSYS, permet \u00e0 quiconque de cr\u00e9er, modifier ou r\u00e9parer rapidement une g\u00e9om\u00e9trie provenant d'un large panel d'environnements CAO gr\u00e2ce \u00e0 un puissant traducteur. <br> C'est un outil parfait pour tous ceux qui doivent travailler \u00e0 partir d'une maquette num\u00e9rique ou m\u00eame d'en cr\u00e9er une facilement sans avoir \u00e0 \u00eatre un concepteur.\n<\/p><\/div><\/div>\t\t<\/div>\n\t\t\t\t<\/div>\n\t\t\t\t\t<\/div>\n\t\t<\/div>\n\t\t\t\t\t<\/div>\n\t\t<\/section>\n\t\t\t\t<section class=\"elementor-section elementor-top-section elementor-element elementor-element-1d478d2 elementor-section-boxed elementor-section-height-default elementor-section-height-default\" data-id=\"1d478d2\" data-element_type=\"section\">\n\t\t\t\t\t\t<div class=\"elementor-container elementor-column-gap-default\">\n\t\t\t\t\t<div class=\"elementor-column elementor-col-50 elementor-top-column elementor-element elementor-element-a485c25\" data-id=\"a485c25\" data-element_type=\"column\">\n\t\t\t<div class=\"elementor-widget-wrap elementor-element-populated\">\n\t\t\t\t\t\t<div class=\"elementor-element elementor-element-cdc37db elementor-widget elementor-widget-text-editor\" data-id=\"cdc37db\" data-element_type=\"widget\" data-widget_type=\"text-editor.default\">\n\t\t\t\t<div class=\"elementor-widget-container\">\n\t\t\t\t\t\t\t<p id=\"tw-target-text\" class=\"tw-data-text tw-ta tw-text-small\" dir=\"ltr\" data-placeholder=\"Traduction\"><span lang=\"fr\">MECAmaster est aujourd&#8217;hui disponible gr\u00e2ce \u00e0 ses int\u00e9grations directes\u00a0 aux utilisateurs de CATIA (V5 ou 3DExperience). <\/span><\/p><p class=\"tw-data-text tw-ta tw-text-small\" dir=\"ltr\" data-placeholder=\"Traduction\"><span lang=\"fr\">SpaceClaim offrira alors une bonne alternative \u00e0 quiconque travaillant dans un autre environnement pour acc\u00e9der aux fonctionnalit\u00e9s puissantes de MECAmaster.<\/span><\/p><p class=\"tw-data-text tw-ta tw-text-small\" dir=\"ltr\" data-placeholder=\"Traduction\"><span lang=\"fr\">L&#8217;int\u00e9gration dans SpaceClaim est aujourd&#8217;hui en cours de d\u00e9veloppement et sera disponible en 2019. <\/span><\/p><p class=\"tw-data-text tw-ta tw-text-small\" dir=\"ltr\" data-placeholder=\"Traduction\"><span lang=\"fr\">Restez inform\u00e9!<\/span><\/p>\t\t\t\t\t\t<\/div>\n\t\t\t\t<\/div>\n\t\t\t\t\t<\/div>\n\t\t<\/div>\n\t\t\t\t<div class=\"elementor-column elementor-col-50 elementor-top-column elementor-element elementor-element-30a7f01\" data-id=\"30a7f01\" data-element_type=\"column\">\n\t\t\t<div class=\"elementor-widget-wrap elementor-element-populated\">\n\t\t\t\t\t\t<div class=\"elementor-element elementor-element-dee6386 elementor-widget elementor-widget-image\" data-id=\"dee6386\" data-element_type=\"widget\" data-widget_type=\"image.default\">\n\t\t\t\t<div class=\"elementor-widget-container\">\n\t\t\t\t\t\t\t\t\t\t\t\t\t<img decoding=\"async\" width=\"1024\" height=\"605\" src=\"https:\/\/www.mecamaster.com\/mm\/wp-content\/uploads\/2018\/03\/MCASPC_SPACECLAIM_SEUL-1024x605.png\" class=\"attachment-large size-large wp-image-813\" alt=\"\" srcset=\"https:\/\/www.mecamaster.com\/mm\/wp-content\/uploads\/2018\/03\/MCASPC_SPACECLAIM_SEUL-1024x605.png 1024w, https:\/\/www.mecamaster.com\/mm\/wp-content\/uploads\/2018\/03\/MCASPC_SPACECLAIM_SEUL-300x177.png 300w, https:\/\/www.mecamaster.com\/mm\/wp-content\/uploads\/2018\/03\/MCASPC_SPACECLAIM_SEUL-768x454.png 768w, https:\/\/www.mecamaster.com\/mm\/wp-content\/uploads\/2018\/03\/MCASPC_SPACECLAIM_SEUL.png 1826w\" sizes=\"(max-width: 1024px) 100vw, 1024px\" \/>\t\t\t\t\t\t\t\t\t\t\t\t\t<\/div>\n\t\t\t\t<\/div>\n\t\t\t\t\t<\/div>\n\t\t<\/div>\n\t\t\t\t\t<\/div>\n\t\t<\/section>\n\t\t\t\t<section class=\"elementor-section elementor-top-section elementor-element elementor-element-bef8fc6 elementor-section-boxed elementor-section-height-default elementor-section-height-default\" data-id=\"bef8fc6\" data-element_type=\"section\">\n\t\t\t\t\t\t<div class=\"elementor-container elementor-column-gap-default\">\n\t\t\t\t\t<div class=\"elementor-column elementor-col-100 elementor-top-column elementor-element elementor-element-e690cac\" data-id=\"e690cac\" data-element_type=\"column\">\n\t\t\t<div class=\"elementor-widget-wrap elementor-element-populated\">\n\t\t\t\t\t\t<div class=\"elementor-element elementor-element-8c3e21a elementor-widget elementor-widget-text-editor\" data-id=\"8c3e21a\" data-element_type=\"widget\" data-widget_type=\"text-editor.default\">\n\t\t\t\t<div class=\"elementor-widget-container\">\n\t\t\t\t\t\t\t<h2>Points Cl\u00e9s<\/h2><p>Pourquoi utiliser l&#8217;int\u00e9gration SpaceClaim de MECAmaster? C&#8217;est la question majeure ici &#8230; Cette int\u00e9gration a \u00e9t\u00e9 con\u00e7ue pour r\u00e9pondre \u00e0 2 usages principaux<\/p><ul><li>fournir aux utilisateurs qui n&#8217;utilisent pas CATIA une int\u00e9gration &#8220;stnd-alone&#8221; de MECAmaster ayant la possibilit\u00e9 de relire leur format CAO natif (NX, Solidworks, etc &#8230;)<\/li><li>fournir un outil complet \u00e0 tous ceux qui, dans un bureau d&#8217;\u00e9tudes, recherchent un logiciel simple, rapide et facile pour l&#8217;analyse de pr\u00e9-conception impliquant des simulations de tol\u00e9rances (ou d&#8217;efforts).<\/li><\/ul><p>Gr\u00e2ce \u00e0 des fonctions puissantes, une manipulation facile et un prix abordable, SpaceClaim a \u00e9t\u00e9 identifi\u00e9 comme l&#8217;outil parfait pour \u00e9tendre la couverture du march\u00e9 de MECAmaster !<\/p>\t\t\t\t\t\t<\/div>\n\t\t\t\t<\/div>\n\t\t\t\t\t<\/div>\n\t\t<\/div>\n\t\t\t\t\t<\/div>\n\t\t<\/section>\n\t\t\t\t<section class=\"elementor-section elementor-top-section elementor-element elementor-element-093c02a elementor-section-boxed elementor-section-height-default elementor-section-height-default\" data-id=\"093c02a\" data-element_type=\"section\">\n\t\t\t\t\t\t<div class=\"elementor-container elementor-column-gap-no\">\n\t\t\t\t\t<div class=\"elementor-column elementor-col-100 elementor-top-column elementor-element elementor-element-0032373\" data-id=\"0032373\" data-element_type=\"column\">\n\t\t\t<div class=\"elementor-widget-wrap elementor-element-populated\">\n\t\t\t\t\t\t<div class=\"elementor-element elementor-element-2087f7a elementor-alert-info elementor-widget elementor-widget-alert\" data-id=\"2087f7a\" data-element_type=\"widget\" data-widget_type=\"alert.default\">\n\t\t\t\t<div class=\"elementor-widget-container\">\n\t\t\t\t\t<div class=\"elementor-alert\" role=\"alert\">\n\n\t\t\t\t\t\t<span class=\"elementor-alert-title\">Avertissement de disponibilit\u00e9<\/span>\n\t\t\t\n\t\t\t\t\t\t<span class=\"elementor-alert-description\">Merci de noter que la fonctionnalit\u00e9 pr\u00e9sent\u00e9e sur cette page n'est pas encore disponible commercialement<\/span>\n\t\t\t\n\t\t\t\n\t\t<\/div>\n\t\t\t\t<\/div>\n\t\t\t\t<\/div>\n\t\t\t\t\t<\/div>\n\t\t<\/div>\n\t\t\t\t\t<\/div>\n\t\t<\/section>\n\t\t\t\t<section class=\"elementor-section elementor-top-section elementor-element elementor-element-985defb elementor-section-boxed elementor-section-height-default elementor-section-height-default\" data-id=\"985defb\" data-element_type=\"section\">\n\t\t\t\t\t\t<div class=\"elementor-container elementor-column-gap-default\">\n\t\t\t\t\t<div class=\"elementor-column elementor-col-100 elementor-top-column elementor-element elementor-element-4a5ca78\" data-id=\"4a5ca78\" data-element_type=\"column\">\n\t\t\t<div class=\"elementor-widget-wrap elementor-element-populated\">\n\t\t\t\t\t\t<div class=\"elementor-element elementor-element-d1e8efb elementor-widget elementor-widget-spacer\" data-id=\"d1e8efb\" data-element_type=\"widget\" data-widget_type=\"spacer.default\">\n\t\t\t\t<div class=\"elementor-widget-container\">\n\t\t\t\t\t<div class=\"elementor-spacer\">\n\t\t\t<div class=\"elementor-spacer-inner\"><\/div>\n\t\t<\/div>\n\t\t\t\t<\/div>\n\t\t\t\t<\/div>\n\t\t\t\t\t<\/div>\n\t\t<\/div>\n\t\t\t\t\t<\/div>\n\t\t<\/section>\n\t\t\t\t<section class=\"elementor-section elementor-top-section elementor-element elementor-element-25a9971 elementor-section-stretched elementor-section-boxed elementor-section-height-default elementor-section-height-default\" data-id=\"25a9971\" data-element_type=\"section\" data-settings=\"{&quot;stretch_section&quot;:&quot;section-stretched&quot;,&quot;background_background&quot;:&quot;classic&quot;}\">\n\t\t\t\t\t\t<div class=\"elementor-container elementor-column-gap-default\">\n\t\t\t\t\t<div class=\"elementor-column elementor-col-100 elementor-top-column elementor-element elementor-element-825fe44\" data-id=\"825fe44\" data-element_type=\"column\">\n\t\t\t<div class=\"elementor-widget-wrap elementor-element-populated\">\n\t\t\t\t\t\t<div class=\"elementor-element elementor-element-d3420cd elementor-widget elementor-widget-toggle\" data-id=\"d3420cd\" data-element_type=\"widget\" data-widget_type=\"toggle.default\">\n\t\t\t\t<div class=\"elementor-widget-container\">\n\t\t\t\t\t<div class=\"elementor-toggle\">\n\t\t\t\t\t\t\t<div class=\"elementor-toggle-item\">\n\t\t\t\t\t<div id=\"elementor-tab-title-2211\" class=\"elementor-tab-title\" data-tab=\"1\" role=\"button\" aria-controls=\"elementor-tab-content-2211\" aria-expanded=\"false\">\n\t\t\t\t\t\t\t\t\t\t\t\t<span class=\"elementor-toggle-icon elementor-toggle-icon-left\" aria-hidden=\"true\">\n\t\t\t\t\t\t\t\t\t\t\t\t\t\t\t<i class=\"elementor-toggle-icon-closed fa fa-caret-right\"><\/i>\n\t\t\t\t\t\t\t\t<i class=\"elementor-toggle-icon-opened fa fa-caret-up\"><\/i>\n\t\t\t\t\t\t\t\t\t\t\t\t\t<\/span>\n\t\t\t\t\t\t\t\t\t\t\t\t<a class=\"elementor-toggle-title\" tabindex=\"0\">Quel Produit MECAmaster est disponible dans SpaceClaim ?<\/a>\n\t\t\t\t\t<\/div>\n\n\t\t\t\t\t<div id=\"elementor-tab-content-2211\" class=\"elementor-tab-content elementor-clearfix\" data-tab=\"1\" role=\"region\" aria-labelledby=\"elementor-tab-title-2211\"><p id=\"tw-target-text\" class=\"tw-data-text tw-ta tw-text-small\" dir=\"ltr\" data-placeholder=\"Traduction\"><span lang=\"fr\">Aujourd&#8217;hui, aucun produit n&#8217;est disponible pour le moment. MECAmaster Assembly et Tolsis b\u00e9n\u00e9ficieront d&#8217;une int\u00e9gration Spaceclaim.&nbsp;<\/span><\/p><\/div>\n\t\t\t\t<\/div>\n\t\t\t\t\t\t\t<div class=\"elementor-toggle-item\">\n\t\t\t\t\t<div id=\"elementor-tab-title-2212\" class=\"elementor-tab-title\" data-tab=\"2\" role=\"button\" aria-controls=\"elementor-tab-content-2212\" aria-expanded=\"false\">\n\t\t\t\t\t\t\t\t\t\t\t\t<span class=\"elementor-toggle-icon elementor-toggle-icon-left\" aria-hidden=\"true\">\n\t\t\t\t\t\t\t\t\t\t\t\t\t\t\t<i class=\"elementor-toggle-icon-closed fa fa-caret-right\"><\/i>\n\t\t\t\t\t\t\t\t<i class=\"elementor-toggle-icon-opened fa fa-caret-up\"><\/i>\n\t\t\t\t\t\t\t\t\t\t\t\t\t<\/span>\n\t\t\t\t\t\t\t\t\t\t\t\t<a class=\"elementor-toggle-title\" tabindex=\"0\">Comment sera int\u00e9gr\u00e9 MECAmaster dans SpaceClaim ?<\/a>\n\t\t\t\t\t<\/div>\n\n\t\t\t\t\t<div id=\"elementor-tab-content-2212\" class=\"elementor-tab-content elementor-clearfix\" data-tab=\"2\" role=\"region\" aria-labelledby=\"elementor-tab-title-2212\"><p>Au d\u00e9marrage, MECAmaster (et Tolsis) seront livr\u00e9s en tant que add-on de SpaceClaim. En fonction des retours et de l&#8217;int\u00e9r\u00eat sur cette int\u00e9gration, la possibilit\u00e9 de g\u00e9n\u00e9rer un outil unique embarquant toutes les fonctionnalit\u00e9s sera \u00e9tudi\u00e9e &#8230;<\/p><\/div>\n\t\t\t\t<\/div>\n\t\t\t\t\t\t\t\t<\/div>\n\t\t\t\t<\/div>\n\t\t\t\t<\/div>\n\t\t\t\t\t<\/div>\n\t\t<\/div>\n\t\t\t\t\t<\/div>\n\t\t<\/section>\n\t\t\t\t<\/div>\n\t\t","protected":false},"excerpt":{"rendered":"<p>SpaceClaim SpaceClaim, \u00e9dit\u00e9 par ANSYS, permet \u00e0 quiconque de cr\u00e9er, modifier ou r\u00e9parer rapidement une g\u00e9om\u00e9trie provenant d&#8217;un large panel d&#8217;environnements CAO gr\u00e2ce \u00e0 un puissant traducteur. C&#8217;est un outil parfait pour tous ceux qui doivent travailler \u00e0 partir d&#8217;une maquette num\u00e9rique ou m\u00eame d&#8217;en cr\u00e9er une facilement sans avoir \u00e0 \u00eatre un concepteur. MECAmaster [&hellip;]<\/p>\n<div class=\"ccfw-readmore\"><a href=\"https:\/\/www.mecamaster.com\/mm\/fr\/integrations\/spaceclaim-fr\/\" class=\"more-link\">Read More<\/a><\/div>","protected":false},"author":2,"featured_media":0,"parent":961,"menu_order":3,"comment_status":"closed","ping_status":"closed","template":"","meta":{"footnotes":""},"class_list":["post-956","page","type-page","status-publish","hentry"],"yoast_head":"<!-- This site is optimized with the Yoast SEO plugin v24.4 - https:\/\/yoast.com\/wordpress\/plugins\/seo\/ -->\n<title>SpaceClaim - MECAmaster<\/title>\n<meta name=\"robots\" content=\"index, follow, max-snippet:-1, max-image-preview:large, max-video-preview:-1\" \/>\n<link rel=\"canonical\" href=\"https:\/\/www.mecamaster.com\/mm\/fr\/integrations\/spaceclaim-fr\/\" \/>\n<meta property=\"og:locale\" content=\"en_GB\" \/>\n<meta property=\"og:type\" content=\"article\" \/>\n<meta property=\"og:title\" content=\"SpaceClaim - MECAmaster\" \/>\n<meta property=\"og:description\" content=\"SpaceClaim SpaceClaim, \u00e9dit\u00e9 par ANSYS, permet \u00e0 quiconque de cr\u00e9er, modifier ou r\u00e9parer rapidement une g\u00e9om\u00e9trie provenant d&#8217;un large panel d&#8217;environnements CAO gr\u00e2ce \u00e0 un puissant traducteur. C&#8217;est un outil parfait pour tous ceux qui doivent travailler \u00e0 partir d&#8217;une maquette num\u00e9rique ou m\u00eame d&#8217;en cr\u00e9er une facilement sans avoir \u00e0 \u00eatre un concepteur. MECAmaster [&hellip;]\" \/>\n<meta property=\"og:url\" content=\"https:\/\/www.mecamaster.com\/mm\/fr\/integrations\/spaceclaim-fr\/\" \/>\n<meta property=\"og:site_name\" content=\"MECAmaster\" \/>\n<meta property=\"article:modified_time\" content=\"2022-11-21T08:56:53+00:00\" \/>\n<meta property=\"og:image\" content=\"http:\/\/www.mecamaster.com\/mm\/wp-content\/uploads\/2018\/03\/Spaceclaim_logo.png\" \/>\n<meta name=\"twitter:card\" content=\"summary_large_image\" \/>\n<meta name=\"twitter:label1\" content=\"Estimated reading time\" \/>\n\t<meta name=\"twitter:data1\" content=\"2 minutes\" \/>\n<script type=\"application\/ld+json\" class=\"yoast-schema-graph\">{\"@context\":\"https:\/\/schema.org\",\"@graph\":[{\"@type\":\"WebPage\",\"@id\":\"https:\/\/www.mecamaster.com\/mm\/fr\/integrations\/spaceclaim-fr\/\",\"url\":\"https:\/\/www.mecamaster.com\/mm\/fr\/integrations\/spaceclaim-fr\/\",\"name\":\"SpaceClaim - MECAmaster\",\"isPartOf\":{\"@id\":\"https:\/\/www.mecamaster.com\/mm\/#website\"},\"primaryImageOfPage\":{\"@id\":\"https:\/\/www.mecamaster.com\/mm\/fr\/integrations\/spaceclaim-fr\/#primaryimage\"},\"image\":{\"@id\":\"https:\/\/www.mecamaster.com\/mm\/fr\/integrations\/spaceclaim-fr\/#primaryimage\"},\"thumbnailUrl\":\"http:\/\/www.mecamaster.com\/mm\/wp-content\/uploads\/2018\/03\/Spaceclaim_logo.png\",\"datePublished\":\"2018-03-14T10:44:30+00:00\",\"dateModified\":\"2022-11-21T08:56:53+00:00\",\"breadcrumb\":{\"@id\":\"https:\/\/www.mecamaster.com\/mm\/fr\/integrations\/spaceclaim-fr\/#breadcrumb\"},\"inLanguage\":\"en-GB\",\"potentialAction\":[{\"@type\":\"ReadAction\",\"target\":[\"https:\/\/www.mecamaster.com\/mm\/fr\/integrations\/spaceclaim-fr\/\"]}]},{\"@type\":\"ImageObject\",\"inLanguage\":\"en-GB\",\"@id\":\"https:\/\/www.mecamaster.com\/mm\/fr\/integrations\/spaceclaim-fr\/#primaryimage\",\"url\":\"https:\/\/www.mecamaster.com\/mm\/wp-content\/uploads\/2018\/03\/Spaceclaim_logo.png\",\"contentUrl\":\"https:\/\/www.mecamaster.com\/mm\/wp-content\/uploads\/2018\/03\/Spaceclaim_logo.png\",\"width\":400,\"height\":319},{\"@type\":\"BreadcrumbList\",\"@id\":\"https:\/\/www.mecamaster.com\/mm\/fr\/integrations\/spaceclaim-fr\/#breadcrumb\",\"itemListElement\":[{\"@type\":\"ListItem\",\"position\":1,\"name\":\"Home\",\"item\":\"https:\/\/www.mecamaster.com\/mm\/en\/home\/\"},{\"@type\":\"ListItem\",\"position\":2,\"name\":\"Int\u00e9grations\",\"item\":\"https:\/\/www.mecamaster.com\/mm\/fr\/integrations\/\"},{\"@type\":\"ListItem\",\"position\":3,\"name\":\"SpaceClaim\"}]},{\"@type\":\"WebSite\",\"@id\":\"https:\/\/www.mecamaster.com\/mm\/#website\",\"url\":\"https:\/\/www.mecamaster.com\/mm\/\",\"name\":\"MECAmaster\",\"description\":\"3D Tolerances &amp; Loads\",\"potentialAction\":[{\"@type\":\"SearchAction\",\"target\":{\"@type\":\"EntryPoint\",\"urlTemplate\":\"https:\/\/www.mecamaster.com\/mm\/?s={search_term_string}\"},\"query-input\":{\"@type\":\"PropertyValueSpecification\",\"valueRequired\":true,\"valueName\":\"search_term_string\"}}],\"inLanguage\":\"en-GB\"}]}<\/script>\n<!-- \/ Yoast SEO plugin. -->","yoast_head_json":{"title":"SpaceClaim - MECAmaster","robots":{"index":"index","follow":"follow","max-snippet":"max-snippet:-1","max-image-preview":"max-image-preview:large","max-video-preview":"max-video-preview:-1"},"canonical":"https:\/\/www.mecamaster.com\/mm\/fr\/integrations\/spaceclaim-fr\/","og_locale":"en_GB","og_type":"article","og_title":"SpaceClaim - MECAmaster","og_description":"SpaceClaim SpaceClaim, \u00e9dit\u00e9 par ANSYS, permet \u00e0 quiconque de cr\u00e9er, modifier ou r\u00e9parer rapidement une g\u00e9om\u00e9trie provenant d&#8217;un large panel d&#8217;environnements CAO gr\u00e2ce \u00e0 un puissant traducteur. C&#8217;est un outil parfait pour tous ceux qui doivent travailler \u00e0 partir d&#8217;une maquette num\u00e9rique ou m\u00eame d&#8217;en cr\u00e9er une facilement sans avoir \u00e0 \u00eatre un concepteur. MECAmaster [&hellip;]","og_url":"https:\/\/www.mecamaster.com\/mm\/fr\/integrations\/spaceclaim-fr\/","og_site_name":"MECAmaster","article_modified_time":"2022-11-21T08:56:53+00:00","og_image":[{"url":"http:\/\/www.mecamaster.com\/mm\/wp-content\/uploads\/2018\/03\/Spaceclaim_logo.png","type":"","width":"","height":""}],"twitter_card":"summary_large_image","twitter_misc":{"Estimated reading time":"2 minutes"},"schema":{"@context":"https:\/\/schema.org","@graph":[{"@type":"WebPage","@id":"https:\/\/www.mecamaster.com\/mm\/fr\/integrations\/spaceclaim-fr\/","url":"https:\/\/www.mecamaster.com\/mm\/fr\/integrations\/spaceclaim-fr\/","name":"SpaceClaim - MECAmaster","isPartOf":{"@id":"https:\/\/www.mecamaster.com\/mm\/#website"},"primaryImageOfPage":{"@id":"https:\/\/www.mecamaster.com\/mm\/fr\/integrations\/spaceclaim-fr\/#primaryimage"},"image":{"@id":"https:\/\/www.mecamaster.com\/mm\/fr\/integrations\/spaceclaim-fr\/#primaryimage"},"thumbnailUrl":"http:\/\/www.mecamaster.com\/mm\/wp-content\/uploads\/2018\/03\/Spaceclaim_logo.png","datePublished":"2018-03-14T10:44:30+00:00","dateModified":"2022-11-21T08:56:53+00:00","breadcrumb":{"@id":"https:\/\/www.mecamaster.com\/mm\/fr\/integrations\/spaceclaim-fr\/#breadcrumb"},"inLanguage":"en-GB","potentialAction":[{"@type":"ReadAction","target":["https:\/\/www.mecamaster.com\/mm\/fr\/integrations\/spaceclaim-fr\/"]}]},{"@type":"ImageObject","inLanguage":"en-GB","@id":"https:\/\/www.mecamaster.com\/mm\/fr\/integrations\/spaceclaim-fr\/#primaryimage","url":"https:\/\/www.mecamaster.com\/mm\/wp-content\/uploads\/2018\/03\/Spaceclaim_logo.png","contentUrl":"https:\/\/www.mecamaster.com\/mm\/wp-content\/uploads\/2018\/03\/Spaceclaim_logo.png","width":400,"height":319},{"@type":"BreadcrumbList","@id":"https:\/\/www.mecamaster.com\/mm\/fr\/integrations\/spaceclaim-fr\/#breadcrumb","itemListElement":[{"@type":"ListItem","position":1,"name":"Home","item":"https:\/\/www.mecamaster.com\/mm\/en\/home\/"},{"@type":"ListItem","position":2,"name":"Int\u00e9grations","item":"https:\/\/www.mecamaster.com\/mm\/fr\/integrations\/"},{"@type":"ListItem","position":3,"name":"SpaceClaim"}]},{"@type":"WebSite","@id":"https:\/\/www.mecamaster.com\/mm\/#website","url":"https:\/\/www.mecamaster.com\/mm\/","name":"MECAmaster","description":"3D Tolerances &amp; Loads","potentialAction":[{"@type":"SearchAction","target":{"@type":"EntryPoint","urlTemplate":"https:\/\/www.mecamaster.com\/mm\/?s={search_term_string}"},"query-input":{"@type":"PropertyValueSpecification","valueRequired":true,"valueName":"search_term_string"}}],"inLanguage":"en-GB"}]}},"_links":{"self":[{"href":"https:\/\/www.mecamaster.com\/mm\/wp-json\/wp\/v2\/pages\/956","targetHints":{"allow":["GET"]}}],"collection":[{"href":"https:\/\/www.mecamaster.com\/mm\/wp-json\/wp\/v2\/pages"}],"about":[{"href":"https:\/\/www.mecamaster.com\/mm\/wp-json\/wp\/v2\/types\/page"}],"author":[{"embeddable":true,"href":"https:\/\/www.mecamaster.com\/mm\/wp-json\/wp\/v2\/users\/2"}],"replies":[{"embeddable":true,"href":"https:\/\/www.mecamaster.com\/mm\/wp-json\/wp\/v2\/comments?post=956"}],"version-history":[{"count":3,"href":"https:\/\/www.mecamaster.com\/mm\/wp-json\/wp\/v2\/pages\/956\/revisions"}],"predecessor-version":[{"id":1171,"href":"https:\/\/www.mecamaster.com\/mm\/wp-json\/wp\/v2\/pages\/956\/revisions\/1171"}],"up":[{"embeddable":true,"href":"https:\/\/www.mecamaster.com\/mm\/wp-json\/wp\/v2\/pages\/961"}],"wp:attachment":[{"href":"https:\/\/www.mecamaster.com\/mm\/wp-json\/wp\/v2\/media?parent=956"}],"curies":[{"name":"wp","href":"https:\/\/api.w.org\/{rel}","templated":true}]}}