{"id":961,"date":"2018-03-14T11:00:09","date_gmt":"2018-03-14T11:00:09","guid":{"rendered":"http:\/\/www.mecamaster.com\/mm\/?page_id=961"},"modified":"2022-11-21T08:44:33","modified_gmt":"2022-11-21T08:44:33","slug":"integrations","status":"publish","type":"page","link":"https:\/\/www.mecamaster.com\/mm\/fr\/integrations\/","title":{"rendered":"Int\u00e9grations"},"content":{"rendered":"\t\t<div data-elementor-type=\"wp-page\" data-elementor-id=\"961\" class=\"elementor elementor-961\">\n\t\t\t\t\t\t<section class=\"elementor-section elementor-top-section elementor-element elementor-element-96e5847 elementor-section-boxed elementor-section-height-default elementor-section-height-default\" data-id=\"96e5847\" data-element_type=\"section\">\n\t\t\t\t\t\t<div class=\"elementor-container elementor-column-gap-default\">\n\t\t\t\t\t<div class=\"elementor-column elementor-col-100 elementor-top-column elementor-element elementor-element-bd1af19\" data-id=\"bd1af19\" data-element_type=\"column\">\n\t\t\t<div class=\"elementor-widget-wrap elementor-element-populated\">\n\t\t\t\t\t\t<div class=\"elementor-element elementor-element-f5a8d21 elementor-widget elementor-widget-text-editor\" data-id=\"f5a8d21\" data-element_type=\"widget\" data-widget_type=\"text-editor.default\">\n\t\t\t\t<div class=\"elementor-widget-container\">\n\t\t\t\t\t\t\t<h2>Plateformes dans lesquelles des produits MECAmaster sont int\u00e9gr\u00e9s (ou le seront prochainement !! )\u00a0<\/h2>\t\t\t\t\t\t<\/div>\n\t\t\t\t<\/div>\n\t\t\t\t\t<\/div>\n\t\t<\/div>\n\t\t\t\t\t<\/div>\n\t\t<\/section>\n\t\t\t\t<section class=\"elementor-section elementor-top-section elementor-element elementor-element-31ce8dd elementor-section-boxed elementor-section-height-default elementor-section-height-default\" data-id=\"31ce8dd\" data-element_type=\"section\">\n\t\t\t\t\t\t<div class=\"elementor-container elementor-column-gap-default\">\n\t\t\t\t\t<div class=\"elementor-column elementor-col-100 elementor-top-column elementor-element elementor-element-74ab172\" data-id=\"74ab172\" data-element_type=\"column\">\n\t\t\t<div class=\"elementor-widget-wrap elementor-element-populated\">\n\t\t\t\t\t\t<div class=\"elementor-element elementor-element-69bba75 elementor-position-left elementor-vertical-align-top elementor-widget elementor-widget-image-box\" data-id=\"69bba75\" data-element_type=\"widget\" data-widget_type=\"image-box.default\">\n\t\t\t\t<div class=\"elementor-widget-container\">\n\t\t\t<div class=\"elementor-image-box-wrapper\"><figure class=\"elementor-image-box-img\"><a href=\"\/mm\/integrations\/plateforme-3dexperience\/\" tabindex=\"-1\"><img fetchpriority=\"high\" decoding=\"async\" width=\"356\" height=\"389\" src=\"https:\/\/www.mecamaster.com\/mm\/wp-content\/uploads\/2018\/03\/3dexperience_icon.png\" class=\"attachment-full size-full wp-image-720\" alt=\"\" srcset=\"https:\/\/www.mecamaster.com\/mm\/wp-content\/uploads\/2018\/03\/3dexperience_icon.png 356w, https:\/\/www.mecamaster.com\/mm\/wp-content\/uploads\/2018\/03\/3dexperience_icon-275x300.png 275w\" sizes=\"(max-width: 356px) 100vw, 356px\" \/><\/a><\/figure><div class=\"elementor-image-box-content\"><h3 class=\"elementor-image-box-title\"><a href=\"\/mm\/integrations\/plateforme-3dexperience\/\"><span style=\"font-size: 28px;\">3DEXPERIENCE<\/span><\/a><\/h3><p class=\"elementor-image-box-description\">La plateforme 3DEXPERIENCE est la plateforme m\u00e9tier \u00e9dit\u00e9e par Dassault Syst\u00e8mes proposant des solutions logicielles pluri-disciplinaires (Apps) toutes bas\u00e9es et accessibles \u00e0 partir d'un environnement unique et partag\u00e9.<br><br>\n\nCATIA (V6) devient un groupe de design-apps au sein de la plateforme en fonction de vos besoins.<br><br>\n\nMECAmaster y est fourni en tant qu'application partenaire, enti\u00e8rement int\u00e9gr\u00e9e \u00e0 la plate-forme 3DExperience.<\/p><\/div><\/div>\t\t<\/div>\n\t\t\t\t<\/div>\n\t\t\t\t<div class=\"elementor-element elementor-element-606e3c1 elementor-position-left elementor-vertical-align-top elementor-widget elementor-widget-image-box\" data-id=\"606e3c1\" data-element_type=\"widget\" data-widget_type=\"image-box.default\">\n\t\t\t\t<div class=\"elementor-widget-container\">\n\t\t\t<div class=\"elementor-image-box-wrapper\"><figure class=\"elementor-image-box-img\"><a href=\"\/mm\/integrations\/catia-v5-fr\/\" tabindex=\"-1\"><img decoding=\"async\" width=\"1280\" height=\"997\" src=\"https:\/\/www.mecamaster.com\/mm\/wp-content\/uploads\/2018\/03\/CatiaV5_Icon.png\" class=\"attachment-full size-full wp-image-721\" alt=\"\" srcset=\"https:\/\/www.mecamaster.com\/mm\/wp-content\/uploads\/2018\/03\/CatiaV5_Icon.png 1280w, https:\/\/www.mecamaster.com\/mm\/wp-content\/uploads\/2018\/03\/CatiaV5_Icon-300x234.png 300w, https:\/\/www.mecamaster.com\/mm\/wp-content\/uploads\/2018\/03\/CatiaV5_Icon-768x598.png 768w, https:\/\/www.mecamaster.com\/mm\/wp-content\/uploads\/2018\/03\/CatiaV5_Icon-1024x798.png 1024w\" sizes=\"(max-width: 1280px) 100vw, 1280px\" \/><\/a><\/figure><div class=\"elementor-image-box-content\"><h3 class=\"elementor-image-box-title\"><a href=\"\/mm\/integrations\/catia-v5-fr\/\"><span style=\"font-size: 28px;\">CATIA V5<\/span><\/a><\/h3><p class=\"elementor-image-box-description\">CATIA V5 est un logiciel bien connu et largement utilis\u00e9 pour la conception de produits. Edit\u00e9 par Dassault Syst\u00e8mes, la version V5 est toujours une r\u00e9f\u00e9rence pour la conception de produits dans les grandes industries et entreprises.\n<br><br>\nMECAmaster est propos\u00e9 en tant qu'application CAA Automation int\u00e9gr\u00e9 et connect\u00e9e \u00e0 CATIA V5. <br>Pr\u00e9sent depuis plus de 15 ans dans cet environnement, c'est toujours l'int\u00e9gration MECAmaster la plus utilis\u00e9e.<\/p><\/div><\/div>\t\t<\/div>\n\t\t\t\t<\/div>\n\t\t\t\t<div class=\"elementor-element elementor-element-0784786 elementor-position-left elementor-vertical-align-top elementor-widget elementor-widget-image-box\" data-id=\"0784786\" data-element_type=\"widget\" data-widget_type=\"image-box.default\">\n\t\t\t\t<div class=\"elementor-widget-container\">\n\t\t\t<div class=\"elementor-image-box-wrapper\"><figure class=\"elementor-image-box-img\"><a href=\"\/mm\/integrations\/spaceclaim-fr\/\" tabindex=\"-1\"><img decoding=\"async\" width=\"400\" height=\"319\" src=\"https:\/\/www.mecamaster.com\/mm\/wp-content\/uploads\/2018\/03\/Spaceclaim_logo.png\" class=\"attachment-full size-full wp-image-722\" alt=\"\" srcset=\"https:\/\/www.mecamaster.com\/mm\/wp-content\/uploads\/2018\/03\/Spaceclaim_logo.png 400w, https:\/\/www.mecamaster.com\/mm\/wp-content\/uploads\/2018\/03\/Spaceclaim_logo-300x239.png 300w\" sizes=\"(max-width: 400px) 100vw, 400px\" \/><\/a><\/figure><div class=\"elementor-image-box-content\"><h3 class=\"elementor-image-box-title\"><a href=\"\/mm\/integrations\/spaceclaim-fr\/\"><span style=\"font-size: 28px;\">SpaceClaim<\/span><\/a><\/h3><p class=\"elementor-image-box-description\">SpaceClaim, un produit d'ANSYS, est un logiciel de CAO \u00absimple\u00bb, facile \u00e0 manipuler et \u00e0 un prix abordable. Il est aujourd'hui utilis\u00e9 par de nombreuses entreprises comme compl\u00e9ment de syst\u00e8mes de CAO \u00abmajeurs\u00bb, comme CATIA, pour la pr\u00e9paration de DMU pour la simulation, le pr\u00e9-dimensionnement etc ...\n<br><br>\nSpaceClaim est propos\u00e9 avec un puissant traducteur permettant de lire et importer de nombreux formats de fichiers (NX, CATIA, Inventor, Pro-E, Solidworks ...)\n<br><br>\nMECAmaster proposera ses fonctionnalit\u00e9s d'Efforts et de Tol\u00e9rances en tant qu'add-on totalement int\u00e9gr\u00e9 pour les entreprises qui utilisent SpaceClaim ou les entreprises qui souhaitent obtenir un environnement autonome.\n<br><br>\n(non disponible commercialement)<\/p><\/div><\/div>\t\t<\/div>\n\t\t\t\t<\/div>\n\t\t\t\t\t<\/div>\n\t\t<\/div>\n\t\t\t\t\t<\/div>\n\t\t<\/section>\n\t\t\t\t<section class=\"elementor-section elementor-top-section elementor-element elementor-element-edd718f elementor-section-boxed elementor-section-height-default elementor-section-height-default\" data-id=\"edd718f\" data-element_type=\"section\">\n\t\t\t\t\t\t<div class=\"elementor-container elementor-column-gap-default\">\n\t\t\t\t\t<div class=\"elementor-column elementor-col-100 elementor-top-column elementor-element elementor-element-a3bbd99\" data-id=\"a3bbd99\" data-element_type=\"column\">\n\t\t\t<div class=\"elementor-widget-wrap elementor-element-populated\">\n\t\t\t\t\t\t<div class=\"elementor-element elementor-element-37a7c65 elementor-widget elementor-widget-spacer\" data-id=\"37a7c65\" data-element_type=\"widget\" data-widget_type=\"spacer.default\">\n\t\t\t\t<div class=\"elementor-widget-container\">\n\t\t\t\t\t<div class=\"elementor-spacer\">\n\t\t\t<div class=\"elementor-spacer-inner\"><\/div>\n\t\t<\/div>\n\t\t\t\t<\/div>\n\t\t\t\t<\/div>\n\t\t\t\t\t<\/div>\n\t\t<\/div>\n\t\t\t\t\t<\/div>\n\t\t<\/section>\n\t\t\t\t<\/div>\n\t\t","protected":false},"excerpt":{"rendered":"<p>Plateformes dans lesquelles des produits MECAmaster sont int\u00e9gr\u00e9s (ou le seront prochainement !! )\u00a0 3DEXPERIENCE La plateforme 3DEXPERIENCE est la plateforme m\u00e9tier \u00e9dit\u00e9e par Dassault Syst\u00e8mes proposant des solutions logicielles pluri-disciplinaires (Apps) toutes bas\u00e9es et accessibles \u00e0 partir d&#8217;un environnement unique et partag\u00e9. CATIA (V6) devient un groupe de design-apps au sein de la plateforme [&hellip;]<\/p>\n<div class=\"ccfw-readmore\"><a href=\"https:\/\/www.mecamaster.com\/mm\/fr\/integrations\/\" class=\"more-link\">Read More<\/a><\/div>","protected":false},"author":2,"featured_media":0,"parent":0,"menu_order":0,"comment_status":"closed","ping_status":"closed","template":"page-full-width.php","meta":{"footnotes":""},"class_list":["post-961","page","type-page","status-publish","hentry"],"yoast_head":"<!-- This site is optimized with the Yoast SEO plugin v24.4 - https:\/\/yoast.com\/wordpress\/plugins\/seo\/ -->\n<title>Int\u00e9grations - MECAmaster<\/title>\n<meta name=\"robots\" content=\"index, follow, max-snippet:-1, max-image-preview:large, max-video-preview:-1\" \/>\n<link rel=\"canonical\" href=\"https:\/\/www.mecamaster.com\/mm\/fr\/integrations\/\" \/>\n<meta property=\"og:locale\" content=\"en_GB\" \/>\n<meta property=\"og:type\" content=\"article\" \/>\n<meta property=\"og:title\" content=\"Int\u00e9grations - MECAmaster\" \/>\n<meta property=\"og:description\" content=\"Plateformes dans lesquelles des produits MECAmaster sont int\u00e9gr\u00e9s (ou le seront prochainement !! )\u00a0 3DEXPERIENCE La plateforme 3DEXPERIENCE est la plateforme m\u00e9tier \u00e9dit\u00e9e par Dassault Syst\u00e8mes proposant des solutions logicielles pluri-disciplinaires (Apps) toutes bas\u00e9es et accessibles \u00e0 partir d&#8217;un environnement unique et partag\u00e9. CATIA (V6) devient un groupe de design-apps au sein de la plateforme [&hellip;]\" \/>\n<meta property=\"og:url\" content=\"https:\/\/www.mecamaster.com\/mm\/fr\/integrations\/\" \/>\n<meta property=\"og:site_name\" content=\"MECAmaster\" \/>\n<meta property=\"article:modified_time\" content=\"2022-11-21T08:44:33+00:00\" \/>\n<meta property=\"og:image\" content=\"http:\/\/www.mecamaster.com\/mm\/wp-content\/uploads\/2018\/03\/3dexperience_icon.png\" \/>\n<meta name=\"twitter:card\" content=\"summary_large_image\" \/>\n<meta name=\"twitter:label1\" content=\"Estimated reading time\" \/>\n\t<meta name=\"twitter:data1\" content=\"1 minute\" \/>\n<script type=\"application\/ld+json\" class=\"yoast-schema-graph\">{\"@context\":\"https:\/\/schema.org\",\"@graph\":[{\"@type\":\"WebPage\",\"@id\":\"https:\/\/www.mecamaster.com\/mm\/fr\/integrations\/\",\"url\":\"https:\/\/www.mecamaster.com\/mm\/fr\/integrations\/\",\"name\":\"Int\u00e9grations - MECAmaster\",\"isPartOf\":{\"@id\":\"https:\/\/www.mecamaster.com\/mm\/#website\"},\"primaryImageOfPage\":{\"@id\":\"https:\/\/www.mecamaster.com\/mm\/fr\/integrations\/#primaryimage\"},\"image\":{\"@id\":\"https:\/\/www.mecamaster.com\/mm\/fr\/integrations\/#primaryimage\"},\"thumbnailUrl\":\"http:\/\/www.mecamaster.com\/mm\/wp-content\/uploads\/2018\/03\/3dexperience_icon.png\",\"datePublished\":\"2018-03-14T11:00:09+00:00\",\"dateModified\":\"2022-11-21T08:44:33+00:00\",\"breadcrumb\":{\"@id\":\"https:\/\/www.mecamaster.com\/mm\/fr\/integrations\/#breadcrumb\"},\"inLanguage\":\"en-GB\",\"potentialAction\":[{\"@type\":\"ReadAction\",\"target\":[\"https:\/\/www.mecamaster.com\/mm\/fr\/integrations\/\"]}]},{\"@type\":\"ImageObject\",\"inLanguage\":\"en-GB\",\"@id\":\"https:\/\/www.mecamaster.com\/mm\/fr\/integrations\/#primaryimage\",\"url\":\"https:\/\/www.mecamaster.com\/mm\/wp-content\/uploads\/2018\/03\/3dexperience_icon.png\",\"contentUrl\":\"https:\/\/www.mecamaster.com\/mm\/wp-content\/uploads\/2018\/03\/3dexperience_icon.png\",\"width\":356,\"height\":389},{\"@type\":\"BreadcrumbList\",\"@id\":\"https:\/\/www.mecamaster.com\/mm\/fr\/integrations\/#breadcrumb\",\"itemListElement\":[{\"@type\":\"ListItem\",\"position\":1,\"name\":\"Home\",\"item\":\"https:\/\/www.mecamaster.com\/mm\/en\/home\/\"},{\"@type\":\"ListItem\",\"position\":2,\"name\":\"Int\u00e9grations\"}]},{\"@type\":\"WebSite\",\"@id\":\"https:\/\/www.mecamaster.com\/mm\/#website\",\"url\":\"https:\/\/www.mecamaster.com\/mm\/\",\"name\":\"MECAmaster\",\"description\":\"3D Tolerances &amp; Loads\",\"potentialAction\":[{\"@type\":\"SearchAction\",\"target\":{\"@type\":\"EntryPoint\",\"urlTemplate\":\"https:\/\/www.mecamaster.com\/mm\/?s={search_term_string}\"},\"query-input\":{\"@type\":\"PropertyValueSpecification\",\"valueRequired\":true,\"valueName\":\"search_term_string\"}}],\"inLanguage\":\"en-GB\"}]}<\/script>\n<!-- \/ Yoast SEO plugin. -->","yoast_head_json":{"title":"Int\u00e9grations - MECAmaster","robots":{"index":"index","follow":"follow","max-snippet":"max-snippet:-1","max-image-preview":"max-image-preview:large","max-video-preview":"max-video-preview:-1"},"canonical":"https:\/\/www.mecamaster.com\/mm\/fr\/integrations\/","og_locale":"en_GB","og_type":"article","og_title":"Int\u00e9grations - MECAmaster","og_description":"Plateformes dans lesquelles des produits MECAmaster sont int\u00e9gr\u00e9s (ou le seront prochainement !! )\u00a0 3DEXPERIENCE La plateforme 3DEXPERIENCE est la plateforme m\u00e9tier \u00e9dit\u00e9e par Dassault Syst\u00e8mes proposant des solutions logicielles pluri-disciplinaires (Apps) toutes bas\u00e9es et accessibles \u00e0 partir d&#8217;un environnement unique et partag\u00e9. CATIA (V6) devient un groupe de design-apps au sein de la plateforme [&hellip;]","og_url":"https:\/\/www.mecamaster.com\/mm\/fr\/integrations\/","og_site_name":"MECAmaster","article_modified_time":"2022-11-21T08:44:33+00:00","og_image":[{"url":"http:\/\/www.mecamaster.com\/mm\/wp-content\/uploads\/2018\/03\/3dexperience_icon.png","type":"","width":"","height":""}],"twitter_card":"summary_large_image","twitter_misc":{"Estimated reading time":"1 minute"},"schema":{"@context":"https:\/\/schema.org","@graph":[{"@type":"WebPage","@id":"https:\/\/www.mecamaster.com\/mm\/fr\/integrations\/","url":"https:\/\/www.mecamaster.com\/mm\/fr\/integrations\/","name":"Int\u00e9grations - MECAmaster","isPartOf":{"@id":"https:\/\/www.mecamaster.com\/mm\/#website"},"primaryImageOfPage":{"@id":"https:\/\/www.mecamaster.com\/mm\/fr\/integrations\/#primaryimage"},"image":{"@id":"https:\/\/www.mecamaster.com\/mm\/fr\/integrations\/#primaryimage"},"thumbnailUrl":"http:\/\/www.mecamaster.com\/mm\/wp-content\/uploads\/2018\/03\/3dexperience_icon.png","datePublished":"2018-03-14T11:00:09+00:00","dateModified":"2022-11-21T08:44:33+00:00","breadcrumb":{"@id":"https:\/\/www.mecamaster.com\/mm\/fr\/integrations\/#breadcrumb"},"inLanguage":"en-GB","potentialAction":[{"@type":"ReadAction","target":["https:\/\/www.mecamaster.com\/mm\/fr\/integrations\/"]}]},{"@type":"ImageObject","inLanguage":"en-GB","@id":"https:\/\/www.mecamaster.com\/mm\/fr\/integrations\/#primaryimage","url":"https:\/\/www.mecamaster.com\/mm\/wp-content\/uploads\/2018\/03\/3dexperience_icon.png","contentUrl":"https:\/\/www.mecamaster.com\/mm\/wp-content\/uploads\/2018\/03\/3dexperience_icon.png","width":356,"height":389},{"@type":"BreadcrumbList","@id":"https:\/\/www.mecamaster.com\/mm\/fr\/integrations\/#breadcrumb","itemListElement":[{"@type":"ListItem","position":1,"name":"Home","item":"https:\/\/www.mecamaster.com\/mm\/en\/home\/"},{"@type":"ListItem","position":2,"name":"Int\u00e9grations"}]},{"@type":"WebSite","@id":"https:\/\/www.mecamaster.com\/mm\/#website","url":"https:\/\/www.mecamaster.com\/mm\/","name":"MECAmaster","description":"3D Tolerances &amp; Loads","potentialAction":[{"@type":"SearchAction","target":{"@type":"EntryPoint","urlTemplate":"https:\/\/www.mecamaster.com\/mm\/?s={search_term_string}"},"query-input":{"@type":"PropertyValueSpecification","valueRequired":true,"valueName":"search_term_string"}}],"inLanguage":"en-GB"}]}},"_links":{"self":[{"href":"https:\/\/www.mecamaster.com\/mm\/wp-json\/wp\/v2\/pages\/961","targetHints":{"allow":["GET"]}}],"collection":[{"href":"https:\/\/www.mecamaster.com\/mm\/wp-json\/wp\/v2\/pages"}],"about":[{"href":"https:\/\/www.mecamaster.com\/mm\/wp-json\/wp\/v2\/types\/page"}],"author":[{"embeddable":true,"href":"https:\/\/www.mecamaster.com\/mm\/wp-json\/wp\/v2\/users\/2"}],"replies":[{"embeddable":true,"href":"https:\/\/www.mecamaster.com\/mm\/wp-json\/wp\/v2\/comments?post=961"}],"version-history":[{"count":5,"href":"https:\/\/www.mecamaster.com\/mm\/wp-json\/wp\/v2\/pages\/961\/revisions"}],"predecessor-version":[{"id":1163,"href":"https:\/\/www.mecamaster.com\/mm\/wp-json\/wp\/v2\/pages\/961\/revisions\/1163"}],"wp:attachment":[{"href":"https:\/\/www.mecamaster.com\/mm\/wp-json\/wp\/v2\/media?parent=961"}],"curies":[{"name":"wp","href":"https:\/\/api.w.org\/{rel}","templated":true}]}}