{"id":972,"date":"2018-03-14T13:02:09","date_gmt":"2018-03-14T13:02:09","guid":{"rendered":"http:\/\/www.mecamaster.com\/mm\/?page_id=972"},"modified":"2018-03-15T16:05:34","modified_gmt":"2018-03-15T16:05:34","slug":"add-model-builder","status":"publish","type":"page","link":"https:\/\/www.mecamaster.com\/mm\/fr\/produits-services\/add-model-builder\/","title":{"rendered":"Add-On Model Builder"},"content":{"rendered":"\t\t<div data-elementor-type=\"wp-page\" data-elementor-id=\"972\" class=\"elementor elementor-972 elementor-bc-flex-widget\">\n\t\t\t\t\t\t<section class=\"elementor-section elementor-top-section elementor-element elementor-element-734bf61 elementor-section-boxed elementor-section-height-default elementor-section-height-default\" data-id=\"734bf61\" data-element_type=\"section\">\n\t\t\t\t\t\t<div class=\"elementor-container elementor-column-gap-default\">\n\t\t\t\t\t<div class=\"elementor-column elementor-col-100 elementor-top-column elementor-element elementor-element-fc88cdc\" data-id=\"fc88cdc\" data-element_type=\"column\">\n\t\t\t<div class=\"elementor-widget-wrap elementor-element-populated\">\n\t\t\t\t\t\t<div class=\"elementor-element elementor-element-3655747 elementor-widget elementor-widget-text-editor\" data-id=\"3655747\" data-element_type=\"widget\" data-widget_type=\"text-editor.default\">\n\t\t\t\t<div class=\"elementor-widget-container\">\n\t\t\t\t\t\t\t<h3>Model Builder est un add-on \u00e0 MECAmaster Assembly qui permet de pr\u00e9parer l&#8217;architecture d&#8217;un mod\u00e8le avant de passer en environnement CAO<\/h3>\t\t\t\t\t\t<\/div>\n\t\t\t\t<\/div>\n\t\t\t\t\t<\/div>\n\t\t<\/div>\n\t\t\t\t\t<\/div>\n\t\t<\/section>\n\t\t\t\t<section class=\"elementor-section elementor-top-section elementor-element elementor-element-d12d437 elementor-section-boxed elementor-section-height-default elementor-section-height-default\" data-id=\"d12d437\" data-element_type=\"section\">\n\t\t\t\t\t\t<div class=\"elementor-container elementor-column-gap-default\">\n\t\t\t\t\t<div class=\"elementor-column elementor-col-50 elementor-top-column elementor-element elementor-element-ff08c41\" data-id=\"ff08c41\" data-element_type=\"column\">\n\t\t\t<div class=\"elementor-widget-wrap elementor-element-populated\">\n\t\t\t\t\t\t<div class=\"elementor-element elementor-element-10d17f2 elementor-widget elementor-widget-text-editor\" data-id=\"10d17f2\" data-element_type=\"widget\" data-widget_type=\"text-editor.default\">\n\t\t\t\t<div class=\"elementor-widget-container\">\n\t\t\t\t\t\t\t<p>Model Builder offre la possibilit\u00e9 de construire \/ modifier \/ enregistrer un mod\u00e8le MECAmaster dans un environnement autonome ind\u00e9pendant de la CAO. Ce n&#8217;est pas un outil de calcul, mais seulement un \u00e9diteur de mod\u00e8le.<\/p><p>Cet add-on est d\u00e9di\u00e9 aux entreprises travaillant sur des assemblages complexes. Model Builder permet \u00abd&#8217;\u00e9crire\u00bb et de \u00abtracer\u00bb toutes les r\u00e9flexions sur l&#8217;architecture logique d&#8217;un assemblage avant d&#8217;en construire sa g\u00e9om\u00e9trie par la simple d\u00e9finition des interfaces MECAmaster.<\/p><p>La donn\u00e9e de sortie est un mod\u00e8le MECAmaster logique qui sera import\u00e9 dans une seconde \u00e9tape en environnement CAO pour d\u00e9marrer le calcul et l&#8217;analyse \u00e0 l&#8217;aide de MECAmaster Assembly.<\/p><p>L&#8217;un des atouts int\u00e9ressants de Model Builder est de proposer une gestion interne de param\u00e8tre pour les noms de pi\u00e8ces virtuelles, les points virtuels (le cas \u00e9ch\u00e9ant), les Tol\u00e9rances d&#8217;entr\u00e9e virtuelles et les Exigences virtuelles. Ces param\u00e8tres permettent de g\u00e9rer rapidement diff\u00e9rents scenarii sur de grands mod\u00e8les et assemblages qui comportent un grand nombre de configurations. <br \/>Ces param\u00e8tres &#8220;base de donn\u00e9es&#8221; peuvent dans certains environnements clients \u00eatre connect\u00e9s \u00e0 une base de donn\u00e9es interne client (KcntSuite Environment d&#8217;Airbus).<\/p>\t\t\t\t\t\t<\/div>\n\t\t\t\t<\/div>\n\t\t\t\t\t<\/div>\n\t\t<\/div>\n\t\t\t\t<div class=\"elementor-column elementor-col-50 elementor-top-column elementor-element elementor-element-152f651\" data-id=\"152f651\" data-element_type=\"column\">\n\t\t\t<div class=\"elementor-widget-wrap elementor-element-populated\">\n\t\t\t\t\t\t<div class=\"elementor-element elementor-element-8871f4f elementor-widget elementor-widget-image\" data-id=\"8871f4f\" data-element_type=\"widget\" data-widget_type=\"image.default\">\n\t\t\t\t<div class=\"elementor-widget-container\">\n\t\t\t\t\t\t\t\t\t\t\t\t\t<img fetchpriority=\"high\" decoding=\"async\" width=\"1024\" height=\"604\" src=\"https:\/\/www.mecamaster.com\/mm\/wp-content\/uploads\/2018\/03\/MMB_FULLPAGE-1024x604.png\" class=\"attachment-large size-large wp-image-874\" alt=\"\" srcset=\"https:\/\/www.mecamaster.com\/mm\/wp-content\/uploads\/2018\/03\/MMB_FULLPAGE-1024x604.png 1024w, https:\/\/www.mecamaster.com\/mm\/wp-content\/uploads\/2018\/03\/MMB_FULLPAGE-300x177.png 300w, https:\/\/www.mecamaster.com\/mm\/wp-content\/uploads\/2018\/03\/MMB_FULLPAGE-768x453.png 768w, https:\/\/www.mecamaster.com\/mm\/wp-content\/uploads\/2018\/03\/MMB_FULLPAGE.png 1827w\" sizes=\"(max-width: 1024px) 100vw, 1024px\" \/>\t\t\t\t\t\t\t\t\t\t\t\t\t<\/div>\n\t\t\t\t<\/div>\n\t\t\t\t<div class=\"elementor-element elementor-element-ef1fc18 elementor-widget elementor-widget-image\" data-id=\"ef1fc18\" data-element_type=\"widget\" data-widget_type=\"image.default\">\n\t\t\t\t<div class=\"elementor-widget-container\">\n\t\t\t\t\t\t\t\t\t\t\t\t\t<img decoding=\"async\" width=\"1024\" height=\"282\" src=\"https:\/\/www.mecamaster.com\/mm\/wp-content\/uploads\/2018\/03\/ParamExplorer-1024x282.png\" class=\"attachment-large size-large wp-image-975\" alt=\"\" srcset=\"https:\/\/www.mecamaster.com\/mm\/wp-content\/uploads\/2018\/03\/ParamExplorer-1024x282.png 1024w, https:\/\/www.mecamaster.com\/mm\/wp-content\/uploads\/2018\/03\/ParamExplorer-300x83.png 300w, https:\/\/www.mecamaster.com\/mm\/wp-content\/uploads\/2018\/03\/ParamExplorer-768x211.png 768w, https:\/\/www.mecamaster.com\/mm\/wp-content\/uploads\/2018\/03\/ParamExplorer.png 1730w\" sizes=\"(max-width: 1024px) 100vw, 1024px\" \/>\t\t\t\t\t\t\t\t\t\t\t\t\t<\/div>\n\t\t\t\t<\/div>\n\t\t\t\t\t<\/div>\n\t\t<\/div>\n\t\t\t\t\t<\/div>\n\t\t<\/section>\n\t\t\t\t<section class=\"elementor-section elementor-top-section elementor-element elementor-element-e4f94f9 elementor-section-boxed elementor-section-height-default elementor-section-height-default\" data-id=\"e4f94f9\" data-element_type=\"section\">\n\t\t\t\t\t\t<div class=\"elementor-container elementor-column-gap-default\">\n\t\t\t\t\t<div class=\"elementor-column elementor-col-100 elementor-top-column elementor-element elementor-element-f61a7b0\" data-id=\"f61a7b0\" data-element_type=\"column\">\n\t\t\t<div class=\"elementor-widget-wrap elementor-element-populated\">\n\t\t\t\t\t\t<div class=\"elementor-element elementor-element-05c6bf2 elementor-tabs-view-horizontal elementor-widget elementor-widget-tabs\" data-id=\"05c6bf2\" data-element_type=\"widget\" data-widget_type=\"tabs.default\">\n\t\t\t\t<div class=\"elementor-widget-container\">\n\t\t\t\t\t<div class=\"elementor-tabs\">\n\t\t\t<div class=\"elementor-tabs-wrapper\" role=\"tablist\" >\n\t\t\t\t\t\t\t\t\t<div id=\"elementor-tab-title-6051\" class=\"elementor-tab-title elementor-tab-desktop-title\" aria-selected=\"true\" data-tab=\"1\" role=\"tab\" tabindex=\"0\" aria-controls=\"elementor-tab-content-6051\" aria-expanded=\"false\">El\u00e9ments Cl\u00e9s<\/div>\n\t\t\t\t\t\t\t<\/div>\n\t\t\t<div class=\"elementor-tabs-content-wrapper\" role=\"tablist\" aria-orientation=\"vertical\">\n\t\t\t\t\t\t\t\t\t<div class=\"elementor-tab-title elementor-tab-mobile-title\" aria-selected=\"true\" data-tab=\"1\" role=\"tab\" tabindex=\"0\" aria-controls=\"elementor-tab-content-6051\" aria-expanded=\"false\">El\u00e9ments Cl\u00e9s<\/div>\n\t\t\t\t\t<div id=\"elementor-tab-content-6051\" class=\"elementor-tab-content elementor-clearfix\" data-tab=\"1\" role=\"tabpanel\" aria-labelledby=\"elementor-tab-title-6051\" tabindex=\"0\" hidden=\"false\"><ul><li>application autonome pour pr\u00e9parer un mod\u00e8le MECAmaster sur des environnements clients complexes<\/li><li>gestion des param\u00e8tres pour gestion globale de configurations<\/li><li>connecteur simple au syst\u00e8me CAO pour initialiser la position des donn\u00e9es avant l&#8217;exportation des donn\u00e9es vers MECAmaster Assembly<\/li><\/ul><\/div>\n\t\t\t\t\t\t\t<\/div>\n\t\t<\/div>\n\t\t\t\t<\/div>\n\t\t\t\t<\/div>\n\t\t\t\t\t<\/div>\n\t\t<\/div>\n\t\t\t\t\t<\/div>\n\t\t<\/section>\n\t\t\t\t<section class=\"elementor-section elementor-top-section elementor-element elementor-element-bbde40c elementor-section-stretched elementor-section-boxed elementor-section-height-default elementor-section-height-default\" data-id=\"bbde40c\" data-element_type=\"section\" data-settings=\"{&quot;stretch_section&quot;:&quot;section-stretched&quot;,&quot;background_background&quot;:&quot;classic&quot;}\">\n\t\t\t\t\t\t<div class=\"elementor-container elementor-column-gap-default\">\n\t\t\t\t\t<div class=\"elementor-column elementor-col-100 elementor-top-column elementor-element elementor-element-df9d6a4\" data-id=\"df9d6a4\" data-element_type=\"column\">\n\t\t\t<div class=\"elementor-widget-wrap elementor-element-populated\">\n\t\t\t\t\t\t<div class=\"elementor-element elementor-element-8f16371 elementor-widget elementor-widget-toggle\" data-id=\"8f16371\" data-element_type=\"widget\" data-widget_type=\"toggle.default\">\n\t\t\t\t<div class=\"elementor-widget-container\">\n\t\t\t\t\t<div class=\"elementor-toggle\">\n\t\t\t\t\t\t\t<div class=\"elementor-toggle-item\">\n\t\t\t\t\t<div id=\"elementor-tab-title-1501\" class=\"elementor-tab-title\" data-tab=\"1\" role=\"button\" aria-controls=\"elementor-tab-content-1501\" aria-expanded=\"false\">\n\t\t\t\t\t\t\t\t\t\t\t\t<span class=\"elementor-toggle-icon elementor-toggle-icon-left\" aria-hidden=\"true\">\n\t\t\t\t\t\t\t\t\t\t\t\t\t\t\t<i class=\"elementor-toggle-icon-closed fa fa-caret-right\"><\/i>\n\t\t\t\t\t\t\t\t<i class=\"elementor-toggle-icon-opened fa fa-caret-up\"><\/i>\n\t\t\t\t\t\t\t\t\t\t\t\t\t<\/span>\n\t\t\t\t\t\t\t\t\t\t\t\t<a class=\"elementor-toggle-title\" tabindex=\"0\">Model Builder peut-il \u00eatre vendu comme une application autonome ?<\/a>\n\t\t\t\t\t<\/div>\n\n\t\t\t\t\t<div id=\"elementor-tab-content-1501\" class=\"elementor-tab-content elementor-clearfix\" data-tab=\"1\" role=\"region\" aria-labelledby=\"elementor-tab-title-1501\"><p>Model Builder est un add-on \u00e0 MECAmaster Assembly. Bien que Model Builder soit ex\u00e9cut\u00e9 comme une application autonome sur l&#8217;ordinateur de l&#8217;utilisateur final, la licence MMB ne peut \u00eatre vendue que comme une extension d&#8217;une licence MECAmaster<\/p><\/div>\n\t\t\t\t<\/div>\n\t\t\t\t\t\t\t<div class=\"elementor-toggle-item\">\n\t\t\t\t\t<div id=\"elementor-tab-title-1502\" class=\"elementor-tab-title\" data-tab=\"2\" role=\"button\" aria-controls=\"elementor-tab-content-1502\" aria-expanded=\"false\">\n\t\t\t\t\t\t\t\t\t\t\t\t<span class=\"elementor-toggle-icon elementor-toggle-icon-left\" aria-hidden=\"true\">\n\t\t\t\t\t\t\t\t\t\t\t\t\t\t\t<i class=\"elementor-toggle-icon-closed fa fa-caret-right\"><\/i>\n\t\t\t\t\t\t\t\t<i class=\"elementor-toggle-icon-opened fa fa-caret-up\"><\/i>\n\t\t\t\t\t\t\t\t\t\t\t\t\t<\/span>\n\t\t\t\t\t\t\t\t\t\t\t\t<a class=\"elementor-toggle-title\" tabindex=\"0\">Quel type de calcul est effectu\u00e9 par Model Builder?<\/a>\n\t\t\t\t\t<\/div>\n\n\t\t\t\t\t<div id=\"elementor-tab-content-1502\" class=\"elementor-tab-content elementor-clearfix\" data-tab=\"2\" role=\"region\" aria-labelledby=\"elementor-tab-title-1502\"><p>Model Builder n&#8217;est PAS un outil de calcul. Tout calcul (Efforts ou Tol\u00e9rances) est et sera toujours g\u00e9r\u00e9 directement par MECAmaster Assembly. Model Builder ne g\u00e9n\u00e8re qu&#8217;un fichier MECAmaster logique qui initialise un mod\u00e8le MECAmaster apr\u00e9s un travail de pr\u00e9paration.<\/p><\/div>\n\t\t\t\t<\/div>\n\t\t\t\t\t\t\t<div class=\"elementor-toggle-item\">\n\t\t\t\t\t<div id=\"elementor-tab-title-1503\" class=\"elementor-tab-title\" data-tab=\"3\" role=\"button\" aria-controls=\"elementor-tab-content-1503\" aria-expanded=\"false\">\n\t\t\t\t\t\t\t\t\t\t\t\t<span class=\"elementor-toggle-icon elementor-toggle-icon-left\" aria-hidden=\"true\">\n\t\t\t\t\t\t\t\t\t\t\t\t\t\t\t<i class=\"elementor-toggle-icon-closed fa fa-caret-right\"><\/i>\n\t\t\t\t\t\t\t\t<i class=\"elementor-toggle-icon-opened fa fa-caret-up\"><\/i>\n\t\t\t\t\t\t\t\t\t\t\t\t\t<\/span>\n\t\t\t\t\t\t\t\t\t\t\t\t<a class=\"elementor-toggle-title\" tabindex=\"0\">Model Builder est-il compatible avec toute int\u00e9gration de MECAmaster?<\/a>\n\t\t\t\t\t<\/div>\n\n\t\t\t\t\t<div id=\"elementor-tab-content-1503\" class=\"elementor-tab-content elementor-clearfix\" data-tab=\"3\" role=\"region\" aria-labelledby=\"elementor-tab-title-1503\"><p>Oui, Model Builder g\u00e9n\u00e8re un fichier MECAmaster standard qui peut \u00eatre import\u00e9 dans n&#8217;importe quelle int\u00e9gration MECAmaster. Seul le connecteur CAO pour initialiser la position des donn\u00e9es peut \u00eatre diff\u00e9rent en fonction de l&#8217;int\u00e9gration finale.<\/p><\/div>\n\t\t\t\t<\/div>\n\t\t\t\t\t\t\t<div class=\"elementor-toggle-item\">\n\t\t\t\t\t<div id=\"elementor-tab-title-1504\" class=\"elementor-tab-title\" data-tab=\"4\" role=\"button\" aria-controls=\"elementor-tab-content-1504\" aria-expanded=\"false\">\n\t\t\t\t\t\t\t\t\t\t\t\t<span class=\"elementor-toggle-icon elementor-toggle-icon-left\" aria-hidden=\"true\">\n\t\t\t\t\t\t\t\t\t\t\t\t\t\t\t<i class=\"elementor-toggle-icon-closed fa fa-caret-right\"><\/i>\n\t\t\t\t\t\t\t\t<i class=\"elementor-toggle-icon-opened fa fa-caret-up\"><\/i>\n\t\t\t\t\t\t\t\t\t\t\t\t\t<\/span>\n\t\t\t\t\t\t\t\t\t\t\t\t<a class=\"elementor-toggle-title\" tabindex=\"0\"> Qui dois-je contacter pour une d\u00e9monstration en direct?<\/a>\n\t\t\t\t\t<\/div>\n\n\t\t\t\t\t<div id=\"elementor-tab-content-1504\" class=\"elementor-tab-content elementor-clearfix\" data-tab=\"4\" role=\"region\" aria-labelledby=\"elementor-tab-title-1504\"><p>Comme tout autre produit MECAmaster, vous pouvez nous contacter directement pour toute question relative \u00e0 Model Builder, merci d&#8217;utiliser le formulaire de contact de ce site.<\/p><\/div>\n\t\t\t\t<\/div>\n\t\t\t\t\t\t\t\t<\/div>\n\t\t\t\t<\/div>\n\t\t\t\t<\/div>\n\t\t\t\t\t<\/div>\n\t\t<\/div>\n\t\t\t\t\t<\/div>\n\t\t<\/section>\n\t\t\t\t<\/div>\n\t\t","protected":false},"excerpt":{"rendered":"<p>Model Builder est un add-on \u00e0 MECAmaster Assembly qui permet de pr\u00e9parer l&#8217;architecture d&#8217;un mod\u00e8le avant de passer en environnement CAO Model Builder offre la possibilit\u00e9 de construire \/ modifier \/ enregistrer un mod\u00e8le MECAmaster dans un environnement autonome ind\u00e9pendant de la CAO. Ce n&#8217;est pas un outil de calcul, mais seulement un \u00e9diteur de [&hellip;]<\/p>\n<div class=\"ccfw-readmore\"><a href=\"https:\/\/www.mecamaster.com\/mm\/fr\/produits-services\/add-model-builder\/\" class=\"more-link\">Read More<\/a><\/div>","protected":false},"author":2,"featured_media":0,"parent":990,"menu_order":3,"comment_status":"closed","ping_status":"closed","template":"page-full-width.php","meta":{"footnotes":""},"class_list":["post-972","page","type-page","status-publish","hentry"],"yoast_head":"<!-- This site is optimized with the Yoast SEO plugin v24.4 - https:\/\/yoast.com\/wordpress\/plugins\/seo\/ -->\n<title>Add-On Model Builder - MECAmaster<\/title>\n<meta name=\"robots\" content=\"index, follow, max-snippet:-1, max-image-preview:large, max-video-preview:-1\" \/>\n<link rel=\"canonical\" href=\"https:\/\/www.mecamaster.com\/mm\/fr\/produits-services\/add-model-builder\/\" \/>\n<meta property=\"og:locale\" content=\"en_GB\" \/>\n<meta property=\"og:type\" content=\"article\" \/>\n<meta property=\"og:title\" content=\"Add-On Model Builder - MECAmaster\" \/>\n<meta property=\"og:description\" content=\"Model Builder est un add-on \u00e0 MECAmaster Assembly qui permet de pr\u00e9parer l&#8217;architecture d&#8217;un mod\u00e8le avant de passer en environnement CAO Model Builder offre la possibilit\u00e9 de construire \/ modifier \/ enregistrer un mod\u00e8le MECAmaster dans un environnement autonome ind\u00e9pendant de la CAO. Ce n&#8217;est pas un outil de calcul, mais seulement un \u00e9diteur de [&hellip;]\" \/>\n<meta property=\"og:url\" content=\"https:\/\/www.mecamaster.com\/mm\/fr\/produits-services\/add-model-builder\/\" \/>\n<meta property=\"og:site_name\" content=\"MECAmaster\" \/>\n<meta property=\"article:modified_time\" content=\"2018-03-15T16:05:34+00:00\" \/>\n<meta property=\"og:image\" content=\"http:\/\/www.mecamaster.com\/mm\/wp-content\/uploads\/2018\/03\/MMB_FULLPAGE-1024x604.png\" \/>\n<meta name=\"twitter:card\" content=\"summary_large_image\" \/>\n<meta name=\"twitter:label1\" content=\"Estimated reading time\" \/>\n\t<meta name=\"twitter:data1\" content=\"2 minutes\" \/>\n<script type=\"application\/ld+json\" class=\"yoast-schema-graph\">{\"@context\":\"https:\/\/schema.org\",\"@graph\":[{\"@type\":\"WebPage\",\"@id\":\"https:\/\/www.mecamaster.com\/mm\/fr\/produits-services\/add-model-builder\/\",\"url\":\"https:\/\/www.mecamaster.com\/mm\/fr\/produits-services\/add-model-builder\/\",\"name\":\"Add-On Model Builder - MECAmaster\",\"isPartOf\":{\"@id\":\"https:\/\/www.mecamaster.com\/mm\/#website\"},\"primaryImageOfPage\":{\"@id\":\"https:\/\/www.mecamaster.com\/mm\/fr\/produits-services\/add-model-builder\/#primaryimage\"},\"image\":{\"@id\":\"https:\/\/www.mecamaster.com\/mm\/fr\/produits-services\/add-model-builder\/#primaryimage\"},\"thumbnailUrl\":\"http:\/\/www.mecamaster.com\/mm\/wp-content\/uploads\/2018\/03\/MMB_FULLPAGE-1024x604.png\",\"datePublished\":\"2018-03-14T13:02:09+00:00\",\"dateModified\":\"2018-03-15T16:05:34+00:00\",\"breadcrumb\":{\"@id\":\"https:\/\/www.mecamaster.com\/mm\/fr\/produits-services\/add-model-builder\/#breadcrumb\"},\"inLanguage\":\"en-GB\",\"potentialAction\":[{\"@type\":\"ReadAction\",\"target\":[\"https:\/\/www.mecamaster.com\/mm\/fr\/produits-services\/add-model-builder\/\"]}]},{\"@type\":\"ImageObject\",\"inLanguage\":\"en-GB\",\"@id\":\"https:\/\/www.mecamaster.com\/mm\/fr\/produits-services\/add-model-builder\/#primaryimage\",\"url\":\"https:\/\/www.mecamaster.com\/mm\/wp-content\/uploads\/2018\/03\/MMB_FULLPAGE.png\",\"contentUrl\":\"https:\/\/www.mecamaster.com\/mm\/wp-content\/uploads\/2018\/03\/MMB_FULLPAGE.png\",\"width\":1827,\"height\":1078},{\"@type\":\"BreadcrumbList\",\"@id\":\"https:\/\/www.mecamaster.com\/mm\/fr\/produits-services\/add-model-builder\/#breadcrumb\",\"itemListElement\":[{\"@type\":\"ListItem\",\"position\":1,\"name\":\"Home\",\"item\":\"https:\/\/www.mecamaster.com\/mm\/en\/home\/\"},{\"@type\":\"ListItem\",\"position\":2,\"name\":\"Produits &#038; Services\",\"item\":\"https:\/\/www.mecamaster.com\/mm\/fr\/produits-services\/\"},{\"@type\":\"ListItem\",\"position\":3,\"name\":\"Add-On Model Builder\"}]},{\"@type\":\"WebSite\",\"@id\":\"https:\/\/www.mecamaster.com\/mm\/#website\",\"url\":\"https:\/\/www.mecamaster.com\/mm\/\",\"name\":\"MECAmaster\",\"description\":\"3D Tolerances &amp; Loads\",\"potentialAction\":[{\"@type\":\"SearchAction\",\"target\":{\"@type\":\"EntryPoint\",\"urlTemplate\":\"https:\/\/www.mecamaster.com\/mm\/?s={search_term_string}\"},\"query-input\":{\"@type\":\"PropertyValueSpecification\",\"valueRequired\":true,\"valueName\":\"search_term_string\"}}],\"inLanguage\":\"en-GB\"}]}<\/script>\n<!-- \/ Yoast SEO plugin. -->","yoast_head_json":{"title":"Add-On Model Builder - MECAmaster","robots":{"index":"index","follow":"follow","max-snippet":"max-snippet:-1","max-image-preview":"max-image-preview:large","max-video-preview":"max-video-preview:-1"},"canonical":"https:\/\/www.mecamaster.com\/mm\/fr\/produits-services\/add-model-builder\/","og_locale":"en_GB","og_type":"article","og_title":"Add-On Model Builder - MECAmaster","og_description":"Model Builder est un add-on \u00e0 MECAmaster Assembly qui permet de pr\u00e9parer l&#8217;architecture d&#8217;un mod\u00e8le avant de passer en environnement CAO Model Builder offre la possibilit\u00e9 de construire \/ modifier \/ enregistrer un mod\u00e8le MECAmaster dans un environnement autonome ind\u00e9pendant de la CAO. Ce n&#8217;est pas un outil de calcul, mais seulement un \u00e9diteur de [&hellip;]","og_url":"https:\/\/www.mecamaster.com\/mm\/fr\/produits-services\/add-model-builder\/","og_site_name":"MECAmaster","article_modified_time":"2018-03-15T16:05:34+00:00","og_image":[{"url":"http:\/\/www.mecamaster.com\/mm\/wp-content\/uploads\/2018\/03\/MMB_FULLPAGE-1024x604.png","type":"","width":"","height":""}],"twitter_card":"summary_large_image","twitter_misc":{"Estimated reading time":"2 minutes"},"schema":{"@context":"https:\/\/schema.org","@graph":[{"@type":"WebPage","@id":"https:\/\/www.mecamaster.com\/mm\/fr\/produits-services\/add-model-builder\/","url":"https:\/\/www.mecamaster.com\/mm\/fr\/produits-services\/add-model-builder\/","name":"Add-On Model Builder - MECAmaster","isPartOf":{"@id":"https:\/\/www.mecamaster.com\/mm\/#website"},"primaryImageOfPage":{"@id":"https:\/\/www.mecamaster.com\/mm\/fr\/produits-services\/add-model-builder\/#primaryimage"},"image":{"@id":"https:\/\/www.mecamaster.com\/mm\/fr\/produits-services\/add-model-builder\/#primaryimage"},"thumbnailUrl":"http:\/\/www.mecamaster.com\/mm\/wp-content\/uploads\/2018\/03\/MMB_FULLPAGE-1024x604.png","datePublished":"2018-03-14T13:02:09+00:00","dateModified":"2018-03-15T16:05:34+00:00","breadcrumb":{"@id":"https:\/\/www.mecamaster.com\/mm\/fr\/produits-services\/add-model-builder\/#breadcrumb"},"inLanguage":"en-GB","potentialAction":[{"@type":"ReadAction","target":["https:\/\/www.mecamaster.com\/mm\/fr\/produits-services\/add-model-builder\/"]}]},{"@type":"ImageObject","inLanguage":"en-GB","@id":"https:\/\/www.mecamaster.com\/mm\/fr\/produits-services\/add-model-builder\/#primaryimage","url":"https:\/\/www.mecamaster.com\/mm\/wp-content\/uploads\/2018\/03\/MMB_FULLPAGE.png","contentUrl":"https:\/\/www.mecamaster.com\/mm\/wp-content\/uploads\/2018\/03\/MMB_FULLPAGE.png","width":1827,"height":1078},{"@type":"BreadcrumbList","@id":"https:\/\/www.mecamaster.com\/mm\/fr\/produits-services\/add-model-builder\/#breadcrumb","itemListElement":[{"@type":"ListItem","position":1,"name":"Home","item":"https:\/\/www.mecamaster.com\/mm\/en\/home\/"},{"@type":"ListItem","position":2,"name":"Produits &#038; Services","item":"https:\/\/www.mecamaster.com\/mm\/fr\/produits-services\/"},{"@type":"ListItem","position":3,"name":"Add-On Model Builder"}]},{"@type":"WebSite","@id":"https:\/\/www.mecamaster.com\/mm\/#website","url":"https:\/\/www.mecamaster.com\/mm\/","name":"MECAmaster","description":"3D Tolerances &amp; Loads","potentialAction":[{"@type":"SearchAction","target":{"@type":"EntryPoint","urlTemplate":"https:\/\/www.mecamaster.com\/mm\/?s={search_term_string}"},"query-input":{"@type":"PropertyValueSpecification","valueRequired":true,"valueName":"search_term_string"}}],"inLanguage":"en-GB"}]}},"_links":{"self":[{"href":"https:\/\/www.mecamaster.com\/mm\/wp-json\/wp\/v2\/pages\/972","targetHints":{"allow":["GET"]}}],"collection":[{"href":"https:\/\/www.mecamaster.com\/mm\/wp-json\/wp\/v2\/pages"}],"about":[{"href":"https:\/\/www.mecamaster.com\/mm\/wp-json\/wp\/v2\/types\/page"}],"author":[{"embeddable":true,"href":"https:\/\/www.mecamaster.com\/mm\/wp-json\/wp\/v2\/users\/2"}],"replies":[{"embeddable":true,"href":"https:\/\/www.mecamaster.com\/mm\/wp-json\/wp\/v2\/comments?post=972"}],"version-history":[{"count":3,"href":"https:\/\/www.mecamaster.com\/mm\/wp-json\/wp\/v2\/pages\/972\/revisions"}],"predecessor-version":[{"id":1058,"href":"https:\/\/www.mecamaster.com\/mm\/wp-json\/wp\/v2\/pages\/972\/revisions\/1058"}],"up":[{"embeddable":true,"href":"https:\/\/www.mecamaster.com\/mm\/wp-json\/wp\/v2\/pages\/990"}],"wp:attachment":[{"href":"https:\/\/www.mecamaster.com\/mm\/wp-json\/wp\/v2\/media?parent=972"}],"curies":[{"name":"wp","href":"https:\/\/api.w.org\/{rel}","templated":true}]}}