{"id":979,"date":"2018-03-14T14:07:21","date_gmt":"2018-03-14T14:07:21","guid":{"rendered":"http:\/\/www.mecamaster.com\/mm\/?page_id=979"},"modified":"2022-11-21T09:01:20","modified_gmt":"2022-11-21T09:01:20","slug":"mecamaster-assembly-efforts-3d","status":"publish","type":"page","link":"https:\/\/www.mecamaster.com\/mm\/fr\/produits-services\/mecamaster-assembly-efforts-3d\/","title":{"rendered":"MECAmaster Assembly (Efforts 3D)"},"content":{"rendered":"\t\t<div data-elementor-type=\"wp-page\" data-elementor-id=\"979\" class=\"elementor elementor-979\">\n\t\t\t\t\t\t<section class=\"elementor-section elementor-top-section elementor-element elementor-element-902384d elementor-section-boxed elementor-section-height-default elementor-section-height-default\" data-id=\"902384d\" data-element_type=\"section\">\n\t\t\t\t\t\t<div class=\"elementor-container elementor-column-gap-default\">\n\t\t\t\t\t<div class=\"elementor-column elementor-col-100 elementor-top-column elementor-element elementor-element-58951e0\" data-id=\"58951e0\" data-element_type=\"column\">\n\t\t\t<div class=\"elementor-widget-wrap elementor-element-populated\">\n\t\t\t\t\t\t<div class=\"elementor-element elementor-element-47a6892 elementor-widget elementor-widget-text-editor\" data-id=\"47a6892\" data-element_type=\"widget\" data-widget_type=\"text-editor.default\">\n\t\t\t\t<div class=\"elementor-widget-container\">\n\t\t\t\t\t\t\t<h3>MECAmaster Assembly est un outil simple et rapide pour identifier les efforts statiques aux liaisons d&#8217;un assemblage m\u00e9canique, m\u00eame sur un simple squelette !!<\/h3>\t\t\t\t\t\t<\/div>\n\t\t\t\t<\/div>\n\t\t\t\t\t<\/div>\n\t\t<\/div>\n\t\t\t\t\t<\/div>\n\t\t<\/section>\n\t\t\t\t<section class=\"elementor-section elementor-top-section elementor-element elementor-element-09256cc elementor-section-boxed elementor-section-height-default elementor-section-height-default\" data-id=\"09256cc\" data-element_type=\"section\">\n\t\t\t\t\t\t<div class=\"elementor-container elementor-column-gap-default\">\n\t\t\t\t\t<div class=\"elementor-column elementor-col-50 elementor-top-column elementor-element elementor-element-9c6a219\" data-id=\"9c6a219\" data-element_type=\"column\">\n\t\t\t<div class=\"elementor-widget-wrap elementor-element-populated\">\n\t\t\t\t\t\t<div class=\"elementor-element elementor-element-1030538 elementor-widget elementor-widget-text-editor\" data-id=\"1030538\" data-element_type=\"widget\" data-widget_type=\"text-editor.default\">\n\t\t\t\t<div class=\"elementor-widget-container\">\n\t\t\t\t\t\t\t<p><span lang=\"en\">En utilisaant des donn\u00e9es tr\u00e9s \u00e9l\u00e9mentaires pour travailler (Points \/ Directions \/ &#8230; ), le calcul d&#8217;Efforts peut \u00eatre utilis\u00e9 d\u00e9s les phases pr\u00e9liminaires du projet lors des analyses de concept, pour une meilleure anticipation des propagation d&#8217;efforts.<\/span><\/p><p>A partir de la mod\u00e9lisation cin\u00e9matique d\u2019un assemblage, et d\u2019un chargement interne ou externe, MECAmaster calcule (compl\u00e8tement en 3D) et repr\u00e9sente les efforts internes auxquels chaque pi\u00e8ce de l\u2019assemblage est soumise pour un calcul d&#8217;effort statique.<\/p>\t\t\t\t\t\t<\/div>\n\t\t\t\t<\/div>\n\t\t\t\t\t<\/div>\n\t\t<\/div>\n\t\t\t\t<div class=\"elementor-column elementor-col-50 elementor-top-column elementor-element elementor-element-a40fb40\" data-id=\"a40fb40\" data-element_type=\"column\">\n\t\t\t<div class=\"elementor-widget-wrap elementor-element-populated\">\n\t\t\t\t\t\t<div class=\"elementor-element elementor-element-a2b9aa8 elementor-widget elementor-widget-image\" data-id=\"a2b9aa8\" data-element_type=\"widget\" data-widget_type=\"image.default\">\n\t\t\t\t<div class=\"elementor-widget-container\">\n\t\t\t\t\t\t\t\t\t\t\t\t\t<img fetchpriority=\"high\" decoding=\"async\" width=\"1024\" height=\"605\" src=\"https:\/\/www.mecamaster.com\/mm\/wp-content\/uploads\/2018\/03\/MCAV5_LOAD-1024x605.bmp\" class=\"attachment-large size-large wp-image-763\" alt=\"\" srcset=\"https:\/\/www.mecamaster.com\/mm\/wp-content\/uploads\/2018\/03\/MCAV5_LOAD-1024x605.bmp 1024w, https:\/\/www.mecamaster.com\/mm\/wp-content\/uploads\/2018\/03\/MCAV5_LOAD-300x177.bmp 300w, https:\/\/www.mecamaster.com\/mm\/wp-content\/uploads\/2018\/03\/MCAV5_LOAD-768x454.bmp 768w, https:\/\/www.mecamaster.com\/mm\/wp-content\/uploads\/2018\/03\/MCAV5_LOAD.bmp 1826w\" sizes=\"(max-width: 1024px) 100vw, 1024px\" \/>\t\t\t\t\t\t\t\t\t\t\t\t\t<\/div>\n\t\t\t\t<\/div>\n\t\t\t\t\t<\/div>\n\t\t<\/div>\n\t\t\t\t\t<\/div>\n\t\t<\/section>\n\t\t\t\t<section class=\"elementor-section elementor-top-section elementor-element elementor-element-25bb5cc elementor-section-boxed elementor-section-height-default elementor-section-height-default\" data-id=\"25bb5cc\" data-element_type=\"section\">\n\t\t\t\t\t\t<div class=\"elementor-container elementor-column-gap-default\">\n\t\t\t\t\t<div class=\"elementor-column elementor-col-50 elementor-top-column elementor-element elementor-element-cb9ac56\" data-id=\"cb9ac56\" data-element_type=\"column\">\n\t\t\t<div class=\"elementor-widget-wrap elementor-element-populated\">\n\t\t\t\t\t\t<div class=\"elementor-element elementor-element-0bcf52b elementor-widget elementor-widget-text-editor\" data-id=\"0bcf52b\" data-element_type=\"widget\" data-widget_type=\"text-editor.default\">\n\t\t\t\t<div class=\"elementor-widget-container\">\n\t\t\t\t\t\t\t<p>Sur certains environnements (CATIA V5 uniquement pour le moment), le calcul peut \u00eatre coupl\u00e9 \u00e0 une cin\u00e9matique de m\u00e9canisme pour v\u00e9rifier l&#8217;\u00e9volution de l&#8217;effort en fonction de la position cin\u00e9matique du syst\u00e8me.<\/p>\t\t\t\t\t\t<\/div>\n\t\t\t\t<\/div>\n\t\t\t\t\t<\/div>\n\t\t<\/div>\n\t\t\t\t<div class=\"elementor-column elementor-col-50 elementor-top-column elementor-element elementor-element-a0419db\" data-id=\"a0419db\" data-element_type=\"column\">\n\t\t\t<div class=\"elementor-widget-wrap elementor-element-populated\">\n\t\t\t\t\t\t<div class=\"elementor-element elementor-element-97bcaf9 elementor-widget elementor-widget-image\" data-id=\"97bcaf9\" data-element_type=\"widget\" data-widget_type=\"image.default\">\n\t\t\t\t<div class=\"elementor-widget-container\">\n\t\t\t\t\t\t\t\t\t\t\t\t\t<img decoding=\"async\" width=\"1024\" height=\"605\" src=\"https:\/\/www.mecamaster.com\/mm\/wp-content\/uploads\/2018\/03\/MCAV5_KINE-1-1024x605.png\" class=\"attachment-large size-large wp-image-870\" alt=\"\" srcset=\"https:\/\/www.mecamaster.com\/mm\/wp-content\/uploads\/2018\/03\/MCAV5_KINE-1-1024x605.png 1024w, https:\/\/www.mecamaster.com\/mm\/wp-content\/uploads\/2018\/03\/MCAV5_KINE-1-300x177.png 300w, https:\/\/www.mecamaster.com\/mm\/wp-content\/uploads\/2018\/03\/MCAV5_KINE-1-768x454.png 768w, https:\/\/www.mecamaster.com\/mm\/wp-content\/uploads\/2018\/03\/MCAV5_KINE-1.png 1827w\" sizes=\"(max-width: 1024px) 100vw, 1024px\" \/>\t\t\t\t\t\t\t\t\t\t\t\t\t<\/div>\n\t\t\t\t<\/div>\n\t\t\t\t\t<\/div>\n\t\t<\/div>\n\t\t\t\t\t<\/div>\n\t\t<\/section>\n\t\t\t\t<section class=\"elementor-section elementor-top-section elementor-element elementor-element-9fa10ea elementor-section-boxed elementor-section-height-default elementor-section-height-default\" data-id=\"9fa10ea\" data-element_type=\"section\">\n\t\t\t\t\t\t<div class=\"elementor-container elementor-column-gap-default\">\n\t\t\t\t\t<div class=\"elementor-column elementor-col-100 elementor-top-column elementor-element elementor-element-0daeabb\" data-id=\"0daeabb\" data-element_type=\"column\">\n\t\t\t<div class=\"elementor-widget-wrap elementor-element-populated\">\n\t\t\t\t\t\t<div class=\"elementor-element elementor-element-81fed8c elementor-tabs-view-horizontal elementor-widget elementor-widget-tabs\" data-id=\"81fed8c\" data-element_type=\"widget\" data-widget_type=\"tabs.default\">\n\t\t\t\t<div class=\"elementor-widget-container\">\n\t\t\t\t\t<div class=\"elementor-tabs\">\n\t\t\t<div class=\"elementor-tabs-wrapper\" role=\"tablist\" >\n\t\t\t\t\t\t\t\t\t<div id=\"elementor-tab-title-1361\" class=\"elementor-tab-title elementor-tab-desktop-title\" aria-selected=\"true\" data-tab=\"1\" role=\"tab\" tabindex=\"0\" aria-controls=\"elementor-tab-content-1361\" aria-expanded=\"false\">El\u00e9ments cl\u00e9s<\/div>\n\t\t\t\t\t\t\t<\/div>\n\t\t\t<div class=\"elementor-tabs-content-wrapper\" role=\"tablist\" aria-orientation=\"vertical\">\n\t\t\t\t\t\t\t\t\t<div class=\"elementor-tab-title elementor-tab-mobile-title\" aria-selected=\"true\" data-tab=\"1\" role=\"tab\" tabindex=\"0\" aria-controls=\"elementor-tab-content-1361\" aria-expanded=\"false\">El\u00e9ments cl\u00e9s<\/div>\n\t\t\t\t\t<div id=\"elementor-tab-content-1361\" class=\"elementor-tab-content elementor-clearfix\" data-tab=\"1\" role=\"tabpanel\" aria-labelledby=\"elementor-tab-title-1361\" tabindex=\"0\" hidden=\"false\"><ul><li>utilisation en phase pr\u00e9liminaire (sur simple squelette etc\u00a0 &#8230; )<\/li><li>la simplicit\u00e9 d\u2019utilisation<\/li><li>la robustesse du calcul, purement num\u00e9rique<\/li><li>l&#8217;int\u00e9gration cin\u00e9matique dans certains environnements<\/li><\/ul><\/div>\n\t\t\t\t\t\t\t<\/div>\n\t\t<\/div>\n\t\t\t\t<\/div>\n\t\t\t\t<\/div>\n\t\t\t\t\t<\/div>\n\t\t<\/div>\n\t\t\t\t\t<\/div>\n\t\t<\/section>\n\t\t\t\t<section class=\"elementor-section elementor-top-section elementor-element elementor-element-5ea5cd1 elementor-section-stretched elementor-section-boxed elementor-section-height-default elementor-section-height-default\" data-id=\"5ea5cd1\" data-element_type=\"section\" data-settings=\"{&quot;stretch_section&quot;:&quot;section-stretched&quot;,&quot;background_background&quot;:&quot;classic&quot;}\">\n\t\t\t\t\t\t<div class=\"elementor-container elementor-column-gap-default\">\n\t\t\t\t\t<div class=\"elementor-column elementor-col-100 elementor-top-column elementor-element elementor-element-1d2f6a9\" data-id=\"1d2f6a9\" data-element_type=\"column\">\n\t\t\t<div class=\"elementor-widget-wrap elementor-element-populated\">\n\t\t\t\t\t\t<div class=\"elementor-element elementor-element-c3e322a elementor-widget elementor-widget-toggle\" data-id=\"c3e322a\" data-element_type=\"widget\" data-widget_type=\"toggle.default\">\n\t\t\t\t<div class=\"elementor-widget-container\">\n\t\t\t\t\t<div class=\"elementor-toggle\">\n\t\t\t\t\t\t\t<div class=\"elementor-toggle-item\">\n\t\t\t\t\t<div id=\"elementor-tab-title-2051\" class=\"elementor-tab-title\" data-tab=\"1\" role=\"button\" aria-controls=\"elementor-tab-content-2051\" aria-expanded=\"false\">\n\t\t\t\t\t\t\t\t\t\t\t\t<span class=\"elementor-toggle-icon elementor-toggle-icon-left\" aria-hidden=\"true\">\n\t\t\t\t\t\t\t\t\t\t\t\t\t\t\t<i class=\"elementor-toggle-icon-closed fa fa-caret-right\"><\/i>\n\t\t\t\t\t\t\t\t<i class=\"elementor-toggle-icon-opened fa fa-caret-up\"><\/i>\n\t\t\t\t\t\t\t\t\t\t\t\t\t<\/span>\n\t\t\t\t\t\t\t\t\t\t\t\t<a class=\"elementor-toggle-title\" tabindex=\"0\">Dans quels environnements MECAmaster est disponible ?<\/a>\n\t\t\t\t\t<\/div>\n\n\t\t\t\t\t<div id=\"elementor-tab-content-2051\" class=\"elementor-tab-content elementor-clearfix\" data-tab=\"1\" role=\"region\" aria-labelledby=\"elementor-tab-title-2051\"><p>MECAmaster est aujourd&#8217;hui disponible dans CATIA V5 et dans 3DExperience.<\/p><\/div>\n\t\t\t\t<\/div>\n\t\t\t\t\t\t\t<div class=\"elementor-toggle-item\">\n\t\t\t\t\t<div id=\"elementor-tab-title-2052\" class=\"elementor-tab-title\" data-tab=\"2\" role=\"button\" aria-controls=\"elementor-tab-content-2052\" aria-expanded=\"false\">\n\t\t\t\t\t\t\t\t\t\t\t\t<span class=\"elementor-toggle-icon elementor-toggle-icon-left\" aria-hidden=\"true\">\n\t\t\t\t\t\t\t\t\t\t\t\t\t\t\t<i class=\"elementor-toggle-icon-closed fa fa-caret-right\"><\/i>\n\t\t\t\t\t\t\t\t<i class=\"elementor-toggle-icon-opened fa fa-caret-up\"><\/i>\n\t\t\t\t\t\t\t\t\t\t\t\t\t<\/span>\n\t\t\t\t\t\t\t\t\t\t\t\t<a class=\"elementor-toggle-title\" tabindex=\"0\"> Qui dois-je contacter pour une d\u00e9monstration en direct?<\/a>\n\t\t\t\t\t<\/div>\n\n\t\t\t\t\t<div id=\"elementor-tab-content-2052\" class=\"elementor-tab-content elementor-clearfix\" data-tab=\"2\" role=\"region\" aria-labelledby=\"elementor-tab-title-2052\"><p>Comme tout autre produit MECAmaster, vous pouvez nous contacter directement pour toute question relative \u00e0 Model Builder, merci d&#8217;utiliser le formulaire de contact de ce site.<\/p><\/div>\n\t\t\t\t<\/div>\n\t\t\t\t\t\t\t\t<\/div>\n\t\t\t\t<\/div>\n\t\t\t\t<\/div>\n\t\t\t\t\t<\/div>\n\t\t<\/div>\n\t\t\t\t\t<\/div>\n\t\t<\/section>\n\t\t\t\t<\/div>\n\t\t","protected":false},"excerpt":{"rendered":"<p>MECAmaster Assembly est un outil simple et rapide pour identifier les efforts statiques aux liaisons d&#8217;un assemblage m\u00e9canique, m\u00eame sur un simple squelette !! En utilisaant des donn\u00e9es tr\u00e9s \u00e9l\u00e9mentaires pour travailler (Points \/ Directions \/ &#8230; ), le calcul d&#8217;Efforts peut \u00eatre utilis\u00e9 d\u00e9s les phases pr\u00e9liminaires du projet lors des analyses de concept, [&hellip;]<\/p>\n<div class=\"ccfw-readmore\"><a href=\"https:\/\/www.mecamaster.com\/mm\/fr\/produits-services\/mecamaster-assembly-efforts-3d\/\" class=\"more-link\">Read More<\/a><\/div>","protected":false},"author":2,"featured_media":0,"parent":990,"menu_order":2,"comment_status":"closed","ping_status":"closed","template":"page-full-width.php","meta":{"footnotes":""},"class_list":["post-979","page","type-page","status-publish","hentry"],"yoast_head":"<!-- This site is optimized with the Yoast SEO plugin v24.4 - https:\/\/yoast.com\/wordpress\/plugins\/seo\/ -->\n<title>MECAmaster Assembly (Efforts 3D) - MECAmaster<\/title>\n<meta name=\"robots\" content=\"index, follow, max-snippet:-1, max-image-preview:large, max-video-preview:-1\" \/>\n<link rel=\"canonical\" href=\"https:\/\/www.mecamaster.com\/mm\/fr\/produits-services\/mecamaster-assembly-efforts-3d\/\" \/>\n<meta property=\"og:locale\" content=\"en_GB\" \/>\n<meta property=\"og:type\" content=\"article\" \/>\n<meta property=\"og:title\" content=\"MECAmaster Assembly (Efforts 3D) - MECAmaster\" \/>\n<meta property=\"og:description\" content=\"MECAmaster Assembly est un outil simple et rapide pour identifier les efforts statiques aux liaisons d&#8217;un assemblage m\u00e9canique, m\u00eame sur un simple squelette !! En utilisaant des donn\u00e9es tr\u00e9s \u00e9l\u00e9mentaires pour travailler (Points \/ Directions \/ &#8230; ), le calcul d&#8217;Efforts peut \u00eatre utilis\u00e9 d\u00e9s les phases pr\u00e9liminaires du projet lors des analyses de concept, [&hellip;]\" \/>\n<meta property=\"og:url\" content=\"https:\/\/www.mecamaster.com\/mm\/fr\/produits-services\/mecamaster-assembly-efforts-3d\/\" \/>\n<meta property=\"og:site_name\" content=\"MECAmaster\" \/>\n<meta property=\"article:modified_time\" content=\"2022-11-21T09:01:20+00:00\" \/>\n<meta property=\"og:image\" content=\"http:\/\/www.mecamaster.com\/mm\/wp-content\/uploads\/2018\/03\/MCAV5_LOAD-1024x605.bmp\" \/>\n<meta name=\"twitter:card\" content=\"summary_large_image\" \/>\n<meta name=\"twitter:label1\" content=\"Estimated reading time\" \/>\n\t<meta name=\"twitter:data1\" content=\"1 minute\" \/>\n<script type=\"application\/ld+json\" class=\"yoast-schema-graph\">{\"@context\":\"https:\/\/schema.org\",\"@graph\":[{\"@type\":\"WebPage\",\"@id\":\"https:\/\/www.mecamaster.com\/mm\/fr\/produits-services\/mecamaster-assembly-efforts-3d\/\",\"url\":\"https:\/\/www.mecamaster.com\/mm\/fr\/produits-services\/mecamaster-assembly-efforts-3d\/\",\"name\":\"MECAmaster Assembly (Efforts 3D) - MECAmaster\",\"isPartOf\":{\"@id\":\"https:\/\/www.mecamaster.com\/mm\/#website\"},\"primaryImageOfPage\":{\"@id\":\"https:\/\/www.mecamaster.com\/mm\/fr\/produits-services\/mecamaster-assembly-efforts-3d\/#primaryimage\"},\"image\":{\"@id\":\"https:\/\/www.mecamaster.com\/mm\/fr\/produits-services\/mecamaster-assembly-efforts-3d\/#primaryimage\"},\"thumbnailUrl\":\"http:\/\/www.mecamaster.com\/mm\/wp-content\/uploads\/2018\/03\/MCAV5_LOAD-1024x605.bmp\",\"datePublished\":\"2018-03-14T14:07:21+00:00\",\"dateModified\":\"2022-11-21T09:01:20+00:00\",\"breadcrumb\":{\"@id\":\"https:\/\/www.mecamaster.com\/mm\/fr\/produits-services\/mecamaster-assembly-efforts-3d\/#breadcrumb\"},\"inLanguage\":\"en-GB\",\"potentialAction\":[{\"@type\":\"ReadAction\",\"target\":[\"https:\/\/www.mecamaster.com\/mm\/fr\/produits-services\/mecamaster-assembly-efforts-3d\/\"]}]},{\"@type\":\"ImageObject\",\"inLanguage\":\"en-GB\",\"@id\":\"https:\/\/www.mecamaster.com\/mm\/fr\/produits-services\/mecamaster-assembly-efforts-3d\/#primaryimage\",\"url\":\"http:\/\/www.mecamaster.com\/mm\/wp-content\/uploads\/2018\/03\/MCAV5_LOAD-1024x605.bmp\",\"contentUrl\":\"http:\/\/www.mecamaster.com\/mm\/wp-content\/uploads\/2018\/03\/MCAV5_LOAD-1024x605.bmp\"},{\"@type\":\"BreadcrumbList\",\"@id\":\"https:\/\/www.mecamaster.com\/mm\/fr\/produits-services\/mecamaster-assembly-efforts-3d\/#breadcrumb\",\"itemListElement\":[{\"@type\":\"ListItem\",\"position\":1,\"name\":\"Home\",\"item\":\"https:\/\/www.mecamaster.com\/mm\/en\/home\/\"},{\"@type\":\"ListItem\",\"position\":2,\"name\":\"Produits &#038; Services\",\"item\":\"https:\/\/www.mecamaster.com\/mm\/fr\/produits-services\/\"},{\"@type\":\"ListItem\",\"position\":3,\"name\":\"MECAmaster Assembly (Efforts 3D)\"}]},{\"@type\":\"WebSite\",\"@id\":\"https:\/\/www.mecamaster.com\/mm\/#website\",\"url\":\"https:\/\/www.mecamaster.com\/mm\/\",\"name\":\"MECAmaster\",\"description\":\"3D Tolerances &amp; Loads\",\"potentialAction\":[{\"@type\":\"SearchAction\",\"target\":{\"@type\":\"EntryPoint\",\"urlTemplate\":\"https:\/\/www.mecamaster.com\/mm\/?s={search_term_string}\"},\"query-input\":{\"@type\":\"PropertyValueSpecification\",\"valueRequired\":true,\"valueName\":\"search_term_string\"}}],\"inLanguage\":\"en-GB\"}]}<\/script>\n<!-- \/ Yoast SEO plugin. -->","yoast_head_json":{"title":"MECAmaster Assembly (Efforts 3D) - MECAmaster","robots":{"index":"index","follow":"follow","max-snippet":"max-snippet:-1","max-image-preview":"max-image-preview:large","max-video-preview":"max-video-preview:-1"},"canonical":"https:\/\/www.mecamaster.com\/mm\/fr\/produits-services\/mecamaster-assembly-efforts-3d\/","og_locale":"en_GB","og_type":"article","og_title":"MECAmaster Assembly (Efforts 3D) - MECAmaster","og_description":"MECAmaster Assembly est un outil simple et rapide pour identifier les efforts statiques aux liaisons d&#8217;un assemblage m\u00e9canique, m\u00eame sur un simple squelette !! En utilisaant des donn\u00e9es tr\u00e9s \u00e9l\u00e9mentaires pour travailler (Points \/ Directions \/ &#8230; ), le calcul d&#8217;Efforts peut \u00eatre utilis\u00e9 d\u00e9s les phases pr\u00e9liminaires du projet lors des analyses de concept, [&hellip;]","og_url":"https:\/\/www.mecamaster.com\/mm\/fr\/produits-services\/mecamaster-assembly-efforts-3d\/","og_site_name":"MECAmaster","article_modified_time":"2022-11-21T09:01:20+00:00","og_image":[{"url":"http:\/\/www.mecamaster.com\/mm\/wp-content\/uploads\/2018\/03\/MCAV5_LOAD-1024x605.bmp","type":"","width":"","height":""}],"twitter_card":"summary_large_image","twitter_misc":{"Estimated reading time":"1 minute"},"schema":{"@context":"https:\/\/schema.org","@graph":[{"@type":"WebPage","@id":"https:\/\/www.mecamaster.com\/mm\/fr\/produits-services\/mecamaster-assembly-efforts-3d\/","url":"https:\/\/www.mecamaster.com\/mm\/fr\/produits-services\/mecamaster-assembly-efforts-3d\/","name":"MECAmaster Assembly (Efforts 3D) - MECAmaster","isPartOf":{"@id":"https:\/\/www.mecamaster.com\/mm\/#website"},"primaryImageOfPage":{"@id":"https:\/\/www.mecamaster.com\/mm\/fr\/produits-services\/mecamaster-assembly-efforts-3d\/#primaryimage"},"image":{"@id":"https:\/\/www.mecamaster.com\/mm\/fr\/produits-services\/mecamaster-assembly-efforts-3d\/#primaryimage"},"thumbnailUrl":"http:\/\/www.mecamaster.com\/mm\/wp-content\/uploads\/2018\/03\/MCAV5_LOAD-1024x605.bmp","datePublished":"2018-03-14T14:07:21+00:00","dateModified":"2022-11-21T09:01:20+00:00","breadcrumb":{"@id":"https:\/\/www.mecamaster.com\/mm\/fr\/produits-services\/mecamaster-assembly-efforts-3d\/#breadcrumb"},"inLanguage":"en-GB","potentialAction":[{"@type":"ReadAction","target":["https:\/\/www.mecamaster.com\/mm\/fr\/produits-services\/mecamaster-assembly-efforts-3d\/"]}]},{"@type":"ImageObject","inLanguage":"en-GB","@id":"https:\/\/www.mecamaster.com\/mm\/fr\/produits-services\/mecamaster-assembly-efforts-3d\/#primaryimage","url":"http:\/\/www.mecamaster.com\/mm\/wp-content\/uploads\/2018\/03\/MCAV5_LOAD-1024x605.bmp","contentUrl":"http:\/\/www.mecamaster.com\/mm\/wp-content\/uploads\/2018\/03\/MCAV5_LOAD-1024x605.bmp"},{"@type":"BreadcrumbList","@id":"https:\/\/www.mecamaster.com\/mm\/fr\/produits-services\/mecamaster-assembly-efforts-3d\/#breadcrumb","itemListElement":[{"@type":"ListItem","position":1,"name":"Home","item":"https:\/\/www.mecamaster.com\/mm\/en\/home\/"},{"@type":"ListItem","position":2,"name":"Produits &#038; Services","item":"https:\/\/www.mecamaster.com\/mm\/fr\/produits-services\/"},{"@type":"ListItem","position":3,"name":"MECAmaster Assembly (Efforts 3D)"}]},{"@type":"WebSite","@id":"https:\/\/www.mecamaster.com\/mm\/#website","url":"https:\/\/www.mecamaster.com\/mm\/","name":"MECAmaster","description":"3D Tolerances &amp; Loads","potentialAction":[{"@type":"SearchAction","target":{"@type":"EntryPoint","urlTemplate":"https:\/\/www.mecamaster.com\/mm\/?s={search_term_string}"},"query-input":{"@type":"PropertyValueSpecification","valueRequired":true,"valueName":"search_term_string"}}],"inLanguage":"en-GB"}]}},"_links":{"self":[{"href":"https:\/\/www.mecamaster.com\/mm\/wp-json\/wp\/v2\/pages\/979","targetHints":{"allow":["GET"]}}],"collection":[{"href":"https:\/\/www.mecamaster.com\/mm\/wp-json\/wp\/v2\/pages"}],"about":[{"href":"https:\/\/www.mecamaster.com\/mm\/wp-json\/wp\/v2\/types\/page"}],"author":[{"embeddable":true,"href":"https:\/\/www.mecamaster.com\/mm\/wp-json\/wp\/v2\/users\/2"}],"replies":[{"embeddable":true,"href":"https:\/\/www.mecamaster.com\/mm\/wp-json\/wp\/v2\/comments?post=979"}],"version-history":[{"count":3,"href":"https:\/\/www.mecamaster.com\/mm\/wp-json\/wp\/v2\/pages\/979\/revisions"}],"predecessor-version":[{"id":1178,"href":"https:\/\/www.mecamaster.com\/mm\/wp-json\/wp\/v2\/pages\/979\/revisions\/1178"}],"up":[{"embeddable":true,"href":"https:\/\/www.mecamaster.com\/mm\/wp-json\/wp\/v2\/pages\/990"}],"wp:attachment":[{"href":"https:\/\/www.mecamaster.com\/mm\/wp-json\/wp\/v2\/media?parent=979"}],"curies":[{"name":"wp","href":"https:\/\/api.w.org\/{rel}","templated":true}]}}