{"id":990,"date":"2018-03-14T15:26:36","date_gmt":"2018-03-14T15:26:36","guid":{"rendered":"http:\/\/www.mecamaster.com\/mm\/?page_id=990"},"modified":"2022-11-21T08:58:58","modified_gmt":"2022-11-21T08:58:58","slug":"produits-services","status":"publish","type":"page","link":"https:\/\/www.mecamaster.com\/mm\/fr\/produits-services\/","title":{"rendered":"Produits &#038; Services"},"content":{"rendered":"\t\t<div data-elementor-type=\"wp-page\" data-elementor-id=\"990\" class=\"elementor elementor-990\">\n\t\t\t\t\t\t<section class=\"elementor-section elementor-top-section elementor-element elementor-element-bf50524 elementor-section-boxed elementor-section-height-default elementor-section-height-default\" data-id=\"bf50524\" data-element_type=\"section\">\n\t\t\t\t\t\t<div class=\"elementor-container elementor-column-gap-default\">\n\t\t\t\t\t<div class=\"elementor-column elementor-col-100 elementor-top-column elementor-element elementor-element-76108db\" data-id=\"76108db\" data-element_type=\"column\">\n\t\t\t<div class=\"elementor-widget-wrap elementor-element-populated\">\n\t\t\t\t\t\t<div class=\"elementor-element elementor-element-72cf52a elementor-widget elementor-widget-text-editor\" data-id=\"72cf52a\" data-element_type=\"widget\" data-widget_type=\"text-editor.default\">\n\t\t\t\t<div class=\"elementor-widget-container\">\n\t\t\t\t\t\t\t<h2>Produits MECAmaster<\/h2>\t\t\t\t\t\t<\/div>\n\t\t\t\t<\/div>\n\t\t\t\t\t<\/div>\n\t\t<\/div>\n\t\t\t\t\t<\/div>\n\t\t<\/section>\n\t\t\t\t<section class=\"elementor-section elementor-top-section elementor-element elementor-element-4uu27p6 elementor-section-boxed elementor-section-height-default elementor-section-height-default\" data-id=\"4uu27p6\" data-element_type=\"section\">\n\t\t\t\t\t\t<div class=\"elementor-container elementor-column-gap-extended\">\n\t\t\t\t\t<div class=\"elementor-column elementor-col-33 elementor-top-column elementor-element elementor-element-9olpfep\" data-id=\"9olpfep\" data-element_type=\"column\">\n\t\t\t<div class=\"elementor-widget-wrap elementor-element-populated\">\n\t\t\t\t\t\t<div class=\"elementor-element elementor-element-d1suxp4 image-hover elementor-widget elementor-widget-image\" data-id=\"d1suxp4\" data-element_type=\"widget\" data-widget_type=\"image.default\">\n\t\t\t\t<div class=\"elementor-widget-container\">\n\t\t\t\t\t\t\t\t\t\t\t\t\t\t<a href=\"\/mm\/produits-services\/mecamaster-assembly-tolerances-3d\/\">\n\t\t\t\t\t\t\t<img fetchpriority=\"high\" decoding=\"async\" width=\"1024\" height=\"605\" src=\"https:\/\/www.mecamaster.com\/mm\/wp-content\/uploads\/2018\/03\/MCA3DEXP_CONCEPT-1024x605.png\" class=\"attachment-large size-large wp-image-764\" alt=\"\" srcset=\"https:\/\/www.mecamaster.com\/mm\/wp-content\/uploads\/2018\/03\/MCA3DEXP_CONCEPT-1024x605.png 1024w, https:\/\/www.mecamaster.com\/mm\/wp-content\/uploads\/2018\/03\/MCA3DEXP_CONCEPT-300x177.png 300w, https:\/\/www.mecamaster.com\/mm\/wp-content\/uploads\/2018\/03\/MCA3DEXP_CONCEPT-768x454.png 768w, https:\/\/www.mecamaster.com\/mm\/wp-content\/uploads\/2018\/03\/MCA3DEXP_CONCEPT.png 1827w\" sizes=\"(max-width: 1024px) 100vw, 1024px\" \/>\t\t\t\t\t\t\t\t<\/a>\n\t\t\t\t\t\t\t\t\t\t\t\t\t<\/div>\n\t\t\t\t<\/div>\n\t\t\t\t<div class=\"elementor-element elementor-element-07npnim elementor-widget elementor-widget-text-editor\" data-id=\"07npnim\" data-element_type=\"widget\" data-widget_type=\"text-editor.default\">\n\t\t\t\t<div class=\"elementor-widget-container\">\n\t\t\t\t\t\t\t<h4><a href=\"\/mm\/produits-services\/mecamaster-assembly-tolerances-3d\/\">MECAmaster Assembly tolerances 3D<\/a><\/h4>\nProduit phare de MECAmaster SARL, d\u00e9couvrez comment l&#8217;assemblage MECAmaster peut vous accompagner tout au long du cycle de vie du produit pour optimiser et contr\u00f4ler la qualit\u00e9 g\u00e9om\u00e9trique des assemblages.\t\t\t\t\t\t<\/div>\n\t\t\t\t<\/div>\n\t\t\t\t\t<\/div>\n\t\t<\/div>\n\t\t\t\t<div class=\"elementor-column elementor-col-33 elementor-top-column elementor-element elementor-element-gc0ok1x\" data-id=\"gc0ok1x\" data-element_type=\"column\">\n\t\t\t<div class=\"elementor-widget-wrap elementor-element-populated\">\n\t\t\t\t\t\t<div class=\"elementor-element elementor-element-3s7jclc image-hover elementor-widget elementor-widget-image\" data-id=\"3s7jclc\" data-element_type=\"widget\" data-widget_type=\"image.default\">\n\t\t\t\t<div class=\"elementor-widget-container\">\n\t\t\t\t\t\t\t\t\t\t\t\t\t\t<a href=\"\/mm\/produits-services\/mecamaster-assembly-efforts-3d\/\">\n\t\t\t\t\t\t\t<img decoding=\"async\" width=\"1024\" height=\"605\" src=\"https:\/\/www.mecamaster.com\/mm\/wp-content\/uploads\/2018\/03\/MCAV5_LOAD-1024x605.bmp\" class=\"attachment-large size-large wp-image-763\" alt=\"\" srcset=\"https:\/\/www.mecamaster.com\/mm\/wp-content\/uploads\/2018\/03\/MCAV5_LOAD-1024x605.bmp 1024w, https:\/\/www.mecamaster.com\/mm\/wp-content\/uploads\/2018\/03\/MCAV5_LOAD-300x177.bmp 300w, https:\/\/www.mecamaster.com\/mm\/wp-content\/uploads\/2018\/03\/MCAV5_LOAD-768x454.bmp 768w, https:\/\/www.mecamaster.com\/mm\/wp-content\/uploads\/2018\/03\/MCAV5_LOAD.bmp 1826w\" sizes=\"(max-width: 1024px) 100vw, 1024px\" \/>\t\t\t\t\t\t\t\t<\/a>\n\t\t\t\t\t\t\t\t\t\t\t\t\t<\/div>\n\t\t\t\t<\/div>\n\t\t\t\t<div class=\"elementor-element elementor-element-xajxjum elementor-widget elementor-widget-text-editor\" data-id=\"xajxjum\" data-element_type=\"widget\" data-widget_type=\"text-editor.default\">\n\t\t\t\t<div class=\"elementor-widget-container\">\n\t\t\t\t\t\t\t<h4><a href=\"\/mm\/produits-services\/mecamaster-assembly-efforts-3d\/\">MECAmaster Assembly Efforts 3D<\/a><\/h4>\nAnalyser et calculer en utilisant une mod\u00e9lisation tr\u00e8s rapide la propagation des efforts statiques dans un assemblage m\u00e9canique.\t\t\t\t\t\t<\/div>\n\t\t\t\t<\/div>\n\t\t\t\t\t<\/div>\n\t\t<\/div>\n\t\t\t\t<div class=\"elementor-column elementor-col-33 elementor-top-column elementor-element elementor-element-k4ott0e\" data-id=\"k4ott0e\" data-element_type=\"column\">\n\t\t\t<div class=\"elementor-widget-wrap elementor-element-populated\">\n\t\t\t\t\t\t<div class=\"elementor-element elementor-element-teyomt7 image-hover elementor-widget elementor-widget-image\" data-id=\"teyomt7\" data-element_type=\"widget\" data-widget_type=\"image.default\">\n\t\t\t\t<div class=\"elementor-widget-container\">\n\t\t\t\t\t\t\t\t\t\t\t\t\t\t<a href=\"\/mm\/produits-services\/add-model-builder\/\">\n\t\t\t\t\t\t\t<img decoding=\"async\" width=\"1024\" height=\"604\" src=\"https:\/\/www.mecamaster.com\/mm\/wp-content\/uploads\/2018\/03\/MMB_FULLPAGE-1024x604.png\" class=\"attachment-large size-large wp-image-874\" alt=\"\" srcset=\"https:\/\/www.mecamaster.com\/mm\/wp-content\/uploads\/2018\/03\/MMB_FULLPAGE-1024x604.png 1024w, https:\/\/www.mecamaster.com\/mm\/wp-content\/uploads\/2018\/03\/MMB_FULLPAGE-300x177.png 300w, https:\/\/www.mecamaster.com\/mm\/wp-content\/uploads\/2018\/03\/MMB_FULLPAGE-768x453.png 768w, https:\/\/www.mecamaster.com\/mm\/wp-content\/uploads\/2018\/03\/MMB_FULLPAGE.png 1827w\" sizes=\"(max-width: 1024px) 100vw, 1024px\" \/>\t\t\t\t\t\t\t\t<\/a>\n\t\t\t\t\t\t\t\t\t\t\t\t\t<\/div>\n\t\t\t\t<\/div>\n\t\t\t\t<div class=\"elementor-element elementor-element-pxrcqrw elementor-widget elementor-widget-text-editor\" data-id=\"pxrcqrw\" data-element_type=\"widget\" data-widget_type=\"text-editor.default\">\n\t\t\t\t<div class=\"elementor-widget-container\">\n\t\t\t\t\t\t\t<h4><a href=\"\/mm\/produits-services\/add-model-builder\/\">Model Builder pour MECAmaster<\/a><\/h4>\nModel Builder aide l&#8217;analyste g\u00e9om\u00e9trique \u00e0 construire, pr\u00e9parer et g\u00e9rer un mod\u00e8le de calcul avant d&#8217;entrer dans le syst\u00e8me CAO.\t\t\t\t\t\t<\/div>\n\t\t\t\t<\/div>\n\t\t\t\t\t<\/div>\n\t\t<\/div>\n\t\t\t\t\t<\/div>\n\t\t<\/section>\n\t\t\t\t<section class=\"elementor-section elementor-top-section elementor-element elementor-element-3165de3 elementor-section-boxed elementor-section-height-default elementor-section-height-default\" data-id=\"3165de3\" data-element_type=\"section\">\n\t\t\t\t\t\t<div class=\"elementor-container elementor-column-gap-default\">\n\t\t\t\t\t<div class=\"elementor-column elementor-col-33 elementor-top-column elementor-element elementor-element-09f73d6\" data-id=\"09f73d6\" data-element_type=\"column\">\n\t\t\t<div class=\"elementor-widget-wrap elementor-element-populated\">\n\t\t\t\t\t\t<div class=\"elementor-element elementor-element-ce1d8a1 elementor-widget elementor-widget-text-editor\" data-id=\"ce1d8a1\" data-element_type=\"widget\" data-widget_type=\"text-editor.default\">\n\t\t\t\t<div class=\"elementor-widget-container\">\n\t\t\t\t\t\t\t<h2>Produits Collaboratifs<\/h2>\t\t\t\t\t\t<\/div>\n\t\t\t\t<\/div>\n\t\t\t\t\t<\/div>\n\t\t<\/div>\n\t\t\t\t<div class=\"elementor-column elementor-col-33 elementor-top-column elementor-element elementor-element-27fb75e\" data-id=\"27fb75e\" data-element_type=\"column\">\n\t\t\t<div class=\"elementor-widget-wrap elementor-element-populated\">\n\t\t\t\t\t\t<div class=\"elementor-element elementor-element-11f864b elementor-widget elementor-widget-spacer\" data-id=\"11f864b\" data-element_type=\"widget\" data-widget_type=\"spacer.default\">\n\t\t\t\t<div class=\"elementor-widget-container\">\n\t\t\t\t\t<div class=\"elementor-spacer\">\n\t\t\t<div class=\"elementor-spacer-inner\"><\/div>\n\t\t<\/div>\n\t\t\t\t<\/div>\n\t\t\t\t<\/div>\n\t\t\t\t\t<\/div>\n\t\t<\/div>\n\t\t\t\t<div class=\"elementor-column elementor-col-33 elementor-top-column elementor-element elementor-element-afc2748\" data-id=\"afc2748\" data-element_type=\"column\">\n\t\t\t<div class=\"elementor-widget-wrap elementor-element-populated\">\n\t\t\t\t\t\t<div class=\"elementor-element elementor-element-2ddcc73 elementor-widget elementor-widget-text-editor\" data-id=\"2ddcc73\" data-element_type=\"widget\" data-widget_type=\"text-editor.default\">\n\t\t\t\t<div class=\"elementor-widget-container\">\n\t\t\t\t\t\t\t<h2>Services<\/h2>\t\t\t\t\t\t<\/div>\n\t\t\t\t<\/div>\n\t\t\t\t\t<\/div>\n\t\t<\/div>\n\t\t\t\t\t<\/div>\n\t\t<\/section>\n\t\t\t\t<section class=\"elementor-section elementor-top-section elementor-element elementor-element-08da465 elementor-section-boxed elementor-section-height-default elementor-section-height-default\" data-id=\"08da465\" data-element_type=\"section\">\n\t\t\t\t\t\t<div class=\"elementor-container elementor-column-gap-default\">\n\t\t\t\t\t<div class=\"elementor-column elementor-col-33 elementor-top-column elementor-element elementor-element-so2gvwb\" data-id=\"so2gvwb\" data-element_type=\"column\">\n\t\t\t<div class=\"elementor-widget-wrap elementor-element-populated\">\n\t\t\t\t\t\t<div class=\"elementor-element elementor-element-ack0cxg elementor-widget elementor-widget-image\" data-id=\"ack0cxg\" data-element_type=\"widget\" data-widget_type=\"image.default\">\n\t\t\t\t<div class=\"elementor-widget-container\">\n\t\t\t\t\t\t\t\t\t\t\t\t\t<img loading=\"lazy\" decoding=\"async\" width=\"1007\" height=\"650\" src=\"https:\/\/www.mecamaster.com\/mm\/wp-content\/uploads\/2018\/03\/TolSis_EX.png\" class=\"attachment-large size-large wp-image-899\" alt=\"\" srcset=\"https:\/\/www.mecamaster.com\/mm\/wp-content\/uploads\/2018\/03\/TolSis_EX.png 1007w, https:\/\/www.mecamaster.com\/mm\/wp-content\/uploads\/2018\/03\/TolSis_EX-300x194.png 300w, https:\/\/www.mecamaster.com\/mm\/wp-content\/uploads\/2018\/03\/TolSis_EX-768x496.png 768w\" sizes=\"(max-width: 1007px) 100vw, 1007px\" \/>\t\t\t\t\t\t\t\t\t\t\t\t\t<\/div>\n\t\t\t\t<\/div>\n\t\t\t\t<div class=\"elementor-element elementor-element-yp4om4v elementor-widget elementor-widget-text-editor\" data-id=\"yp4om4v\" data-element_type=\"widget\" data-widget_type=\"text-editor.default\">\n\t\t\t\t<div class=\"elementor-widget-container\">\n\t\t\t\t\t\t\t<h4>Tolsis<\/h4><p>Produit collaboratif distribu\u00e9 par MECAmaster pour la simulation de tol\u00e9rance statistique sur des assemblages fortement surcontraints.<\/p>\t\t\t\t\t\t<\/div>\n\t\t\t\t<\/div>\n\t\t\t\t<div class=\"elementor-element elementor-element-95ab6cd elementor-alert-info elementor-widget elementor-widget-alert\" data-id=\"95ab6cd\" data-element_type=\"widget\" data-widget_type=\"alert.default\">\n\t\t\t\t<div class=\"elementor-widget-container\">\n\t\t\t\t\t<div class=\"elementor-alert\" role=\"alert\">\n\n\t\t\t\t\t\t<span class=\"elementor-alert-title\">Alerte de disponibilit\u00e9<\/span>\n\t\t\t\n\t\t\t\t\t\t<span class=\"elementor-alert-description\">Veuillez noter que ce produit n'est pas encore disponible commercialement, une communication sera faite prochainement pour annoncer sa disponibilit\u00e9.<\/span>\n\t\t\t\n\t\t\t\n\t\t<\/div>\n\t\t\t\t<\/div>\n\t\t\t\t<\/div>\n\t\t\t\t\t<\/div>\n\t\t<\/div>\n\t\t\t\t<div class=\"elementor-column elementor-col-33 elementor-top-column elementor-element elementor-element-bb48510\" data-id=\"bb48510\" data-element_type=\"column\">\n\t\t\t<div class=\"elementor-widget-wrap\">\n\t\t\t\t\t\t\t<\/div>\n\t\t<\/div>\n\t\t\t\t<div class=\"elementor-column elementor-col-33 elementor-top-column elementor-element elementor-element-32d15f6\" data-id=\"32d15f6\" data-element_type=\"column\">\n\t\t\t<div class=\"elementor-widget-wrap elementor-element-populated\">\n\t\t\t\t\t\t<div class=\"elementor-element elementor-element-b053578 image-hover elementor-widget elementor-widget-image\" data-id=\"b053578\" data-element_type=\"widget\" data-widget_type=\"image.default\">\n\t\t\t\t<div class=\"elementor-widget-container\">\n\t\t\t\t\t\t\t\t\t\t\t\t\t\t<a href=\"\/mm\/produits-services\/formation\/\">\n\t\t\t\t\t\t\t<img loading=\"lazy\" decoding=\"async\" width=\"1024\" height=\"683\" src=\"https:\/\/www.mecamaster.com\/mm\/wp-content\/uploads\/2018\/03\/Training_Offer-1024x683.jpg\" class=\"attachment-large size-large wp-image-716\" alt=\"\" srcset=\"https:\/\/www.mecamaster.com\/mm\/wp-content\/uploads\/2018\/03\/Training_Offer-1024x683.jpg 1024w, https:\/\/www.mecamaster.com\/mm\/wp-content\/uploads\/2018\/03\/Training_Offer-300x200.jpg 300w, https:\/\/www.mecamaster.com\/mm\/wp-content\/uploads\/2018\/03\/Training_Offer-768x512.jpg 768w, https:\/\/www.mecamaster.com\/mm\/wp-content\/uploads\/2018\/03\/Training_Offer.jpg 1080w\" sizes=\"(max-width: 1024px) 100vw, 1024px\" \/>\t\t\t\t\t\t\t\t<\/a>\n\t\t\t\t\t\t\t\t\t\t\t\t\t<\/div>\n\t\t\t\t<\/div>\n\t\t\t\t<div class=\"elementor-element elementor-element-d6e867d elementor-widget elementor-widget-text-editor\" data-id=\"d6e867d\" data-element_type=\"widget\" data-widget_type=\"text-editor.default\">\n\t\t\t\t<div class=\"elementor-widget-container\">\n\t\t\t\t\t\t\t<h4><a href=\"\/mm\/produits-services\/formation\/\">Formations<\/a><\/h4>\nMECAmaster propose \u00e0 ses clients une gamme standard de formations pour chaque produit MECAmaster.\t\t\t\t\t\t<\/div>\n\t\t\t\t<\/div>\n\t\t\t\t\t<\/div>\n\t\t<\/div>\n\t\t\t\t\t<\/div>\n\t\t<\/section>\n\t\t\t\t<\/div>\n\t\t","protected":false},"excerpt":{"rendered":"<p>Produits MECAmaster MECAmaster Assembly tolerances 3D Produit phare de MECAmaster SARL, d\u00e9couvrez comment l&#8217;assemblage MECAmaster peut vous accompagner tout au long du cycle de vie du produit pour optimiser et contr\u00f4ler la qualit\u00e9 g\u00e9om\u00e9trique des assemblages. MECAmaster Assembly Efforts 3D Analyser et calculer en utilisant une mod\u00e9lisation tr\u00e8s rapide la propagation des efforts statiques dans [&hellip;]<\/p>\n<div class=\"ccfw-readmore\"><a href=\"https:\/\/www.mecamaster.com\/mm\/fr\/produits-services\/\" class=\"more-link\">Read More<\/a><\/div>","protected":false},"author":2,"featured_media":0,"parent":0,"menu_order":0,"comment_status":"closed","ping_status":"closed","template":"page-full-width.php","meta":{"footnotes":""},"class_list":["post-990","page","type-page","status-publish","hentry"],"yoast_head":"<!-- This site is optimized with the Yoast SEO plugin v24.4 - https:\/\/yoast.com\/wordpress\/plugins\/seo\/ -->\n<title>Produits &amp; Services - MECAmaster<\/title>\n<meta name=\"robots\" content=\"index, follow, max-snippet:-1, max-image-preview:large, max-video-preview:-1\" \/>\n<link rel=\"canonical\" href=\"https:\/\/www.mecamaster.com\/mm\/fr\/produits-services\/\" \/>\n<meta property=\"og:locale\" content=\"en_GB\" \/>\n<meta property=\"og:type\" content=\"article\" \/>\n<meta property=\"og:title\" content=\"Produits &amp; Services - MECAmaster\" \/>\n<meta property=\"og:description\" content=\"Produits MECAmaster MECAmaster Assembly tolerances 3D Produit phare de MECAmaster SARL, d\u00e9couvrez comment l&#8217;assemblage MECAmaster peut vous accompagner tout au long du cycle de vie du produit pour optimiser et contr\u00f4ler la qualit\u00e9 g\u00e9om\u00e9trique des assemblages. MECAmaster Assembly Efforts 3D Analyser et calculer en utilisant une mod\u00e9lisation tr\u00e8s rapide la propagation des efforts statiques dans [&hellip;]\" \/>\n<meta property=\"og:url\" content=\"https:\/\/www.mecamaster.com\/mm\/fr\/produits-services\/\" \/>\n<meta property=\"og:site_name\" content=\"MECAmaster\" \/>\n<meta property=\"article:modified_time\" content=\"2022-11-21T08:58:58+00:00\" \/>\n<meta property=\"og:image\" content=\"http:\/\/www.mecamaster.com\/mm\/wp-content\/uploads\/2018\/03\/MCA3DEXP_CONCEPT-1024x605.png\" \/>\n<meta name=\"twitter:card\" content=\"summary_large_image\" \/>\n<meta name=\"twitter:label1\" content=\"Estimated reading time\" \/>\n\t<meta name=\"twitter:data1\" content=\"1 minute\" \/>\n<script type=\"application\/ld+json\" class=\"yoast-schema-graph\">{\"@context\":\"https:\/\/schema.org\",\"@graph\":[{\"@type\":\"WebPage\",\"@id\":\"https:\/\/www.mecamaster.com\/mm\/fr\/produits-services\/\",\"url\":\"https:\/\/www.mecamaster.com\/mm\/fr\/produits-services\/\",\"name\":\"Produits & Services - MECAmaster\",\"isPartOf\":{\"@id\":\"https:\/\/www.mecamaster.com\/mm\/#website\"},\"primaryImageOfPage\":{\"@id\":\"https:\/\/www.mecamaster.com\/mm\/fr\/produits-services\/#primaryimage\"},\"image\":{\"@id\":\"https:\/\/www.mecamaster.com\/mm\/fr\/produits-services\/#primaryimage\"},\"thumbnailUrl\":\"http:\/\/www.mecamaster.com\/mm\/wp-content\/uploads\/2018\/03\/MCA3DEXP_CONCEPT-1024x605.png\",\"datePublished\":\"2018-03-14T15:26:36+00:00\",\"dateModified\":\"2022-11-21T08:58:58+00:00\",\"breadcrumb\":{\"@id\":\"https:\/\/www.mecamaster.com\/mm\/fr\/produits-services\/#breadcrumb\"},\"inLanguage\":\"en-GB\",\"potentialAction\":[{\"@type\":\"ReadAction\",\"target\":[\"https:\/\/www.mecamaster.com\/mm\/fr\/produits-services\/\"]}]},{\"@type\":\"ImageObject\",\"inLanguage\":\"en-GB\",\"@id\":\"https:\/\/www.mecamaster.com\/mm\/fr\/produits-services\/#primaryimage\",\"url\":\"https:\/\/www.mecamaster.com\/mm\/wp-content\/uploads\/2018\/03\/MCA3DEXP_CONCEPT.png\",\"contentUrl\":\"https:\/\/www.mecamaster.com\/mm\/wp-content\/uploads\/2018\/03\/MCA3DEXP_CONCEPT.png\",\"width\":1827,\"height\":1079},{\"@type\":\"BreadcrumbList\",\"@id\":\"https:\/\/www.mecamaster.com\/mm\/fr\/produits-services\/#breadcrumb\",\"itemListElement\":[{\"@type\":\"ListItem\",\"position\":1,\"name\":\"Home\",\"item\":\"https:\/\/www.mecamaster.com\/mm\/en\/home\/\"},{\"@type\":\"ListItem\",\"position\":2,\"name\":\"Produits &#038; Services\"}]},{\"@type\":\"WebSite\",\"@id\":\"https:\/\/www.mecamaster.com\/mm\/#website\",\"url\":\"https:\/\/www.mecamaster.com\/mm\/\",\"name\":\"MECAmaster\",\"description\":\"3D Tolerances &amp; Loads\",\"potentialAction\":[{\"@type\":\"SearchAction\",\"target\":{\"@type\":\"EntryPoint\",\"urlTemplate\":\"https:\/\/www.mecamaster.com\/mm\/?s={search_term_string}\"},\"query-input\":{\"@type\":\"PropertyValueSpecification\",\"valueRequired\":true,\"valueName\":\"search_term_string\"}}],\"inLanguage\":\"en-GB\"}]}<\/script>\n<!-- \/ Yoast SEO plugin. -->","yoast_head_json":{"title":"Produits & Services - MECAmaster","robots":{"index":"index","follow":"follow","max-snippet":"max-snippet:-1","max-image-preview":"max-image-preview:large","max-video-preview":"max-video-preview:-1"},"canonical":"https:\/\/www.mecamaster.com\/mm\/fr\/produits-services\/","og_locale":"en_GB","og_type":"article","og_title":"Produits & Services - MECAmaster","og_description":"Produits MECAmaster MECAmaster Assembly tolerances 3D Produit phare de MECAmaster SARL, d\u00e9couvrez comment l&#8217;assemblage MECAmaster peut vous accompagner tout au long du cycle de vie du produit pour optimiser et contr\u00f4ler la qualit\u00e9 g\u00e9om\u00e9trique des assemblages. MECAmaster Assembly Efforts 3D Analyser et calculer en utilisant une mod\u00e9lisation tr\u00e8s rapide la propagation des efforts statiques dans [&hellip;]","og_url":"https:\/\/www.mecamaster.com\/mm\/fr\/produits-services\/","og_site_name":"MECAmaster","article_modified_time":"2022-11-21T08:58:58+00:00","og_image":[{"url":"http:\/\/www.mecamaster.com\/mm\/wp-content\/uploads\/2018\/03\/MCA3DEXP_CONCEPT-1024x605.png","type":"","width":"","height":""}],"twitter_card":"summary_large_image","twitter_misc":{"Estimated reading time":"1 minute"},"schema":{"@context":"https:\/\/schema.org","@graph":[{"@type":"WebPage","@id":"https:\/\/www.mecamaster.com\/mm\/fr\/produits-services\/","url":"https:\/\/www.mecamaster.com\/mm\/fr\/produits-services\/","name":"Produits & Services - MECAmaster","isPartOf":{"@id":"https:\/\/www.mecamaster.com\/mm\/#website"},"primaryImageOfPage":{"@id":"https:\/\/www.mecamaster.com\/mm\/fr\/produits-services\/#primaryimage"},"image":{"@id":"https:\/\/www.mecamaster.com\/mm\/fr\/produits-services\/#primaryimage"},"thumbnailUrl":"http:\/\/www.mecamaster.com\/mm\/wp-content\/uploads\/2018\/03\/MCA3DEXP_CONCEPT-1024x605.png","datePublished":"2018-03-14T15:26:36+00:00","dateModified":"2022-11-21T08:58:58+00:00","breadcrumb":{"@id":"https:\/\/www.mecamaster.com\/mm\/fr\/produits-services\/#breadcrumb"},"inLanguage":"en-GB","potentialAction":[{"@type":"ReadAction","target":["https:\/\/www.mecamaster.com\/mm\/fr\/produits-services\/"]}]},{"@type":"ImageObject","inLanguage":"en-GB","@id":"https:\/\/www.mecamaster.com\/mm\/fr\/produits-services\/#primaryimage","url":"https:\/\/www.mecamaster.com\/mm\/wp-content\/uploads\/2018\/03\/MCA3DEXP_CONCEPT.png","contentUrl":"https:\/\/www.mecamaster.com\/mm\/wp-content\/uploads\/2018\/03\/MCA3DEXP_CONCEPT.png","width":1827,"height":1079},{"@type":"BreadcrumbList","@id":"https:\/\/www.mecamaster.com\/mm\/fr\/produits-services\/#breadcrumb","itemListElement":[{"@type":"ListItem","position":1,"name":"Home","item":"https:\/\/www.mecamaster.com\/mm\/en\/home\/"},{"@type":"ListItem","position":2,"name":"Produits &#038; Services"}]},{"@type":"WebSite","@id":"https:\/\/www.mecamaster.com\/mm\/#website","url":"https:\/\/www.mecamaster.com\/mm\/","name":"MECAmaster","description":"3D Tolerances &amp; Loads","potentialAction":[{"@type":"SearchAction","target":{"@type":"EntryPoint","urlTemplate":"https:\/\/www.mecamaster.com\/mm\/?s={search_term_string}"},"query-input":{"@type":"PropertyValueSpecification","valueRequired":true,"valueName":"search_term_string"}}],"inLanguage":"en-GB"}]}},"_links":{"self":[{"href":"https:\/\/www.mecamaster.com\/mm\/wp-json\/wp\/v2\/pages\/990","targetHints":{"allow":["GET"]}}],"collection":[{"href":"https:\/\/www.mecamaster.com\/mm\/wp-json\/wp\/v2\/pages"}],"about":[{"href":"https:\/\/www.mecamaster.com\/mm\/wp-json\/wp\/v2\/types\/page"}],"author":[{"embeddable":true,"href":"https:\/\/www.mecamaster.com\/mm\/wp-json\/wp\/v2\/users\/2"}],"replies":[{"embeddable":true,"href":"https:\/\/www.mecamaster.com\/mm\/wp-json\/wp\/v2\/comments?post=990"}],"version-history":[{"count":9,"href":"https:\/\/www.mecamaster.com\/mm\/wp-json\/wp\/v2\/pages\/990\/revisions"}],"predecessor-version":[{"id":1174,"href":"https:\/\/www.mecamaster.com\/mm\/wp-json\/wp\/v2\/pages\/990\/revisions\/1174"}],"wp:attachment":[{"href":"https:\/\/www.mecamaster.com\/mm\/wp-json\/wp\/v2\/media?parent=990"}],"curies":[{"name":"wp","href":"https:\/\/api.w.org\/{rel}","templated":true}]}}